{"id":25,"date":"2020-09-01T22:07:07","date_gmt":"2020-09-01T20:07:07","guid":{"rendered":"https:\/\/noblaskolan.se\/solna\/?page_id=25"},"modified":"2026-04-10T08:48:11","modified_gmt":"2026-04-10T06:48:11","slug":"grundskola","status":"publish","type":"page","link":"https:\/\/noblaskolan.se\/solna\/om\/grundskola\/","title":{"rendered":"Grundskola"},"content":{"rendered":"\n\t\n\t\n\t\n\n\t\n\t\n\t\t\n<section  class=\"c-block l-stacked  \" data-color-scheme=\"\">\n\t<div class=\"ams-fifty ams-fifty--container ams-fifty--right ams-fifty--bottom l-container u-pt-fluid-2xl-4xl u-pb-fluid-2xl-4xl\">\n\t\t<div class=\"ams-fifty__content l-stack l-stack-xl is-left is-left@lg\">\n\t\t\t<div class=\"ams-fifty__text l-stack l-stack-lg\">\n\t\t\t\t\t\n\t<h1\n\tclass=\"c-heading u-font-title-1 \"\n\tstyle=\"\">\n\t\t\n\t\t\t\t\t\t\t\t\tNoblaskolan Solnas grundskola\n\t\t\t\t<span class=\"c-heading__sub is-below u-font-title-3\">\n\t\t\t\t\tVi erbjuder f\u00f6rskoleklass och \u00e5rskurser 1\u20139\n\t\t\t\t<\/span>\n\t\t\t\t\t\t\t\n\t<\/h1>\n\n\t\t\t\t\t\t\t\t\t<div class=\"text l-stack u-font-body\">\n\t\t\t\t\t\t<p>Noblaskolan Solna \u00e4r en friskola och hette tidigare Alfaskolan. V\u00e5r grundskola i Solna har en h\u00f6g ambitionsniv\u00e5 d\u00e4r vi vill stimulera varje elev till att g\u00f6ra det b\u00e4sta av sina f\u00f6ruts\u00e4ttningar. H\u00e4r erbjuds v\u00e5ra elever undervisning med n\u00e5gra av Sveriges b\u00e4sta l\u00e4rare och \u00e4ndam\u00e5lsenliga \u00e4mnessalar. V\u00e5r skolmilj\u00f6 \u00e4r lugn och harmonisk med akvarier p\u00e5 ett flertal st\u00e4llen och klassisk musik spelandes i entr\u00e9hallen.<\/p>\n<h3>V\u00e5r v\u00e4rdegrund p\u00e5 Noblaskolan Solna<\/h3>\n<p>V\u00e5r v\u00e4rdegrund sammanfattar allt vi tror p\u00e5 och g\u00f6r genom orden skarp hj\u00e4rna, varmt hj\u00e4rta, rena h\u00e4nder. Vi arbetar t\u00e4tt med v\u00e5r elevh\u00e4lsa och v\u00e4rdeorden genomsyrar v\u00e5r utbildning.<\/p>\n\n\t\t\t\t\t<\/div>\n\t\t\t\t\t\t\t<\/div>\n\n\t\t\t\t\t<\/div>\n\n\t\t <div class=\"ams-fifty__media u-ratio-landscape\">\n\t\t \t\t\t\t\t<img decoding=\"async\" width=\"600\" height=\"400\" src=\"https:\/\/noblaskolan.se\/wp-content\/uploads\/sites\/30\/2026\/03\/noblaskolansaltsjo-boo202504mellanstadiewebb11-600x400.jpg\" class=\"attachment-md size-md\" alt=\"Elev som sitter i skolb\u00e4nken.\" sizes=\"(min-width: 64em) 600px, calc(100vw - 160px)\" srcset=\"https:\/\/noblaskolan.se\/wp-content\/uploads\/sites\/30\/2026\/03\/noblaskolansaltsjo-boo202504mellanstadiewebb11-600x400.jpg 600w, https:\/\/noblaskolan.se\/wp-content\/uploads\/sites\/30\/2026\/03\/noblaskolansaltsjo-boo202504mellanstadiewebb11-300x200.jpg 300w, https:\/\/noblaskolan.se\/wp-content\/uploads\/sites\/30\/2026\/03\/noblaskolansaltsjo-boo202504mellanstadiewebb11-400x267.jpg 400w, https:\/\/noblaskolan.se\/wp-content\/uploads\/sites\/30\/2026\/03\/noblaskolansaltsjo-boo202504mellanstadiewebb11-800x534.jpg 800w, https:\/\/noblaskolan.se\/wp-content\/uploads\/sites\/30\/2026\/03\/noblaskolansaltsjo-boo202504mellanstadiewebb11.jpg 1000w\" \/>\n\t\t\t\n\t\t\t\n\t\t\t\t\t<\/div>\n\t<\/div>\n\n\t\t\n\n<\/section>\n\n\n\n\n<section  class=\"ams-cta ams-cta--stacked c-block l-stacked ams-border\" data-color-scheme=\"morkgron\">\n\t<div class=\"l-container-narrow l-stack l-stack-fluid-2xl u-pt-fluid-2xl-4xl u-pb-fluid-2xl-4xl is-center is-center@md\">\n\t\t\t\t\t<div class=\"ams-cta__intro l-stack l-stack-lg\">\n\t\t\t\t\t\n\t<h2\n\tclass=\"c-heading u-font-title-1 \"\n\tstyle=\"\">\n\t\t\n\t\t\t\t\tVill du s\u00f6ka till v\u00e5r skola?\n\t\t\t\t\n\t<\/h2>\n\n\t\t\t\t\t\t\t\t\t<div class=\"c-text l-stack u-cs-xl u-font-body\">\n\t\t\t\t\t\t<p>St\u00e4ll ditt barn i k\u00f6 till Noblaskolan Solna eller l\u00e4s mer om hur antagningsprocessen g\u00e5r till.<\/p>\n\n\t\t\t\t\t<\/div>\n\t\t\t\t\t\t\t<\/div>\n\t\t\n\t\t\n\t\t\t<div class=\"ams-cta__action u-inline-items\">\n\t\t\t\t\t\t\t\n\n\n<a href=\"https:\/\/noblaskolan.se\/solna\/koanmalan\/\"\n\t\n\tclass=\"c-btn \"\n\tdata-style=\"round\"\n\tdata-size=\"md\"\n\tdata-width=\"full-mobile\"\n\tdata-variant=\"default\"\n\ttarget=\"_self\">\n\t\t\t<span class=\"label\"> St\u00e4ll ditt barn i k\u00f6<\/span>\n\t\t\t<\/a>\n\t\t\t\t\t\t\t\n\n\n<a href=\"https:\/\/noblaskolan.se\/solna\/antagning\/\"\n\t\n\tclass=\"c-btn \"\n\tdata-style=\"round\"\n\tdata-size=\"md\"\n\tdata-width=\"full-mobile\"\n\tdata-variant=\"outline\"\n\ttarget=\"_self\">\n\t\t\t<span class=\"label\"> L\u00e4s mer om antagningen<\/span>\n\t\t\t<\/a>\n\t\t\t<\/div>\n\t<\/div>\n\n\t\t\n\n<\/section>\n\n\n\n\t\n\t\n\t\n\n\t\n\t\n\t\t\n<section  class=\"c-block l-stacked  \" data-color-scheme=\"ljusgron\">\n\t<div class=\"ams-fifty ams-fifty--container ams-fifty--right ams-fifty--bottom l-container u-pt-fluid-md-xl u-pb-fluid-md-xl\">\n\t\t<div class=\"ams-fifty__content l-stack l-stack-xl is-left is-left@lg\">\n\t\t\t<div class=\"ams-fifty__text l-stack l-stack-lg\">\n\t\t\t\t\t\n\t<h1\n\tclass=\"c-heading u-font-title-1 \"\n\tstyle=\"\">\n\t\t\n\t\t\t\t\t\t\t\t\tEn vanlig dag \n\t\t\t\t<span class=\"c-heading__sub is-below u-font-title-3\">\n\t\t\t\t\tP\u00e5 v\u00e5rt l\u00e5g- och mellanstadium\n\t\t\t\t<\/span>\n\t\t\t\t\t\t\t\n\t<\/h1>\n\n\t\t\t\t\t\t\t\t\t<div class=\"text l-stack u-font-body\">\n\t\t\t\t\t\t<p><strong>Trygg start p\u00e5 dagen<\/strong><span style=\"font-weight: 400;\"><br \/>\n<\/span><span style=\"font-weight: 400;\">En vanlig dag p\u00e5 v\u00e5r skola b\u00f6rjar n\u00e5gon g\u00e5ng mellan 08:15-09:00. L\u00e4raren h\u00e4lsar alla v\u00e4lkomna och g\u00e5r igenom dagens schema med hj\u00e4lp av bildst\u00f6d. P\u00e5 f\u00f6rmiddagen arbetar eleverna i olika \u00e4mnen, ibland i helklass och ibland i mindre grupper innan det \u00e4r dags f\u00f6r rast.\u00a0<\/span><\/p>\n<p><strong>Mat och \u00e5terh\u00e4mtning<\/strong><span style=\"font-weight: 400;\"><br \/>\n<\/span><span style=\"font-weight: 400;\">Efter rasten, d\u00e4r barnen leker ute, forts\u00e4tter undervisningen i andra \u00e4mnen. V\u00e5r hemlagade lunch \u00e4ts i matsalen och sedan v\u00e4ntar en l\u00e4ngre rast med aktiviteter med v\u00e5ra rastv\u00e4rdar eller fri lek. N\u00e4r skoldagen slutar g\u00e5r m\u00e5nga elever till fritids, d\u00e4r de f\u00e5r leka, pyssla och vara ute tills det \u00e4r dags att g\u00e5 hem.<\/span><\/p>\n<p><strong>Elevernas h\u00f6jdpunkter<\/strong><span style=\"font-weight: 400;\"><br \/>\n<\/span><span style=\"font-weight: 400;\">H\u00f6jdpunkten p\u00e5 dagen kan vara mycket \u2013 f\u00f6r vissa \u00e4r det rasten d\u00e5 man f\u00e5r leka med v\u00e4nner och springa av sig p\u00e5 skolg\u00e5rden. F\u00f6r andra \u00e4r det n\u00e4r klassen arbetar med n\u00e5got klurigt experiment i NO, Noblautmaningen i matematiken, skapande i bildsalen eller musik med hela klassen. M\u00e5nga tycker ocks\u00e5 att fritids \u00e4r dagens b\u00e4sta stund!<\/span><\/p>\n\n\t\t\t\t\t<\/div>\n\t\t\t\t\t\t\t<\/div>\n\n\t\t\t\t\t<\/div>\n\n\t\t <div class=\"ams-fifty__media u-ratio-square\">\n\t\t \t\t\t\t\t<img decoding=\"async\" width=\"600\" height=\"400\" src=\"https:\/\/noblaskolan.se\/wp-content\/uploads\/sites\/30\/2023\/08\/mariastadenhelsingborg2022-20272-scaled-600x400.jpg\" class=\"attachment-md size-md\" alt=\"Elev sitter och pratar med sin l\u00e4rare och klasskamrater.\" sizes=\"(min-width: 64em) 600px, calc(100vw - 160px)\" srcset=\"https:\/\/noblaskolan.se\/wp-content\/uploads\/sites\/30\/2023\/08\/mariastadenhelsingborg2022-20272-scaled-600x400.jpg 600w, https:\/\/noblaskolan.se\/wp-content\/uploads\/sites\/30\/2023\/08\/mariastadenhelsingborg2022-20272-scaled-300x200.jpg 300w, https:\/\/noblaskolan.se\/wp-content\/uploads\/sites\/30\/2023\/08\/mariastadenhelsingborg2022-20272-scaled-400x267.jpg 400w, https:\/\/noblaskolan.se\/wp-content\/uploads\/sites\/30\/2023\/08\/mariastadenhelsingborg2022-20272-scaled-800x533.jpg 800w, https:\/\/noblaskolan.se\/wp-content\/uploads\/sites\/30\/2023\/08\/mariastadenhelsingborg2022-20272-scaled-1024x683.jpg 1024w, https:\/\/noblaskolan.se\/wp-content\/uploads\/sites\/30\/2023\/08\/mariastadenhelsingborg2022-20272-scaled-1200x800.jpg 1200w\" \/>\n\t\t\t\n\t\t\t\n\t\t\t\t\t<\/div>\n\t<\/div>\n\n\t\t\n\n<\/section>\n\n\n\n\t\n\t\n\t\n\n\t\n\t\n\t\t\n<section  class=\"c-block l-stacked  \" data-color-scheme=\"ljusgron\">\n\t<div class=\"ams-fifty ams-fifty--container ams-fifty--left ams-fifty--bottom l-container u-pt-fluid-2xl-4xl u-pb-fluid-2xl-4xl\">\n\t\t<div class=\"ams-fifty__content l-stack l-stack-xl is-left is-left@lg\">\n\t\t\t<div class=\"ams-fifty__text l-stack l-stack-lg\">\n\t\t\t\t\t\n\t<h1\n\tclass=\"c-heading u-font-title-1 \"\n\tstyle=\"\">\n\t\t\n\t\t\t\t\t\t\t\t\tEn vanlig dag \n\t\t\t\t<span class=\"c-heading__sub is-below u-font-title-3\">\n\t\t\t\t\tP\u00e5 v\u00e5rt h\u00f6gstadium\n\t\t\t\t<\/span>\n\t\t\t\t\t\t\t\n\t<\/h1>\n\n\t\t\t\t\t\t\t\t\t<div class=\"text l-stack u-font-body\">\n\t\t\t\t\t\t<p><strong>Varierande undervisning<\/strong><span style=\"font-weight: 400;\"><br \/>\n<\/span><span style=\"font-weight: 400;\">En vanlig dag p\u00e5 Noblaskolans h\u00f6gstadium b\u00f6rjar n\u00e5gon g\u00e5ng vid halv nio-tiden. En g\u00e5ng i veckan har eleverna sovmorgon till halv tio. I klassrummet v\u00e4xlar man mellan olika \u00e4mnen, f\u00f6rdjupar sig i l\u00e4sning och tar sig an Noblautmaningen i b\u00e5de matematik och svenska f\u00f6r att v\u00e4xa lite extra varje dag.\u00a0<\/span><\/p>\n<p><strong>Ambition och trygghet<\/strong><span style=\"font-weight: 400;\"><br \/>\n<\/span><span style=\"font-weight: 400;\">P\u00e5 rasten samlas man i uppeh\u00e5llsrummet eller hittar p\u00e5 en egen aktivitet utomhus. P\u00e5 v\u00e5r skola pr\u00e4glas allt av akademisk ambition, men ocks\u00e5 av trygghet \u2013 f\u00f6r i varje \u00e4mne finns st\u00f6d att f\u00e5 p\u00e5 eftermiddagen och l\u00e4rare som tror p\u00e5 att du kan n\u00e5 l\u00e4ngre \u00e4n du sj\u00e4lv anar.<\/span><\/p>\n<p><strong>Gemenskap och skratt<\/strong><span style=\"font-weight: 400;\"><br \/>\n<\/span><span style=\"font-weight: 400;\">Dagens h\u00f6jdpunkt f\u00f6r eleverna p\u00e5 h\u00f6gstadiet kan vara mycket: att njuta av den goda skolmaten, att m\u00f6ta kamrater och dela skratt, eller k\u00e4nslan n\u00e4r man pl\u00f6tsligt klarar n\u00e5got man tidigare k\u00e4mpat med. Oavsett vad det \u00e4r vill vi att alla m\u00f6ter aktiviteter och m\u00e4nniskor som st\u00e4rker sj\u00e4lvf\u00f6rtroendet och g\u00f6r skoldagen lite l\u00e4ttare att ta sig an.<\/span><\/p>\n\n\t\t\t\t\t<\/div>\n\t\t\t\t\t\t\t<\/div>\n\n\t\t\t\t\t<\/div>\n\n\t\t <div class=\"ams-fifty__media u-ratio-square\">\n\t\t \t\t\t\t\t<img decoding=\"async\" width=\"600\" height=\"450\" src=\"https:\/\/noblaskolan.se\/wp-content\/uploads\/sites\/30\/2026\/01\/img8589-1-600x450.jpg\" class=\"attachment-md size-md\" alt=\"Skolbyggnaden utifr\u00e5n med skolg\u00e5rden\" sizes=\"(min-width: 64em) 600px, calc(100vw - 160px)\" srcset=\"https:\/\/noblaskolan.se\/wp-content\/uploads\/sites\/30\/2026\/01\/img8589-1-600x450.jpg 600w, https:\/\/noblaskolan.se\/wp-content\/uploads\/sites\/30\/2026\/01\/img8589-1-300x225.jpg 300w, https:\/\/noblaskolan.se\/wp-content\/uploads\/sites\/30\/2026\/01\/img8589-1-400x300.jpg 400w, https:\/\/noblaskolan.se\/wp-content\/uploads\/sites\/30\/2026\/01\/img8589-1-800x600.jpg 800w, https:\/\/noblaskolan.se\/wp-content\/uploads\/sites\/30\/2026\/01\/img8589-1-1024x768.jpg 1024w, https:\/\/noblaskolan.se\/wp-content\/uploads\/sites\/30\/2026\/01\/img8589-1-1200x900.jpg 1200w, https:\/\/noblaskolan.se\/wp-content\/uploads\/sites\/30\/2026\/01\/img8589-1-768x576.jpg 768w\" \/>\n\t\t\t\n\t\t\t\n\t\t\t\t\t<\/div>\n\t<\/div>\n\n\t\t\n\n<\/section>\n\n\n\n<div style=\"height:81px\" aria-hidden=\"true\" class=\"wp-block-spacer\"><\/div>\n\n\n\n\t\n\t\n\t\n\n\t\n\t\n\t\t\n<section  class=\"c-block l-stacked  \" data-color-scheme=\"transparent\">\n\t<div class=\"ams-fifty ams-fifty--container ams-fifty--left ams-fifty--bottom l-container u-pt-fluid-None u-pb-fluid-2xl-4xl\">\n\t\t<div class=\"ams-fifty__content l-stack l-stack-xl is-left is-left@lg\">\n\t\t\t<div class=\"ams-fifty__text l-stack l-stack-lg\">\n\t\t\t\t\t\n\t<h2\n\tclass=\"c-heading u-font-title-2 \"\n\tstyle=\"\">\n\t\t\n\t\t\t\t\tSkarp hj\u00e4rna: grundskolans undervisning\n\t\t\t\t\n\t<\/h2>\n\n\t\t\t\t\t\t\t\t\t<div class=\"text l-stack u-font-body\">\n\t\t\t\t\t\t<p>I v\u00e5ra elever finns allt som kr\u00e4vs f\u00f6r att lyckas. V\u00e5r uppgift \u00e4r att locka fram det. Det g\u00f6r vi genom att utmana, st\u00f6tta och st\u00e4lla krav \u2013 b\u00e5de p\u00e5 v\u00e5ra elever och l\u00e4rare. All undervisning genomf\u00f6rs med tydliga m\u00e5l och syften samt med ett tydligt ledarskap. Det \u00e4r viktigt f\u00f6r oss att v\u00e5ra elever f\u00e5r utmaningar och stimulans p\u00e5 sin niv\u00e5, \u00e4ven h\u00f6gpresterande och s\u00e4rbeg\u00e5vade elever. Vi p\u00e5 Noblaskolan Solna finns f\u00f6r att vi vill ge v\u00e5ra elever de b\u00e4sta t\u00e4nkbara f\u00f6ruts\u00e4ttningarna f\u00f6r akademisk utveckling.<\/p>\n<h2>Varmt hj\u00e4rta: l\u00e4rare och elever p\u00e5 Noblaskolan<\/h2>\n<p>V\u00e5r skola \u00e4r en del av <a href=\"https:\/\/noblaskolan.se\/solna\/om\/en-del-av-academedia\/\">AcadeMedia skolor<\/a>, som grundas och genomsyras av omtanke, respekt och empati. Goda relationer \u00e4r n\u00e5got vi prioriterar och det \u00e4r en sj\u00e4lvklarhet f\u00f6r oss att alltid ta oss tid f\u00f6r v\u00e5ra elever och dig som f\u00f6r\u00e4lder p\u00e5 Noblaskolan Solna. Vi anser att det \u00e4r allas ansvar att efterleva v\u00e5ra v\u00e4rderingar och tillsammans forma v\u00e5ra barn och elever till ansvarstagande samh\u00e4llsmedborgare. P\u00e5 v\u00e5r skola s\u00e4tter vi tydliga gr\u00e4nser och vi tror att ordning och reda \u00e4r en f\u00f6ruts\u00e4ttning f\u00f6r kreativitet.<\/p>\n\n\t\t\t\t\t<\/div>\n\t\t\t\t\t\t\t<\/div>\n\n\t\t\t\t\t<\/div>\n\n\t\t <div class=\"ams-fifty__media u-ratio-square\">\n\t\t \t\t\t\t\t<img decoding=\"async\" width=\"600\" height=\"400\" src=\"https:\/\/noblaskolan.se\/wp-content\/uploads\/sites\/30\/2023\/08\/mariastadenhelsingborg2022-20272-1-scaled-600x400.jpg\" class=\"attachment-md size-md\" alt=\"Elev som st\u00e5r framme vid tavlan och l\u00f6ser ett matteproblem.\" sizes=\"(min-width: 64em) 600px, calc(100vw - 160px)\" srcset=\"https:\/\/noblaskolan.se\/wp-content\/uploads\/sites\/30\/2023\/08\/mariastadenhelsingborg2022-20272-1-scaled-600x400.jpg 600w, https:\/\/noblaskolan.se\/wp-content\/uploads\/sites\/30\/2023\/08\/mariastadenhelsingborg2022-20272-1-scaled-300x200.jpg 300w, https:\/\/noblaskolan.se\/wp-content\/uploads\/sites\/30\/2023\/08\/mariastadenhelsingborg2022-20272-1-scaled-400x267.jpg 400w, https:\/\/noblaskolan.se\/wp-content\/uploads\/sites\/30\/2023\/08\/mariastadenhelsingborg2022-20272-1-scaled-800x533.jpg 800w, https:\/\/noblaskolan.se\/wp-content\/uploads\/sites\/30\/2023\/08\/mariastadenhelsingborg2022-20272-1-scaled-1024x683.jpg 1024w, https:\/\/noblaskolan.se\/wp-content\/uploads\/sites\/30\/2023\/08\/mariastadenhelsingborg2022-20272-1-scaled-1200x800.jpg 1200w\" \/>\n\t\t\t\n\t\t\t\n\t\t\t\t\t<\/div>\n\t<\/div>\n\n\t\t\n\n<\/section>\n\n\n\n\t\n\t\n\t\n\n\t\n\t\n\t\t\n<section  class=\"c-block l-stacked  \" data-color-scheme=\"transparent\">\n\t<div class=\"ams-fifty ams-fifty--container ams-fifty--right ams-fifty--bottom l-container u-pt-fluid-2xl-4xl u-pb-fluid-2xl-4xl\">\n\t\t<div class=\"ams-fifty__content l-stack l-stack-xl is-left is-left@lg\">\n\t\t\t<div class=\"ams-fifty__text l-stack l-stack-lg\">\n\t\t\t\t\t\n\t<h2\n\tclass=\"c-heading u-font-title-2 \"\n\tstyle=\"\">\n\t\t\n\t\t\t\t\tRena h\u00e4nder: v\u00e5r plan mot diskriminering\n\t\t\t\t\n\t<\/h2>\n\n\t\t\t\t\t\t\t\t\t<div class=\"text l-stack u-font-body\">\n\t\t\t\t\t\t<p>P\u00e5 Noblaskolan Solna f\u00f6rv\u00e4ntar vi oss att alla tar ett moraliskt ansvar. V\u00e5r personal agerar som goda f\u00f6rebilder och bem\u00f6ter kompromissl\u00f6st elever med respekt, vilket fr\u00e4mjar l\u00e4rande och emotionell utveckling. Vi tar avst\u00e5nd fr\u00e5n alla former av kr\u00e4nkande behandling och agerar kraftfullt om s\u00e5dant skulle \u00e4ga rum. V\u00e5r plan mot diskriminering och kr\u00e4nkande behandling beskriver b\u00e5de hur vi arbetar f\u00f6rebyggande och hur vi agerar om n\u00e5gon form av kr\u00e4nkning skulle uppst\u00e5.<\/p>\n<h3>Vi \u00e4r en avgiftsfri skola<\/h3>\n<p>Noblaskolan Solna \u00e4r en friskola utan avgift f\u00f6r att alla barn har r\u00e4tt att g\u00e5 i en kvalitativ svensk skola. Vill du ans\u00f6ka till oss \u00e4r det bra att st\u00e4lla ditt barn i k\u00f6 tidigt, d\u00e5 vi \u00e4r en popul\u00e4r skola. L\u00e4s om v\u00e5ra antagningsrutiner <a href=\"https:\/\/noblaskolan.se\/solna\/antagning\/\">h\u00e4r<\/a>.<\/p>\n\n\t\t\t\t\t<\/div>\n\t\t\t\t\t\t\t<\/div>\n\n\t\t\t\t\t<\/div>\n\n\t\t <div class=\"ams-fifty__media u-ratio-square\">\n\t\t \t\t\t\t\t<img decoding=\"async\" width=\"600\" height=\"400\" src=\"https:\/\/noblaskolan.se\/wp-content\/uploads\/sites\/30\/2023\/08\/mariastadenhelsingborg2022-2027-1-scaled-600x400.jpg\" class=\"attachment-md size-md\" alt=\"L\u00e4rare st\u00e5r och pratar framf\u00f6r klassen.\" sizes=\"(min-width: 64em) 600px, calc(100vw - 160px)\" srcset=\"https:\/\/noblaskolan.se\/wp-content\/uploads\/sites\/30\/2023\/08\/mariastadenhelsingborg2022-2027-1-scaled-600x400.jpg 600w, https:\/\/noblaskolan.se\/wp-content\/uploads\/sites\/30\/2023\/08\/mariastadenhelsingborg2022-2027-1-scaled-300x200.jpg 300w, https:\/\/noblaskolan.se\/wp-content\/uploads\/sites\/30\/2023\/08\/mariastadenhelsingborg2022-2027-1-scaled-400x267.jpg 400w, https:\/\/noblaskolan.se\/wp-content\/uploads\/sites\/30\/2023\/08\/mariastadenhelsingborg2022-2027-1-scaled-800x533.jpg 800w, https:\/\/noblaskolan.se\/wp-content\/uploads\/sites\/30\/2023\/08\/mariastadenhelsingborg2022-2027-1-scaled-1024x683.jpg 1024w, https:\/\/noblaskolan.se\/wp-content\/uploads\/sites\/30\/2023\/08\/mariastadenhelsingborg2022-2027-1-scaled-1200x800.jpg 1200w\" \/>\n\t\t\t\n\t\t\t\n\t\t\t\t\t<\/div>\n\t<\/div>\n\n\t\t\n\n<\/section>\n\n\n\n\n<section  class=\"ams-cta ams-cta--stacked c-block l-stacked\" data-color-scheme=\"ljusgron\">\n\t<div class=\"l-container l-stack l-stack-fluid-2xl u-pt-fluid-3xl-6xl u-pb-fluid-3xl-6xl is-center is-center@md\">\n\t\t\t\t\t<div class=\"ams-cta__intro l-stack l-stack-lg\">\n\t\t\t\t\t\n\t<h2\n\tclass=\"c-heading u-font-title-1 \"\n\tstyle=\"\">\n\t\t\n\t\t\t\t\tVill du veta mer om Noblaskolan Solna?\n\t\t\t\t\n\t<\/h2>\n\n\t\t\t\t\t\t\t<\/div>\n\t\t\n\t\t\n\t\t\t<div class=\"ams-cta__action u-inline-items\">\n\t\t\t\t\t\t\t\n\n\n<a href=\"https:\/\/noblaskolan.se\/solna\/om\/\"\n\t\n\tclass=\"c-btn \"\n\tdata-style=\"round\"\n\tdata-size=\"md\"\n\tdata-width=\"full-mobile\"\n\tdata-variant=\"default\"\n\ttarget=\"_self\">\n\t\t\t<span class=\"label\"> L\u00e4s mer<\/span>\n\t\t\t<\/a>\n\t\t\t\t\t\t\t\n\n\n<a href=\"https:\/\/noblaskolan.se\/solna\/besok\/\"\n\t\n\tclass=\"c-btn \"\n\tdata-style=\"round\"\n\tdata-size=\"md\"\n\tdata-width=\"full-mobile\"\n\tdata-variant=\"outline\"\n\ttarget=\"_self\">\n\t\t\t<span class=\"label\"> Bes\u00f6k oss<\/span>\n\t\t\t<\/a>\n\t\t\t<\/div>\n\t<\/div>\n\n\t\t\n\n<\/section>\n\n\n<div   id=\"page-relative-menu\" class=\"site__font-monospace   container_width--full_width_conIcon   d-lg-none  \">\n\n\t\t\t\n<\/div>\n","protected":false},"excerpt":{"rendered":"","protected":false},"author":1,"featured_media":0,"parent":20,"menu_order":0,"comment_status":"closed","ping_status":"closed","template":"","meta":{"footnotes":""},"yoast_head":"<!-- This site is optimized with the Yoast SEO plugin v22.0 - https:\/\/yoast.com\/wordpress\/plugins\/seo\/ -->\n<title>Grundskola i Solna med f\u00f6rskoleklass-\u00e5k 9 |\u00a0Noblaskolan Solna<\/title>\n<meta name=\"description\" content=\"P\u00e5 grundskolan Noblaskolan Solna g\u00e5r elever fr\u00e5n f\u00f6rskoleklass till \u00e5rskurs 9. L\u00e4s om l\u00e4roplanen och v\u00e5r undervisning.\" \/>\n<meta name=\"robots\" content=\"index, follow, max-snippet:-1, max-image-preview:large, max-video-preview:-1\" \/>\n<link rel=\"canonical\" href=\"https:\/\/noblaskolan.se\/solna\/om\/grundskola\/\" \/>\n<meta property=\"og:locale\" content=\"sv_SE\" \/>\n<meta property=\"og:type\" content=\"article\" \/>\n<meta property=\"og:title\" content=\"Grundskola i Solna med f\u00f6rskoleklass-\u00e5k 9 |\u00a0Noblaskolan Solna\" \/>\n<meta property=\"og:description\" content=\"P\u00e5 grundskolan Noblaskolan Solna g\u00e5r elever fr\u00e5n f\u00f6rskoleklass till \u00e5rskurs 9. L\u00e4s om l\u00e4roplanen och v\u00e5r undervisning.\" \/>\n<meta property=\"og:url\" content=\"https:\/\/noblaskolan.se\/solna\/om\/grundskola\/\" \/>\n<meta property=\"og:site_name\" content=\"Solna\" \/>\n<meta property=\"article:modified_time\" content=\"2026-04-10T06:48:11+00:00\" \/>\n<meta name=\"twitter:card\" content=\"summary_large_image\" \/>\n<meta name=\"twitter:title\" content=\"Grundskola i Solna med f\u00f6rskoleklass-\u00e5k 9 |\u00a0Noblaskolan Solna\" \/>\n<meta name=\"twitter:description\" content=\"P\u00e5 grundskolan Noblaskolan Solna g\u00e5r elever fr\u00e5n f\u00f6rskoleklass till \u00e5rskurs 9. L\u00e4s om l\u00e4roplanen och v\u00e5r undervisning.\" \/>\n<meta name=\"twitter:label1\" content=\"Ber\u00e4knad l\u00e4stid\" \/>\n\t<meta name=\"twitter:data1\" content=\"6 minuter\" \/>\n<script type=\"application\/ld+json\" class=\"yoast-schema-graph\">{\"@context\":\"https:\/\/schema.org\",\"@graph\":[{\"@type\":\"WebPage\",\"@id\":\"https:\/\/noblaskolan.se\/solna\/om\/grundskola\/\",\"url\":\"https:\/\/noblaskolan.se\/solna\/om\/grundskola\/\",\"name\":\"Grundskola i Solna med f\u00f6rskoleklass-\u00e5k 9 |\u00a0Noblaskolan Solna\",\"isPartOf\":{\"@id\":\"https:\/\/noblaskolan.se\/solna\/#website\"},\"datePublished\":\"2020-09-01T20:07:07+00:00\",\"dateModified\":\"2026-04-10T06:48:11+00:00\",\"description\":\"P\u00e5 grundskolan Noblaskolan Solna g\u00e5r elever fr\u00e5n f\u00f6rskoleklass till \u00e5rskurs 9. L\u00e4s om l\u00e4roplanen och v\u00e5r undervisning.\",\"breadcrumb\":{\"@id\":\"https:\/\/noblaskolan.se\/solna\/om\/grundskola\/#breadcrumb\"},\"inLanguage\":\"sv-SE\",\"potentialAction\":[{\"@type\":\"ReadAction\",\"target\":[\"https:\/\/noblaskolan.se\/solna\/om\/grundskola\/\"]}]},{\"@type\":\"BreadcrumbList\",\"@id\":\"https:\/\/noblaskolan.se\/solna\/om\/grundskola\/#breadcrumb\",\"itemListElement\":[{\"@type\":\"ListItem\",\"position\":1,\"name\":\"Start\",\"item\":\"https:\/\/noblaskolan.se\/solna\/\"},{\"@type\":\"ListItem\",\"position\":2,\"name\":\"Om skolan\",\"item\":\"https:\/\/noblaskolan.se\/solna\/om\/\"},{\"@type\":\"ListItem\",\"position\":3,\"name\":\"Grundskola\"}]},{\"@type\":\"WebSite\",\"@id\":\"https:\/\/noblaskolan.se\/solna\/#website\",\"url\":\"https:\/\/noblaskolan.se\/solna\/\",\"name\":\"Solna\",\"description\":\"Noblaskolan Solna\",\"potentialAction\":[{\"@type\":\"SearchAction\",\"target\":{\"@type\":\"EntryPoint\",\"urlTemplate\":\"https:\/\/noblaskolan.se\/solna\/?s={search_term_string}\"},\"query-input\":\"required name=search_term_string\"}],\"inLanguage\":\"sv-SE\"}]}<\/script>\n<!-- \/ Yoast SEO plugin. -->","yoast_head_json":{"title":"Grundskola i Solna med f\u00f6rskoleklass-\u00e5k 9 |\u00a0Noblaskolan Solna","description":"P\u00e5 grundskolan Noblaskolan Solna g\u00e5r elever fr\u00e5n f\u00f6rskoleklass till \u00e5rskurs 9. L\u00e4s om l\u00e4roplanen och v\u00e5r undervisning.","robots":{"index":"index","follow":"follow","max-snippet":"max-snippet:-1","max-image-preview":"max-image-preview:large","max-video-preview":"max-video-preview:-1"},"canonical":"https:\/\/noblaskolan.se\/solna\/om\/grundskola\/","og_locale":"sv_SE","og_type":"article","og_title":"Grundskola i Solna med f\u00f6rskoleklass-\u00e5k 9 |\u00a0Noblaskolan Solna","og_description":"P\u00e5 grundskolan Noblaskolan Solna g\u00e5r elever fr\u00e5n f\u00f6rskoleklass till \u00e5rskurs 9. L\u00e4s om l\u00e4roplanen och v\u00e5r undervisning.","og_url":"https:\/\/noblaskolan.se\/solna\/om\/grundskola\/","og_site_name":"Solna","article_modified_time":"2026-04-10T06:48:11+00:00","twitter_card":"summary_large_image","twitter_title":"Grundskola i Solna med f\u00f6rskoleklass-\u00e5k 9 |\u00a0Noblaskolan Solna","twitter_description":"P\u00e5 grundskolan Noblaskolan Solna g\u00e5r elever fr\u00e5n f\u00f6rskoleklass till \u00e5rskurs 9. L\u00e4s om l\u00e4roplanen och v\u00e5r undervisning.","twitter_misc":{"Ber\u00e4knad l\u00e4stid":"6 minuter"},"schema":{"@context":"https:\/\/schema.org","@graph":[{"@type":"WebPage","@id":"https:\/\/noblaskolan.se\/solna\/om\/grundskola\/","url":"https:\/\/noblaskolan.se\/solna\/om\/grundskola\/","name":"Grundskola i Solna med f\u00f6rskoleklass-\u00e5k 9 |\u00a0Noblaskolan Solna","isPartOf":{"@id":"https:\/\/noblaskolan.se\/solna\/#website"},"datePublished":"2020-09-01T20:07:07+00:00","dateModified":"2026-04-10T06:48:11+00:00","description":"P\u00e5 grundskolan Noblaskolan Solna g\u00e5r elever fr\u00e5n f\u00f6rskoleklass till \u00e5rskurs 9. L\u00e4s om l\u00e4roplanen och v\u00e5r undervisning.","breadcrumb":{"@id":"https:\/\/noblaskolan.se\/solna\/om\/grundskola\/#breadcrumb"},"inLanguage":"sv-SE","potentialAction":[{"@type":"ReadAction","target":["https:\/\/noblaskolan.se\/solna\/om\/grundskola\/"]}]},{"@type":"BreadcrumbList","@id":"https:\/\/noblaskolan.se\/solna\/om\/grundskola\/#breadcrumb","itemListElement":[{"@type":"ListItem","position":1,"name":"Start","item":"https:\/\/noblaskolan.se\/solna\/"},{"@type":"ListItem","position":2,"name":"Om skolan","item":"https:\/\/noblaskolan.se\/solna\/om\/"},{"@type":"ListItem","position":3,"name":"Grundskola"}]},{"@type":"WebSite","@id":"https:\/\/noblaskolan.se\/solna\/#website","url":"https:\/\/noblaskolan.se\/solna\/","name":"Solna","description":"Noblaskolan Solna","potentialAction":[{"@type":"SearchAction","target":{"@type":"EntryPoint","urlTemplate":"https:\/\/noblaskolan.se\/solna\/?s={search_term_string}"},"query-input":"required name=search_term_string"}],"inLanguage":"sv-SE"}]}},"_links":{"self":[{"href":"https:\/\/noblaskolan.se\/solna\/wp-json\/wp\/v2\/pages\/25"}],"collection":[{"href":"https:\/\/noblaskolan.se\/solna\/wp-json\/wp\/v2\/pages"}],"about":[{"href":"https:\/\/noblaskolan.se\/solna\/wp-json\/wp\/v2\/types\/page"}],"author":[{"embeddable":true,"href":"https:\/\/noblaskolan.se\/solna\/wp-json\/wp\/v2\/users\/1"}],"replies":[{"embeddable":true,"href":"https:\/\/noblaskolan.se\/solna\/wp-json\/wp\/v2\/comments?post=25"}],"version-history":[{"count":9,"href":"https:\/\/noblaskolan.se\/solna\/wp-json\/wp\/v2\/pages\/25\/revisions"}],"predecessor-version":[{"id":2222,"href":"https:\/\/noblaskolan.se\/solna\/wp-json\/wp\/v2\/pages\/25\/revisions\/2222"}],"up":[{"embeddable":true,"href":"https:\/\/noblaskolan.se\/solna\/wp-json\/wp\/v2\/pages\/20"}],"wp:attachment":[{"href":"https:\/\/noblaskolan.se\/solna\/wp-json\/wp\/v2\/media?parent=25"}],"curies":[{"name":"wp","href":"https:\/\/api.w.org\/{rel}","templated":true}]}}