{"id":34,"date":"2020-09-01T22:08:40","date_gmt":"2020-09-01T20:08:40","guid":{"rendered":"https:\/\/noblaskolan.se\/ronninge\/?page_id=34"},"modified":"2026-03-24T12:39:59","modified_gmt":"2026-03-24T11:39:59","slug":"skolmat","status":"publish","type":"page","link":"https:\/\/noblaskolan.se\/ronninge\/om\/skolmat\/","title":{"rendered":"V\u00e5r mat"},"content":{"rendered":"\n<div class=\"wp-block-columns is-layout-flex wp-container-core-columns-layout-1 wp-block-columns-is-layout-flex\">\n<div class=\"wp-block-column is-layout-flow wp-block-column-is-layout-flow\" style=\"flex-basis:100%\">\n<h1 class=\"wp-block-heading\">Maten p\u00e5 Noblaskolan R\u00f6nninge<\/h1>\n\n\n\n<p   class=\"site__ingress container text-left  site__text-color--dark  site__free_text--ingress p-0\">\n\tMed en egen kock och mat som tillagas fr\u00e5n grunden \u00e4r vi p\u00e5 Noblaskolan stolta \u00f6ver att varje dag f\u00e5 servera god och n\u00e4ringsriktig mat till v\u00e5ra elever.<\/p>\n\n\n\n\n\n<h2 class=\"wp-block-heading\">Vikten av bra skolmat<\/h2>\n\n\n\n<p>P\u00e5 Noblaskolan R\u00f6nninge vet vi att bra matvanor \u00e4r en f\u00f6ruts\u00e4ttning f\u00f6r att varje elev ska m\u00e5 bra, utvecklas och orka g\u00e5 i skolan. Elever som \u00e4ter en bra lunch orkar koncentrera sig under lektionerna och har d\u00e4rf\u00f6r b\u00e4ttre f\u00f6ruts\u00e4ttningar att prestera i skolan.<\/p>\n\n\n\n<h3 class=\"wp-block-heading\">Hembakat br\u00f6d och s\u00e4songsanpassade r\u00e5varor i skolans egna k\u00f6k<\/h3>\n\n\n\n<p>P\u00e5 Noblaskolan R\u00f6nninge har vi ett eget tillagningsk\u00f6k med egen kock och k\u00f6ksbitr\u00e4de. I k\u00f6ket tillagas maten fr\u00e5n grunden och vi ser till att undvika halvfabrikat, on\u00f6diga tillsatser och socker i maten. Vi l\u00e4gger stor vikt vid KRAV-m\u00e4rkning samt s\u00e4songsanpassade och n\u00e4rproducerade r\u00e5varor.<\/p>\n\n\n\n<p>Varje dag serveras en frukostbuff\u00e9, lunch med stor salladsbuff\u00e9 och soppa samt varierade mellanm\u00e5l. Vi bakar dessutom allt br\u00f6d sj\u00e4lva.<\/p>\n\n\n\n<p>V\u00e5r k\u00f6kspersonal jobbar f\u00f6r att utmana eleverna att pr\u00f6va nya smaker. Vi g\u00f6r ofta n\u00e5got extra vid stora h\u00f6gtider som jul, p\u00e5sk, midsommar och Nobeldagen. I v\u00e5r fina matsal jobbar vi aktivt f\u00f6r att skapa en lugn trevlig och v\u00e4lkomnande milj\u00f6.<\/p>\n\n\n\n<h3 class=\"wp-block-heading\">Matsedel och specialkost<\/h3>\n\n\n\n<p>Du som \u00e4r elev p\u00e5 skolan hittar veckans matsedel i SchoolSoft. H\u00e4r kan du \u00e4ven anm\u00e4la specialkost.<\/p>\n\n\n\n<p><\/p>\n\n\n\n<p><img decoding=\"async\" class=\"wp-image-716\" style=\"width: 150px;\" src=\"https:\/\/vittra.se\/wp-content\/uploads\/sites\/23\/2021\/09\/eu-logo-skolmjolk.jpeg\" alt=\"\"><\/p>\n<\/div>\n<\/div>\n\n\n\t<div\n\t\t class=\"container images-module\" >\n\t\t<div class=\"row\">\n\t\t\t<div\n\t\t\t\t\tclass=\"col-12 p-0 position-relative images_module__slideshow images_module__slideshow-container \">\n\t\t\t\t<div class=\"images_module__slide\" data-slide=\"\"\n\t\t\t\t\t data-duration=\"\"><\/div>\n\t\t\t\t\t\t\t\t\t<div\n\t\t\t\t\t\t class=\"images_module__slides \">\n\n\n\t\t\t\t\t\t<div class=\"images__wrapper\" style=\"aspect-ratio: 1200 \/ 531;\">\n\t\t\t\t\t\t\t<img decoding=\"async\" width=\"2560\" height=\"1707\" src=\"https:\/\/noblaskolan.se\/wp-content\/uploads\/sites\/27\/2024\/01\/noblaskolan-skolmat-ronninge-202304-scaled.jpg\" class=\"images__image_ratio  \" alt=\"Noblaskolans kock st\u00e5r i k\u00f6ket och sk\u00e4r br\u00f6d, ler in i kameran.\" style=\"aspect-ratio: 1200 \/ 531;object-position: center top;\" srcset=\"https:\/\/noblaskolan.se\/wp-content\/uploads\/sites\/27\/2024\/01\/noblaskolan-skolmat-ronninge-202304-scaled.jpg 2560w, https:\/\/noblaskolan.se\/wp-content\/uploads\/sites\/27\/2024\/01\/noblaskolan-skolmat-ronninge-202304-scaled-300x200.jpg 300w, https:\/\/noblaskolan.se\/wp-content\/uploads\/sites\/27\/2024\/01\/noblaskolan-skolmat-ronninge-202304-scaled-400x267.jpg 400w, https:\/\/noblaskolan.se\/wp-content\/uploads\/sites\/27\/2024\/01\/noblaskolan-skolmat-ronninge-202304-scaled-600x400.jpg 600w, https:\/\/noblaskolan.se\/wp-content\/uploads\/sites\/27\/2024\/01\/noblaskolan-skolmat-ronninge-202304-scaled-800x533.jpg 800w, https:\/\/noblaskolan.se\/wp-content\/uploads\/sites\/27\/2024\/01\/noblaskolan-skolmat-ronninge-202304-scaled-1024x683.jpg 1024w, https:\/\/noblaskolan.se\/wp-content\/uploads\/sites\/27\/2024\/01\/noblaskolan-skolmat-ronninge-202304-scaled-1200x800.jpg 1200w\" sizes=\"(max-width: 2560px) 100vw, 2560px\" \/>\t\t\t\t\t\t<\/div>\n\n\t\t\t\t\t\t\n\n\t\t\t\t\t\t\t\t\t\t\t<\/div>\n\t\t\t\t\n\t\t\t\t<div class=\"images_module__container_dot\">\n\t\t\t\t\t<div style=\"text-align:center\">\n\t\t\t\t\t\t\t\t\t\t\t\t\t<span   data-i=\"0\"\n\t\t\t\t\t\t\t\t  class=\"\n\t\t\t\t\t\t\timages_module__dot\n\t\t\t\t\t\t\t\t\t\t\t\t\t\t\"\n\t\t\t\t\t\t\t><\/span>\n\t\t\t\t\t\t\t\t\t\t\t<\/div>\n\t\t\t\t<\/div>\n\n\t\t\t<\/div>\n\t\t<\/div>\n\t<\/div>\n\t\n\n\n<script>\n\tvar images_display_descriptive_text = \"\";\n<\/script>\n\n\n<div   id=\"page-relative-menu\" class=\"site__font-monospace   container_width--full_width_conIcon   d-lg-none  \">\n\n\t\t\t\n<\/div>\n","protected":false},"excerpt":{"rendered":"<p>Maten p\u00e5 Noblaskolan R\u00f6nninge Vikten av bra skolmat P\u00e5 Noblaskolan R\u00f6nninge vet vi att bra matvanor \u00e4r en f\u00f6ruts\u00e4ttning f\u00f6r att varje elev ska m\u00e5 bra, utvecklas och orka g\u00e5 i skolan. Elever som \u00e4ter en bra lunch orkar koncentrera sig under lektionerna och har d\u00e4rf\u00f6r b\u00e4ttre f\u00f6ruts\u00e4ttningar att prestera i skolan. Hembakat br\u00f6d och&#8230;<\/p>\n","protected":false},"author":1,"featured_media":0,"parent":20,"menu_order":0,"comment_status":"closed","ping_status":"closed","template":"","meta":{"footnotes":""},"yoast_head":"<!-- This site is optimized with the Yoast SEO plugin v22.0 - https:\/\/yoast.com\/wordpress\/plugins\/seo\/ -->\n<title>V\u00e5r mat | R\u00f6nninge<\/title>\n<meta name=\"description\" content=\"L\u00e4s om skolmaten p\u00e5 Noblaskolan R\u00f6nninge. Maten lagas av egen kock fr\u00e5n grunden i v\u00e5rt k\u00f6k. P\u00e5 Schoolsoft finns veckans matsedel och anm\u00e4lan f\u00f6r specialkost.\" \/>\n<meta name=\"robots\" content=\"index, follow, max-snippet:-1, max-image-preview:large, max-video-preview:-1\" \/>\n<link rel=\"canonical\" href=\"https:\/\/noblaskolan.se\/ronninge\/om\/skolmat\/\" \/>\n<meta property=\"og:locale\" content=\"sv_SE\" \/>\n<meta property=\"og:type\" content=\"article\" \/>\n<meta property=\"og:title\" content=\"V\u00e5r mat | R\u00f6nninge\" \/>\n<meta property=\"og:description\" content=\"L\u00e4s om skolmaten p\u00e5 Noblaskolan R\u00f6nninge. Maten lagas av egen kock fr\u00e5n grunden i v\u00e5rt k\u00f6k. P\u00e5 Schoolsoft finns veckans matsedel och anm\u00e4lan f\u00f6r specialkost.\" \/>\n<meta property=\"og:url\" content=\"https:\/\/noblaskolan.se\/ronninge\/om\/skolmat\/\" \/>\n<meta property=\"og:site_name\" content=\"R\u00f6nninge\" \/>\n<meta property=\"article:modified_time\" content=\"2026-03-24T11:39:59+00:00\" \/>\n<meta property=\"og:image\" content=\"https:\/\/noblaskolan.se\/wp-content\/uploads\/sites\/27\/2024\/01\/noblaskolan-skolmat-ronninge-202304-scaled-1200x630.jpg\" \/>\n<meta name=\"twitter:card\" content=\"summary_large_image\" \/>\n<meta name=\"twitter:title\" content=\"V\u00e5r mat | R\u00f6nninge\" \/>\n<meta name=\"twitter:description\" content=\"L\u00e4s om skolmaten p\u00e5 Noblaskolan R\u00f6nninge. Maten lagas av egen kock fr\u00e5n grunden i v\u00e5rt k\u00f6k. P\u00e5 Schoolsoft finns veckans matsedel och anm\u00e4lan f\u00f6r specialkost.\" \/>\n<meta name=\"twitter:image\" content=\"https:\/\/noblaskolan.se\/wp-content\/uploads\/sites\/27\/2024\/01\/noblaskolan-skolmat-ronninge-202304-scaled-1200x630.jpg\" \/>\n<meta name=\"twitter:label1\" content=\"Ber\u00e4knad l\u00e4stid\" \/>\n\t<meta name=\"twitter:data1\" content=\"2 minuter\" \/>\n<script type=\"application\/ld+json\" class=\"yoast-schema-graph\">{\"@context\":\"https:\/\/schema.org\",\"@graph\":[{\"@type\":\"WebPage\",\"@id\":\"https:\/\/noblaskolan.se\/ronninge\/om\/skolmat\/\",\"url\":\"https:\/\/noblaskolan.se\/ronninge\/om\/skolmat\/\",\"name\":\"V\u00e5r mat | R\u00f6nninge\",\"isPartOf\":{\"@id\":\"https:\/\/noblaskolan.se\/ronninge\/#website\"},\"datePublished\":\"2020-09-01T20:08:40+00:00\",\"dateModified\":\"2026-03-24T11:39:59+00:00\",\"description\":\"L\u00e4s om skolmaten p\u00e5 Noblaskolan R\u00f6nninge. Maten lagas av egen kock fr\u00e5n grunden i v\u00e5rt k\u00f6k. P\u00e5 Schoolsoft finns veckans matsedel och anm\u00e4lan f\u00f6r specialkost.\",\"breadcrumb\":{\"@id\":\"https:\/\/noblaskolan.se\/ronninge\/om\/skolmat\/#breadcrumb\"},\"inLanguage\":\"sv-SE\",\"potentialAction\":[{\"@type\":\"ReadAction\",\"target\":[\"https:\/\/noblaskolan.se\/ronninge\/om\/skolmat\/\"]}]},{\"@type\":\"BreadcrumbList\",\"@id\":\"https:\/\/noblaskolan.se\/ronninge\/om\/skolmat\/#breadcrumb\",\"itemListElement\":[{\"@type\":\"ListItem\",\"position\":1,\"name\":\"Start\",\"item\":\"https:\/\/noblaskolan.se\/ronninge\/\"},{\"@type\":\"ListItem\",\"position\":2,\"name\":\"Om skolan\",\"item\":\"https:\/\/noblaskolan.se\/ronninge\/om\/\"},{\"@type\":\"ListItem\",\"position\":3,\"name\":\"V\u00e5r mat\"}]},{\"@type\":\"WebSite\",\"@id\":\"https:\/\/noblaskolan.se\/ronninge\/#website\",\"url\":\"https:\/\/noblaskolan.se\/ronninge\/\",\"name\":\"R\u00f6nninge\",\"description\":\"Noblaskolan R\u00f6nninge\",\"potentialAction\":[{\"@type\":\"SearchAction\",\"target\":{\"@type\":\"EntryPoint\",\"urlTemplate\":\"https:\/\/noblaskolan.se\/ronninge\/?s={search_term_string}\"},\"query-input\":\"required name=search_term_string\"}],\"inLanguage\":\"sv-SE\"}]}<\/script>\n<!-- \/ Yoast SEO plugin. -->","yoast_head_json":{"title":"V\u00e5r mat | R\u00f6nninge","description":"L\u00e4s om skolmaten p\u00e5 Noblaskolan R\u00f6nninge. Maten lagas av egen kock fr\u00e5n grunden i v\u00e5rt k\u00f6k. P\u00e5 Schoolsoft finns veckans matsedel och anm\u00e4lan f\u00f6r specialkost.","robots":{"index":"index","follow":"follow","max-snippet":"max-snippet:-1","max-image-preview":"max-image-preview:large","max-video-preview":"max-video-preview:-1"},"canonical":"https:\/\/noblaskolan.se\/ronninge\/om\/skolmat\/","og_locale":"sv_SE","og_type":"article","og_title":"V\u00e5r mat | R\u00f6nninge","og_description":"L\u00e4s om skolmaten p\u00e5 Noblaskolan R\u00f6nninge. Maten lagas av egen kock fr\u00e5n grunden i v\u00e5rt k\u00f6k. P\u00e5 Schoolsoft finns veckans matsedel och anm\u00e4lan f\u00f6r specialkost.","og_url":"https:\/\/noblaskolan.se\/ronninge\/om\/skolmat\/","og_site_name":"R\u00f6nninge","article_modified_time":"2026-03-24T11:39:59+00:00","og_image":[{"url":"https:\/\/noblaskolan.se\/wp-content\/uploads\/sites\/27\/2024\/01\/noblaskolan-skolmat-ronninge-202304-scaled-1200x630.jpg"}],"twitter_card":"summary_large_image","twitter_title":"V\u00e5r mat | R\u00f6nninge","twitter_description":"L\u00e4s om skolmaten p\u00e5 Noblaskolan R\u00f6nninge. Maten lagas av egen kock fr\u00e5n grunden i v\u00e5rt k\u00f6k. P\u00e5 Schoolsoft finns veckans matsedel och anm\u00e4lan f\u00f6r specialkost.","twitter_image":"https:\/\/noblaskolan.se\/wp-content\/uploads\/sites\/27\/2024\/01\/noblaskolan-skolmat-ronninge-202304-scaled-1200x630.jpg","twitter_misc":{"Ber\u00e4knad l\u00e4stid":"2 minuter"},"schema":{"@context":"https:\/\/schema.org","@graph":[{"@type":"WebPage","@id":"https:\/\/noblaskolan.se\/ronninge\/om\/skolmat\/","url":"https:\/\/noblaskolan.se\/ronninge\/om\/skolmat\/","name":"V\u00e5r mat | R\u00f6nninge","isPartOf":{"@id":"https:\/\/noblaskolan.se\/ronninge\/#website"},"datePublished":"2020-09-01T20:08:40+00:00","dateModified":"2026-03-24T11:39:59+00:00","description":"L\u00e4s om skolmaten p\u00e5 Noblaskolan R\u00f6nninge. Maten lagas av egen kock fr\u00e5n grunden i v\u00e5rt k\u00f6k. P\u00e5 Schoolsoft finns veckans matsedel och anm\u00e4lan f\u00f6r specialkost.","breadcrumb":{"@id":"https:\/\/noblaskolan.se\/ronninge\/om\/skolmat\/#breadcrumb"},"inLanguage":"sv-SE","potentialAction":[{"@type":"ReadAction","target":["https:\/\/noblaskolan.se\/ronninge\/om\/skolmat\/"]}]},{"@type":"BreadcrumbList","@id":"https:\/\/noblaskolan.se\/ronninge\/om\/skolmat\/#breadcrumb","itemListElement":[{"@type":"ListItem","position":1,"name":"Start","item":"https:\/\/noblaskolan.se\/ronninge\/"},{"@type":"ListItem","position":2,"name":"Om skolan","item":"https:\/\/noblaskolan.se\/ronninge\/om\/"},{"@type":"ListItem","position":3,"name":"V\u00e5r mat"}]},{"@type":"WebSite","@id":"https:\/\/noblaskolan.se\/ronninge\/#website","url":"https:\/\/noblaskolan.se\/ronninge\/","name":"R\u00f6nninge","description":"Noblaskolan R\u00f6nninge","potentialAction":[{"@type":"SearchAction","target":{"@type":"EntryPoint","urlTemplate":"https:\/\/noblaskolan.se\/ronninge\/?s={search_term_string}"},"query-input":"required name=search_term_string"}],"inLanguage":"sv-SE"}]}},"_links":{"self":[{"href":"https:\/\/noblaskolan.se\/ronninge\/wp-json\/wp\/v2\/pages\/34"}],"collection":[{"href":"https:\/\/noblaskolan.se\/ronninge\/wp-json\/wp\/v2\/pages"}],"about":[{"href":"https:\/\/noblaskolan.se\/ronninge\/wp-json\/wp\/v2\/types\/page"}],"author":[{"embeddable":true,"href":"https:\/\/noblaskolan.se\/ronninge\/wp-json\/wp\/v2\/users\/1"}],"replies":[{"embeddable":true,"href":"https:\/\/noblaskolan.se\/ronninge\/wp-json\/wp\/v2\/comments?post=34"}],"version-history":[{"count":10,"href":"https:\/\/noblaskolan.se\/ronninge\/wp-json\/wp\/v2\/pages\/34\/revisions"}],"predecessor-version":[{"id":2395,"href":"https:\/\/noblaskolan.se\/ronninge\/wp-json\/wp\/v2\/pages\/34\/revisions\/2395"}],"up":[{"embeddable":true,"href":"https:\/\/noblaskolan.se\/ronninge\/wp-json\/wp\/v2\/pages\/20"}],"wp:attachment":[{"href":"https:\/\/noblaskolan.se\/ronninge\/wp-json\/wp\/v2\/media?parent=34"}],"curies":[{"name":"wp","href":"https:\/\/api.w.org\/{rel}","templated":true}]}}