{"id":1979,"date":"2023-03-31T15:49:52","date_gmt":"2023-03-31T13:49:52","guid":{"rendered":"https:\/\/noblaskolan.se\/loddekopinge\/?page_id=1979"},"modified":"2024-06-05T09:51:14","modified_gmt":"2024-06-05T07:51:14","slug":"noblakoden","status":"publish","type":"page","link":"https:\/\/noblaskolan.se\/loddekopinge\/noblakoden\/","title":{"rendered":"Noblakoden"},"content":{"rendered":"\n\t<div class=\"module_wrapper ams_remote_pages_module \">\n\t\t\t\t\t\t\t<div class=\"container core-heading\">\n\t\t\t\t\t\t<div class=\"row\">\n\t\t\t\t\t\t\t<div class=\"col-12\">\n\t\t\t\t\t\t\t\t\n<h1 class=\"wp-block-heading has-text-align-left\">Noblakoden<\/h1>\n\t\t\t\t\t\t\t<\/div>\n\t\t\t\t\t\t<\/div>\n\t\t\t\t\t<\/div>\n\t\t\t\t\t\t\t\t\t\t<div class=\"container acf-preamble\">\n\t\t\t\t\t\t<div class=\"row\">\n\t\t\t\t\t\t\t<div class=\"col-12\">\n\t\t\t\t\t\t\t\t\n<p   class=\"site__ingress container text-left  site__text-color--dark  site__free_text--ingress p-0\">\n\tVi vet att struktur \u00e4r mer \u00e4n ordningsregler. D\u00e4rf\u00f6r har vi tagit fram Noblakoden \u2013 ett gemensamt f\u00f6rh\u00e5llningss\u00e4tt kring bland annat f\u00f6rv\u00e4ntningar, undervisningsstruktur, trygghet och trivsel som \u00e4r viktigt f\u00f6r en bra skolmilj\u00f6.<\/p>\n\n\n\t\t\t\t\t\t\t<\/div>\n\t\t\t\t\t\t<\/div>\n\t\t\t\t\t<\/div>\n\t\t\t\t\t\n\t<div\n\t\tclass=\"module_wrapper video_module__bg container-fluid video_module \t\tglobal_body-color pt-5 pb-5\n\t\t\t\t\"\n\t\t\t>\n\t\t<div class=\"container\">\n\t\t\t\n\t\t\t\n\t\t\t\t\t\t\t<div class=\"row\">\n\t\t\t\t\t<div class=\"col-md-12\">\n\t\t\t\t\t\t<div class=\"video_module__wrapper 1  \">\n\t\t\t\t\t\t\t<div class=\"embed-responsive embed-responsive-16by9\">\n\t\t\t\t\t\t\t\t<iframe title=\"YouTube video player\" style=\"border-width:0px;\" class=\"embed-responsive-item\"  src=\"https:\/\/www.youtube.com\/embed\/3gE93arj3AY\" allow=\"accelerometer; autoplay; encrypted-media; gyroscope; picture-in-picture \" allowfullscreen><\/iframe>\t\t\t\t\t\t\t<\/div>\n\t\t\t\t\t\t<\/div>\n\t\t\t\t\t<\/div>\n\t\t\t\t<\/div>\n\t\t\t\t\t\t\t\t<\/div>\n\t<\/div>\n\n\n\n\t\n\t\n\t\n\n\t\n\t\n\t\t\n<section  class=\"c-block l-stacked  \" data-color-scheme=\"transparent\">\n\t<div class=\"ams-fifty ams-fifty--container ams-fifty--right ams-fifty--bottom l-container u-pt-fluid-2xl-4xl u-pb-fluid-2xl-4xl\">\n\t\t<div class=\"ams-fifty__content l-stack l-stack-xl is-left is-left@lg\">\n\t\t\t<div class=\"ams-fifty__text l-stack l-stack-lg\">\n\t\t\t\t\t\n\t<h2\n\tclass=\"c-heading u-font-title-1 \"\n\tstyle=\"\">\n\t\t\n\t\t\t\t\tH\u00f6ga ambitioner &#038; h\u00f6ga f\u00f6rv\u00e4ntningar\n\t\t\t\t\n\t<\/h2>\n\n\t\t\t\t\t\t\t\t\t<div class=\"text l-stack u-font-body\">\n\t\t\t\t\t\t<p>F\u00f6r att h\u00e5lla h\u00f6g kvalitet och trivsel har vi h\u00f6ga f\u00f6rv\u00e4ntningar p\u00e5 s\u00e5v\u00e4l v\u00e5ra medarbetare som v\u00e5ra elever och v\u00e5rdnadshavare. P\u00e5 Noblaskolan f\u00f6rv\u00e4ntar vi oss att eleverna visar respekt f\u00f6r varandra och sin l\u00e4rmilj\u00f6 och att all personal \u00e4r engagerade och visar ett tydligt ledarskap.<\/p>\n\n\t\t\t\t\t<\/div>\n\t\t\t\t\t\t\t<\/div>\n\n\t\t\t\t\t<\/div>\n\n\t\t <div class=\"ams-fifty__media u-ratio-widescreen\">\n\t\t \t\t\t\t\t<img decoding=\"async\" width=\"600\" height=\"400\" src=\"https:\/\/noblaskolan.se\/wp-content\/uploads\/2023\/08\/mariastadenhelsingborgfotomellanstadieak4-63-scaled-600x400.jpg\" class=\"attachment-md size-md\" alt=\"L\u00e4rare p\u00e5 Noblaskolan st\u00e5r och pratar med elever som sitter runt ett bord.\" sizes=\"(min-width: 64em) 600px, calc(100vw - 160px)\" srcset=\"https:\/\/noblaskolan.se\/wp-content\/uploads\/2023\/08\/mariastadenhelsingborgfotomellanstadieak4-63-scaled-600x400.jpg 600w, https:\/\/noblaskolan.se\/wp-content\/uploads\/2023\/08\/mariastadenhelsingborgfotomellanstadieak4-63-scaled-300x200.jpg 300w, https:\/\/noblaskolan.se\/wp-content\/uploads\/2023\/08\/mariastadenhelsingborgfotomellanstadieak4-63-scaled-400x267.jpg 400w, https:\/\/noblaskolan.se\/wp-content\/uploads\/2023\/08\/mariastadenhelsingborgfotomellanstadieak4-63-scaled-800x533.jpg 800w, https:\/\/noblaskolan.se\/wp-content\/uploads\/2023\/08\/mariastadenhelsingborgfotomellanstadieak4-63-scaled-1024x683.jpg 1024w, https:\/\/noblaskolan.se\/wp-content\/uploads\/2023\/08\/mariastadenhelsingborgfotomellanstadieak4-63-scaled-1200x800.jpg 1200w\" \/>\n\t\t\t\n\t\t\t\n\t\t\t\t\t<\/div>\n\t<\/div>\n\n\t\t\n\n<\/section>\n\n\t\n\t\n\t\n\n\t\n\t\n\t\t\n<section  class=\"c-block l-stacked  \" data-color-scheme=\"transparent\">\n\t<div class=\"ams-fifty ams-fifty--container ams-fifty--left ams-fifty--bottom l-container u-pt-fluid-2xl-4xl u-pb-fluid-2xl-4xl\">\n\t\t<div class=\"ams-fifty__content l-stack l-stack-xl is-left is-left@lg\">\n\t\t\t<div class=\"ams-fifty__text l-stack l-stack-lg\">\n\t\t\t\t\t\n\t<h2\n\tclass=\"c-heading u-font-title-1 \"\n\tstyle=\"\">\n\t\t\n\t\t\t\t\tStrukturerad undervisning\n\t\t\t\t\n\t<\/h2>\n\n\t\t\t\t\t\t\t\t\t<div class=\"text l-stack u-font-body\">\n\t\t\t\t\t\t<p>F\u00f6r oss \u00e4r all undervisningstid viktig. Genom strukturerad undervisning ser vi till att alla elever st\u00f6ttas och utmanas f\u00f6r att utvecklas och st\u00e4rka sitt akademiska sj\u00e4lvf\u00f6rtroende. Hos oss p\u00e5 Noblaskolan har varje lektion en tydlig inledning och ett tydligt avslut.<\/p>\n\n\t\t\t\t\t<\/div>\n\t\t\t\t\t\t\t<\/div>\n\n\t\t\t\t\t<\/div>\n\n\t\t <div class=\"ams-fifty__media u-ratio-widescreen\">\n\t\t \t\t\t\t\t<img decoding=\"async\" width=\"600\" height=\"400\" src=\"https:\/\/noblaskolan.se\/wp-content\/uploads\/2023\/03\/noblaskolanmariastaden2022-20272-scaled-600x400.jpg\" class=\"attachment-md size-md\" alt=\"L\u00e4rare st\u00e5r framme vid tavlan och f\u00f6rklarar en matteuppgift framf\u00f6r klassen.\" sizes=\"(min-width: 64em) 600px, calc(100vw - 160px)\" srcset=\"https:\/\/noblaskolan.se\/wp-content\/uploads\/2023\/03\/noblaskolanmariastaden2022-20272-scaled-600x400.jpg 600w, https:\/\/noblaskolan.se\/wp-content\/uploads\/2023\/03\/noblaskolanmariastaden2022-20272-scaled-300x200.jpg 300w, https:\/\/noblaskolan.se\/wp-content\/uploads\/2023\/03\/noblaskolanmariastaden2022-20272-scaled-400x267.jpg 400w, https:\/\/noblaskolan.se\/wp-content\/uploads\/2023\/03\/noblaskolanmariastaden2022-20272-scaled-800x533.jpg 800w, https:\/\/noblaskolan.se\/wp-content\/uploads\/2023\/03\/noblaskolanmariastaden2022-20272-scaled-1024x683.jpg 1024w, https:\/\/noblaskolan.se\/wp-content\/uploads\/2023\/03\/noblaskolanmariastaden2022-20272-scaled-1200x800.jpg 1200w\" \/>\n\t\t\t\n\t\t\t\n\t\t\t\t\t<\/div>\n\t<\/div>\n\n\t\t\n\n<\/section>\n\n\t\n\t\n\t\n\n\t\n\t\n\t\t\n<section  class=\"c-block l-stacked  \" data-color-scheme=\"transparent\">\n\t<div class=\"ams-fifty ams-fifty--container ams-fifty--right ams-fifty--bottom l-container u-pt-fluid-2xl-4xl u-pb-fluid-2xl-4xl\">\n\t\t<div class=\"ams-fifty__content l-stack l-stack-xl is-left is-left@lg\">\n\t\t\t<div class=\"ams-fifty__text l-stack l-stack-lg\">\n\t\t\t\t\t\n\t<h2\n\tclass=\"c-heading u-font-title-1 \"\n\tstyle=\"\">\n\t\t\n\t\t\t\t\tGoda relationer, trygghet &#038; trivsel\n\t\t\t\t\n\t<\/h2>\n\n\t\t\t\t\t\t\t\t\t<div class=\"text l-stack u-font-body\">\n\t\t\t\t\t\t<p>P\u00e5 Noblaskolan bidrar all personal gemensamt till att skapa trygghet och de b\u00e4sta f\u00f6ruts\u00e4ttningarna f\u00f6r alla barn och elever. Varje barn och elev har \u00e4ven en mentor som st\u00f6ttar kring s\u00e5v\u00e4l utbildning som det sociala samspelet.<\/p>\n\n\t\t\t\t\t<\/div>\n\t\t\t\t\t\t\t<\/div>\n\n\t\t\t\t\t<\/div>\n\n\t\t <div class=\"ams-fifty__media u-ratio-widescreen\">\n\t\t \t\t\t\t\t<img decoding=\"async\" width=\"600\" height=\"400\" src=\"https:\/\/noblaskolan.se\/wp-content\/uploads\/2024\/01\/noblaskolan-koanmalan-202304-scaled-600x400.jpg\" class=\"attachment-md size-md\" alt=\"Tv\u00e5 barn i f\u00f6rskoleklass p\u00e5 Noblaskolan f\u00e5r hj\u00e4lp av en l\u00e4rare.\" sizes=\"(min-width: 64em) 600px, calc(100vw - 160px)\" srcset=\"https:\/\/noblaskolan.se\/wp-content\/uploads\/2024\/01\/noblaskolan-koanmalan-202304-scaled-600x400.jpg 600w, https:\/\/noblaskolan.se\/wp-content\/uploads\/2024\/01\/noblaskolan-koanmalan-202304-scaled-300x200.jpg 300w, https:\/\/noblaskolan.se\/wp-content\/uploads\/2024\/01\/noblaskolan-koanmalan-202304-scaled-400x267.jpg 400w, https:\/\/noblaskolan.se\/wp-content\/uploads\/2024\/01\/noblaskolan-koanmalan-202304-scaled-800x533.jpg 800w, https:\/\/noblaskolan.se\/wp-content\/uploads\/2024\/01\/noblaskolan-koanmalan-202304-scaled-1024x683.jpg 1024w, https:\/\/noblaskolan.se\/wp-content\/uploads\/2024\/01\/noblaskolan-koanmalan-202304-scaled-1200x800.jpg 1200w\" \/>\n\t\t\t\n\t\t\t\n\t\t\t\t\t<\/div>\n\t<\/div>\n\n\t\t\n\n<\/section>\n\n\t\n\t\n\t\n\n\t\n\t\n\t\t\n<section  class=\"c-block l-stacked  \" data-color-scheme=\"transparent\">\n\t<div class=\"ams-fifty ams-fifty--container ams-fifty--left ams-fifty--bottom l-container u-pt-fluid-2xl-4xl u-pb-fluid-2xl-4xl\">\n\t\t<div class=\"ams-fifty__content l-stack l-stack-xl is-left is-left@lg\">\n\t\t\t<div class=\"ams-fifty__text l-stack l-stack-lg\">\n\t\t\t\t\t\n\t<h2\n\tclass=\"c-heading u-font-title-1 \"\n\tstyle=\"\">\n\t\t\n\t\t\t\t\tPedagogiskt r\u00e5d\n\t\t\t\t\n\t<\/h2>\n\n\t\t\t\t\t\t\t\t\t<div class=\"text l-stack u-font-body\">\n\t\t\t\t\t\t<p>F\u00f6r oss \u00e4r det viktigt att g\u00f6ra elevernas r\u00f6ster h\u00f6rda och fr\u00e4mja elevinflytandet. I v\u00e5rt Pedagogiska r\u00e5d lyfts elevernas bild kring deras utbildning fram i syfte att tillsammans utveckla undervisningen och h\u00e5lla h\u00f6g kvalitet.<\/p>\n\n\t\t\t\t\t<\/div>\n\t\t\t\t\t\t\t<\/div>\n\n\t\t\t\t\t<\/div>\n\n\t\t <div class=\"ams-fifty__media u-ratio-widescreen\">\n\t\t \t\t\t\t\t<img decoding=\"async\" width=\"600\" height=\"400\" src=\"https:\/\/noblaskolan.se\/wp-content\/uploads\/2022\/07\/noblaskolan-om-skolan-202304-scaled-e1706252531876-600x400.jpg\" class=\"attachment-md size-md\" alt=\"Mellanstadieelever p\u00e5 Noblaskolan sitter i klassrummet under en lektion.\" sizes=\"(min-width: 64em) 600px, calc(100vw - 160px)\" srcset=\"https:\/\/noblaskolan.se\/wp-content\/uploads\/2022\/07\/noblaskolan-om-skolan-202304-scaled-e1706252531876-600x400.jpg 600w, https:\/\/noblaskolan.se\/wp-content\/uploads\/2022\/07\/noblaskolan-om-skolan-202304-scaled-e1706252531876-300x200.jpg 300w, https:\/\/noblaskolan.se\/wp-content\/uploads\/2022\/07\/noblaskolan-om-skolan-202304-scaled-e1706252531876-400x267.jpg 400w, https:\/\/noblaskolan.se\/wp-content\/uploads\/2022\/07\/noblaskolan-om-skolan-202304-scaled-e1706252531876-800x533.jpg 800w, https:\/\/noblaskolan.se\/wp-content\/uploads\/2022\/07\/noblaskolan-om-skolan-202304-scaled-e1706252531876-1024x683.jpg 1024w, https:\/\/noblaskolan.se\/wp-content\/uploads\/2022\/07\/noblaskolan-om-skolan-202304-scaled-e1706252531876-1200x800.jpg 1200w, https:\/\/noblaskolan.se\/wp-content\/uploads\/2022\/07\/noblaskolan-om-skolan-202304-scaled-e1706252531876.jpg 1770w\" \/>\n\t\t\t\n\t\t\t\n\t\t\t\t\t<\/div>\n\t<\/div>\n\n\t\t\n\n<\/section>\n\n\t\n\t\n\t\n\n\t\n\t\n\t\t\n<section  class=\"c-block l-stacked  \" data-color-scheme=\"transparent\">\n\t<div class=\"ams-fifty ams-fifty--container ams-fifty--right ams-fifty--bottom l-container u-pt-fluid-2xl-4xl u-pb-fluid-2xl-4xl\">\n\t\t<div class=\"ams-fifty__content l-stack l-stack-xl is-left is-left@lg\">\n\t\t\t<div class=\"ams-fifty__text l-stack l-stack-lg\">\n\t\t\t\t\t\n\t<h2\n\tclass=\"c-heading u-font-title-1 \"\n\tstyle=\"\">\n\t\t\n\t\t\t\t\tStudiestrategier\n\t\t\t\t\n\t<\/h2>\n\n\t\t\t\t\t\t\t\t\t<div class=\"text l-stack u-font-body\">\n\t\t\t\t\t\t<p>F\u00f6r att skapa goda f\u00f6ruts\u00e4ttningar f\u00f6r l\u00e4rande arbetar vi p\u00e5 Noblaskolan med studiestrategi. L\u00e4rare och elever provar olika metoder f\u00f6r att studera, skapa goda studievanor samt effektivisera och strukturera l\u00e4randet.<\/p>\n\n\t\t\t\t\t<\/div>\n\t\t\t\t\t\t\t<\/div>\n\n\t\t\t\t\t<\/div>\n\n\t\t <div class=\"ams-fifty__media u-ratio-widescreen\">\n\t\t \t\t\t\t\t<img decoding=\"async\" width=\"600\" height=\"400\" src=\"https:\/\/noblaskolan.se\/wp-content\/uploads\/2022\/07\/noblaskolan-om-oss-202304-scaled-600x400.jpg\" class=\"attachment-md size-md\" alt=\"Fyra elever sitter i sitt klassrum med sina skoldatorer och studerar\" sizes=\"(min-width: 64em) 600px, calc(100vw - 160px)\" srcset=\"https:\/\/noblaskolan.se\/wp-content\/uploads\/2022\/07\/noblaskolan-om-oss-202304-scaled-600x400.jpg 600w, https:\/\/noblaskolan.se\/wp-content\/uploads\/2022\/07\/noblaskolan-om-oss-202304-scaled-300x200.jpg 300w, https:\/\/noblaskolan.se\/wp-content\/uploads\/2022\/07\/noblaskolan-om-oss-202304-scaled-400x267.jpg 400w, https:\/\/noblaskolan.se\/wp-content\/uploads\/2022\/07\/noblaskolan-om-oss-202304-scaled-800x533.jpg 800w, https:\/\/noblaskolan.se\/wp-content\/uploads\/2022\/07\/noblaskolan-om-oss-202304-scaled-1024x683.jpg 1024w, https:\/\/noblaskolan.se\/wp-content\/uploads\/2022\/07\/noblaskolan-om-oss-202304-scaled-1200x800.jpg 1200w\" \/>\n\t\t\t\n\t\t\t\n\t\t\t\t\t<\/div>\n\t<\/div>\n\n\t\t\n\n<\/section>\n\t<\/div>\n\n\t\n\n\n\n<section  class=\"ams-cta ams-cta--stacked c-block l-stacked ams-border\" data-color-scheme=\"ljusgron\">\n\t<div class=\"l-container l-stack l-stack-fluid-2xl u-pt-fluid-2xl-4xl u-pb-fluid-2xl-4xl is-center is-center@md\">\n\t\t\t\t\t<div class=\"ams-cta__intro l-stack l-stack-lg\">\n\t\t\t\t\t\n\t<h2\n\tclass=\"c-heading u-font-title-1 \"\n\tstyle=\"\">\n\t\t\n\t\t\t\t\tVill du veta mer?\n\t\t\t\t\n\t<\/h2>\n\n\t\t\t\t\t\t\t\t\t<div class=\"c-text l-stack u-cs-xl u-font-body\">\n\t\t\t\t\t\t<p>Ta g\u00e4rna kontakt med oss om du vill veta mer om hur vi arbetar p\u00e5 Noblaskolan L\u00f6ddek\u00f6pinge.<\/p>\n\n\t\t\t\t\t<\/div>\n\t\t\t\t\t\t\t<\/div>\n\t\t\n\t\t\n\t\t\t<div class=\"ams-cta__action u-inline-items\">\n\t\t\t\t\t\t\t\n\n\n<a href=\"https:\/\/noblaskolan.se\/loddekopinge\/kontakt\/\"\n\t\n\tclass=\"c-btn \"\n\tdata-style=\"round\"\n\tdata-size=\"md\"\n\tdata-width=\"full-mobile\"\n\tdata-variant=\"default\"\n\ttarget=\"_self\">\n\t\t\t<span class=\"label\"> Kontakta oss<\/span>\n\t\t\t<\/a>\n\t\t\t<\/div>\n\t<\/div>\n\n\t\t\n\n<\/section>\n","protected":false},"excerpt":{"rendered":"","protected":false},"author":66,"featured_media":0,"parent":0,"menu_order":0,"comment_status":"closed","ping_status":"closed","template":"","meta":{"footnotes":""},"yoast_head":"<!-- This site is optimized with the Yoast SEO plugin v22.0 - https:\/\/yoast.com\/wordpress\/plugins\/seo\/ -->\n<title>Noblakoden | Noblaskolan L\u00f6ddek\u00f6pinge<\/title>\n<meta name=\"description\" content=\"P\u00e5 Noblaskolan L\u00f6ddek\u00f6pinge har vi ett gemensamt f\u00f6rh\u00e5llningss\u00e4tt kring s\u00e5dant som \u00e4r viktigt f\u00f6r en bra skolmilj\u00f6. Det kallar vi f\u00f6r Noblakoden.\" \/>\n<meta name=\"robots\" content=\"index, follow, max-snippet:-1, max-image-preview:large, max-video-preview:-1\" \/>\n<link rel=\"canonical\" href=\"https:\/\/noblaskolan.se\/loddekopinge\/noblakoden\/\" \/>\n<meta property=\"og:locale\" content=\"sv_SE\" \/>\n<meta property=\"og:type\" content=\"article\" \/>\n<meta property=\"og:title\" content=\"Noblakoden | Noblaskolan L\u00f6ddek\u00f6pinge\" \/>\n<meta property=\"og:description\" content=\"P\u00e5 Noblaskolan L\u00f6ddek\u00f6pinge har vi ett gemensamt f\u00f6rh\u00e5llningss\u00e4tt kring s\u00e5dant som \u00e4r viktigt f\u00f6r en bra skolmilj\u00f6. Det kallar vi f\u00f6r Noblakoden.\" \/>\n<meta property=\"og:url\" content=\"https:\/\/noblaskolan.se\/loddekopinge\/noblakoden\/\" \/>\n<meta property=\"og:site_name\" content=\"L\u00f6ddek\u00f6pinge\" \/>\n<meta property=\"article:modified_time\" content=\"2024-06-05T07:51:14+00:00\" \/>\n<meta name=\"twitter:card\" content=\"summary_large_image\" \/>\n<meta name=\"twitter:title\" content=\"Noblakoden | Noblaskolan L\u00f6ddek\u00f6pinge\" \/>\n<meta name=\"twitter:description\" content=\"P\u00e5 Noblaskolan L\u00f6ddek\u00f6pinge har vi ett gemensamt f\u00f6rh\u00e5llningss\u00e4tt kring s\u00e5dant som \u00e4r viktigt f\u00f6r en bra skolmilj\u00f6. Det kallar vi f\u00f6r Noblakoden.\" \/>\n<meta name=\"twitter:label1\" content=\"Ber\u00e4knad l\u00e4stid\" \/>\n\t<meta name=\"twitter:data1\" content=\"1 minut\" \/>\n<script type=\"application\/ld+json\" class=\"yoast-schema-graph\">{\"@context\":\"https:\/\/schema.org\",\"@graph\":[{\"@type\":\"WebPage\",\"@id\":\"https:\/\/noblaskolan.se\/loddekopinge\/noblakoden\/\",\"url\":\"https:\/\/noblaskolan.se\/loddekopinge\/noblakoden\/\",\"name\":\"Noblakoden | Noblaskolan L\u00f6ddek\u00f6pinge\",\"isPartOf\":{\"@id\":\"https:\/\/noblaskolan.se\/loddekopinge\/#website\"},\"datePublished\":\"2023-03-31T13:49:52+00:00\",\"dateModified\":\"2024-06-05T07:51:14+00:00\",\"description\":\"P\u00e5 Noblaskolan L\u00f6ddek\u00f6pinge har vi ett gemensamt f\u00f6rh\u00e5llningss\u00e4tt kring s\u00e5dant som \u00e4r viktigt f\u00f6r en bra skolmilj\u00f6. Det kallar vi f\u00f6r Noblakoden.\",\"breadcrumb\":{\"@id\":\"https:\/\/noblaskolan.se\/loddekopinge\/noblakoden\/#breadcrumb\"},\"inLanguage\":\"sv-SE\",\"potentialAction\":[{\"@type\":\"ReadAction\",\"target\":[\"https:\/\/noblaskolan.se\/loddekopinge\/noblakoden\/\"]}]},{\"@type\":\"BreadcrumbList\",\"@id\":\"https:\/\/noblaskolan.se\/loddekopinge\/noblakoden\/#breadcrumb\",\"itemListElement\":[{\"@type\":\"ListItem\",\"position\":1,\"name\":\"Start\",\"item\":\"https:\/\/noblaskolan.se\/loddekopinge\/\"},{\"@type\":\"ListItem\",\"position\":2,\"name\":\"Noblakoden\"}]},{\"@type\":\"WebSite\",\"@id\":\"https:\/\/noblaskolan.se\/loddekopinge\/#website\",\"url\":\"https:\/\/noblaskolan.se\/loddekopinge\/\",\"name\":\"L\u00f6ddek\u00f6pinge\",\"description\":\"Noblaskolan L\u00f6ddek\u00f6pinge\",\"potentialAction\":[{\"@type\":\"SearchAction\",\"target\":{\"@type\":\"EntryPoint\",\"urlTemplate\":\"https:\/\/noblaskolan.se\/loddekopinge\/?s={search_term_string}\"},\"query-input\":\"required name=search_term_string\"}],\"inLanguage\":\"sv-SE\"}]}<\/script>\n<!-- \/ Yoast SEO plugin. -->","yoast_head_json":{"title":"Noblakoden | Noblaskolan L\u00f6ddek\u00f6pinge","description":"P\u00e5 Noblaskolan L\u00f6ddek\u00f6pinge har vi ett gemensamt f\u00f6rh\u00e5llningss\u00e4tt kring s\u00e5dant som \u00e4r viktigt f\u00f6r en bra skolmilj\u00f6. Det kallar vi f\u00f6r Noblakoden.","robots":{"index":"index","follow":"follow","max-snippet":"max-snippet:-1","max-image-preview":"max-image-preview:large","max-video-preview":"max-video-preview:-1"},"canonical":"https:\/\/noblaskolan.se\/loddekopinge\/noblakoden\/","og_locale":"sv_SE","og_type":"article","og_title":"Noblakoden | Noblaskolan L\u00f6ddek\u00f6pinge","og_description":"P\u00e5 Noblaskolan L\u00f6ddek\u00f6pinge har vi ett gemensamt f\u00f6rh\u00e5llningss\u00e4tt kring s\u00e5dant som \u00e4r viktigt f\u00f6r en bra skolmilj\u00f6. Det kallar vi f\u00f6r Noblakoden.","og_url":"https:\/\/noblaskolan.se\/loddekopinge\/noblakoden\/","og_site_name":"L\u00f6ddek\u00f6pinge","article_modified_time":"2024-06-05T07:51:14+00:00","twitter_card":"summary_large_image","twitter_title":"Noblakoden | Noblaskolan L\u00f6ddek\u00f6pinge","twitter_description":"P\u00e5 Noblaskolan L\u00f6ddek\u00f6pinge har vi ett gemensamt f\u00f6rh\u00e5llningss\u00e4tt kring s\u00e5dant som \u00e4r viktigt f\u00f6r en bra skolmilj\u00f6. Det kallar vi f\u00f6r Noblakoden.","twitter_misc":{"Ber\u00e4knad l\u00e4stid":"1 minut"},"schema":{"@context":"https:\/\/schema.org","@graph":[{"@type":"WebPage","@id":"https:\/\/noblaskolan.se\/loddekopinge\/noblakoden\/","url":"https:\/\/noblaskolan.se\/loddekopinge\/noblakoden\/","name":"Noblakoden | Noblaskolan L\u00f6ddek\u00f6pinge","isPartOf":{"@id":"https:\/\/noblaskolan.se\/loddekopinge\/#website"},"datePublished":"2023-03-31T13:49:52+00:00","dateModified":"2024-06-05T07:51:14+00:00","description":"P\u00e5 Noblaskolan L\u00f6ddek\u00f6pinge har vi ett gemensamt f\u00f6rh\u00e5llningss\u00e4tt kring s\u00e5dant som \u00e4r viktigt f\u00f6r en bra skolmilj\u00f6. Det kallar vi f\u00f6r Noblakoden.","breadcrumb":{"@id":"https:\/\/noblaskolan.se\/loddekopinge\/noblakoden\/#breadcrumb"},"inLanguage":"sv-SE","potentialAction":[{"@type":"ReadAction","target":["https:\/\/noblaskolan.se\/loddekopinge\/noblakoden\/"]}]},{"@type":"BreadcrumbList","@id":"https:\/\/noblaskolan.se\/loddekopinge\/noblakoden\/#breadcrumb","itemListElement":[{"@type":"ListItem","position":1,"name":"Start","item":"https:\/\/noblaskolan.se\/loddekopinge\/"},{"@type":"ListItem","position":2,"name":"Noblakoden"}]},{"@type":"WebSite","@id":"https:\/\/noblaskolan.se\/loddekopinge\/#website","url":"https:\/\/noblaskolan.se\/loddekopinge\/","name":"L\u00f6ddek\u00f6pinge","description":"Noblaskolan L\u00f6ddek\u00f6pinge","potentialAction":[{"@type":"SearchAction","target":{"@type":"EntryPoint","urlTemplate":"https:\/\/noblaskolan.se\/loddekopinge\/?s={search_term_string}"},"query-input":"required name=search_term_string"}],"inLanguage":"sv-SE"}]}},"_links":{"self":[{"href":"https:\/\/noblaskolan.se\/loddekopinge\/wp-json\/wp\/v2\/pages\/1979"}],"collection":[{"href":"https:\/\/noblaskolan.se\/loddekopinge\/wp-json\/wp\/v2\/pages"}],"about":[{"href":"https:\/\/noblaskolan.se\/loddekopinge\/wp-json\/wp\/v2\/types\/page"}],"author":[{"embeddable":true,"href":"https:\/\/noblaskolan.se\/loddekopinge\/wp-json\/wp\/v2\/users\/66"}],"replies":[{"embeddable":true,"href":"https:\/\/noblaskolan.se\/loddekopinge\/wp-json\/wp\/v2\/comments?post=1979"}],"version-history":[{"count":3,"href":"https:\/\/noblaskolan.se\/loddekopinge\/wp-json\/wp\/v2\/pages\/1979\/revisions"}],"predecessor-version":[{"id":2170,"href":"https:\/\/noblaskolan.se\/loddekopinge\/wp-json\/wp\/v2\/pages\/1979\/revisions\/2170"}],"wp:attachment":[{"href":"https:\/\/noblaskolan.se\/loddekopinge\/wp-json\/wp\/v2\/media?parent=1979"}],"curies":[{"name":"wp","href":"https:\/\/api.w.org\/{rel}","templated":true}]}}