{"id":28,"date":"2020-09-01T22:07:29","date_gmt":"2020-09-01T20:07:29","guid":{"rendered":"https:\/\/noblaskolan.se\/hagaberg\/?page_id=28"},"modified":"2026-03-16T13:40:19","modified_gmt":"2026-03-16T12:40:19","slug":"fritids","status":"publish","type":"page","link":"https:\/\/noblaskolan.se\/hagaberg\/om\/fritids\/","title":{"rendered":"Fritids"},"content":{"rendered":"\n<div class=\"wp-block-columns is-layout-flex wp-container-core-columns-layout-1 wp-block-columns-is-layout-flex\">\n<div class=\"wp-block-column is-layout-flow wp-block-column-is-layout-flow\" style=\"flex-basis:100%\">\n<h1 class=\"wp-block-heading\">Fritids p\u00e5 Noblaskolan Hagaberg<\/h1>\n\n\n\n<p>Fritids ska stimulera elevernas utveckling, erbjuda dem en meningsfull fritid och fr\u00e4mja social gemenskap.<\/p>\n\n\n\n<p>V\u00e5rt fritids har som uppgift att komplettera f\u00f6rskoleklassen och skolan samt att g\u00f6ra det m\u00f6jligt f\u00f6r f\u00f6r\u00e4ldrar att f\u00f6rena f\u00f6r\u00e4ldraskap med arbete eller studier.<\/p>\n<\/div>\n<\/div>\n\n\n\n\t\n\t\n\t\n\n\t\n\t\n\t\t\n<section  class=\"c-block l-stacked  \" data-color-scheme=\"transparent\">\n\t<div class=\"ams-fifty ams-fifty--container ams-fifty--right ams-fifty--bottom l-container u-pt-fluid-Ingen u-pb-fluid-2xl-4xl\">\n\t\t<div class=\"ams-fifty__content l-stack l-stack-xl is-left is-left@lg\">\n\t\t\t<div class=\"ams-fifty__text l-stack l-stack-lg\">\n\t\t\t\t\t\n\t<h2\n\tclass=\"c-heading u-font-title-2 \"\n\tstyle=\"\">\n\t\t\n\t\t\t\t\tFritids f\u00f6r gl\u00e4dje och utveckling\n\t\t\t\t\n\t<\/h2>\n\n\t\t\t\t\t\t\t\t\t<div class=\"text l-stack u-font-body\">\n\t\t\t\t\t\t<p>P\u00e5 Noblaskolan Hagaberg f\u00f6ljer fritids l\u00e4roplanen och \u00e4r en del av skolan. Vi tror att den inl\u00e4rning som sker under skoltid kan f\u00f6rst\u00e4rkas p\u00e5 fritids. P\u00e5 v\u00e5rt fritids vill vi att eleverna f\u00e5r en meningsfull, stimulerande och utvecklande tid. Vi str\u00e4var alltid efter att ge eleverna en v\u00e4rdefull och givande milj\u00f6 d\u00e4r v\u00e5r verksamhet byggs utifr\u00e5n barnens id\u00e9er, d\u00e4r stor vikt l\u00e4ggs p\u00e5 att utveckla sj\u00e4lvk\u00e4nsla, sociala kompetenser, ansvar och respekt.<\/p>\n<p>&nbsp;<\/p>\n\n\t\t\t\t\t<\/div>\n\t\t\t\t\t\t\t<\/div>\n\n\t\t\t\t\t<\/div>\n\n\t\t <div class=\"ams-fifty__media u-ratio-widescreen\">\n\t\t \t\t\t\t\t<img decoding=\"async\" width=\"600\" height=\"400\" src=\"https:\/\/noblaskolan.se\/wp-content\/uploads\/sites\/20\/2026\/03\/mariastadenhelsingborgfotoforskola10-600x400.jpg\" class=\"attachment-md size-md\" alt=\"Elever som leker utomhus.\" sizes=\"(min-width: 64em) 600px, calc(100vw - 160px)\" srcset=\"https:\/\/noblaskolan.se\/wp-content\/uploads\/sites\/20\/2026\/03\/mariastadenhelsingborgfotoforskola10-600x400.jpg 600w, https:\/\/noblaskolan.se\/wp-content\/uploads\/sites\/20\/2026\/03\/mariastadenhelsingborgfotoforskola10-300x200.jpg 300w, https:\/\/noblaskolan.se\/wp-content\/uploads\/sites\/20\/2026\/03\/mariastadenhelsingborgfotoforskola10-400x267.jpg 400w, https:\/\/noblaskolan.se\/wp-content\/uploads\/sites\/20\/2026\/03\/mariastadenhelsingborgfotoforskola10-800x533.jpg 800w, https:\/\/noblaskolan.se\/wp-content\/uploads\/sites\/20\/2026\/03\/mariastadenhelsingborgfotoforskola10-1024x683.jpg 1024w, https:\/\/noblaskolan.se\/wp-content\/uploads\/sites\/20\/2026\/03\/mariastadenhelsingborgfotoforskola10-1200x800.jpg 1200w\" \/>\n\t\t\t\n\t\t\t\n\t\t\t\t\t<\/div>\n\t<\/div>\n\n\t\t\n\n<\/section>\n\n\n<div   id=\"page-relative-menu\" class=\"site__font-monospace   container_width--full_width_conIcon   d-lg-none  \">\n\n\t\t\t\n<\/div>\n","protected":false},"excerpt":{"rendered":"<p>Fritids p\u00e5 Noblaskolan Hagaberg Fritids ska stimulera elevernas utveckling, erbjuda dem en meningsfull fritid och fr\u00e4mja social gemenskap. V\u00e5rt fritids har som uppgift att komplettera f\u00f6rskoleklassen och skolan samt att g\u00f6ra det m\u00f6jligt f\u00f6r f\u00f6r\u00e4ldrar att f\u00f6rena f\u00f6r\u00e4ldraskap med arbete eller studier.<\/p>\n","protected":false},"author":1,"featured_media":0,"parent":20,"menu_order":0,"comment_status":"closed","ping_status":"closed","template":"","meta":{"footnotes":""},"yoast_head":"<!-- This site is optimized with the Yoast SEO plugin v22.0 - https:\/\/yoast.com\/wordpress\/plugins\/seo\/ -->\n<title>V\u00e5rt fritids, anm\u00e4lan och \u00f6ppettider | Noblaskolan Hagaberg<\/title>\n<meta name=\"description\" content=\"P\u00e5 den h\u00e4r sidan f\u00e5r du information om v\u00e5rt fritidshem. L\u00e4s om v\u00e5ra \u00f6ppettider och vilka l\u00e4rande aktiviteter som eleverna f\u00e5r ta del av.\" \/>\n<meta name=\"robots\" content=\"index, follow, max-snippet:-1, max-image-preview:large, max-video-preview:-1\" \/>\n<link rel=\"canonical\" href=\"https:\/\/noblaskolan.se\/hagaberg\/om\/fritids\/\" \/>\n<meta property=\"og:locale\" content=\"sv_SE\" \/>\n<meta property=\"og:type\" content=\"article\" \/>\n<meta property=\"og:title\" content=\"V\u00e5rt fritids, anm\u00e4lan och \u00f6ppettider | Noblaskolan Hagaberg\" \/>\n<meta property=\"og:description\" content=\"P\u00e5 den h\u00e4r sidan f\u00e5r du information om v\u00e5rt fritidshem. L\u00e4s om v\u00e5ra \u00f6ppettider och vilka l\u00e4rande aktiviteter som eleverna f\u00e5r ta del av.\" \/>\n<meta property=\"og:url\" content=\"https:\/\/noblaskolan.se\/hagaberg\/om\/fritids\/\" \/>\n<meta property=\"og:site_name\" content=\"Hagaberg\" \/>\n<meta property=\"article:modified_time\" content=\"2026-03-16T12:40:19+00:00\" \/>\n<meta name=\"twitter:card\" content=\"summary_large_image\" \/>\n<meta name=\"twitter:title\" content=\"V\u00e5rt fritids, anm\u00e4lan och \u00f6ppettider | Noblaskolan Hagaberg\" \/>\n<meta name=\"twitter:description\" content=\"P\u00e5 den h\u00e4r sidan f\u00e5r du information om v\u00e5rt fritidshem. L\u00e4s om v\u00e5ra \u00f6ppettider och vilka l\u00e4rande aktiviteter som eleverna f\u00e5r ta del av.\" \/>\n<meta name=\"twitter:label1\" content=\"Ber\u00e4knad l\u00e4stid\" \/>\n\t<meta name=\"twitter:data1\" content=\"1 minut\" \/>\n<script type=\"application\/ld+json\" class=\"yoast-schema-graph\">{\"@context\":\"https:\/\/schema.org\",\"@graph\":[{\"@type\":\"WebPage\",\"@id\":\"https:\/\/noblaskolan.se\/hagaberg\/om\/fritids\/\",\"url\":\"https:\/\/noblaskolan.se\/hagaberg\/om\/fritids\/\",\"name\":\"V\u00e5rt fritids, anm\u00e4lan och \u00f6ppettider | Noblaskolan Hagaberg\",\"isPartOf\":{\"@id\":\"https:\/\/noblaskolan.se\/hagaberg\/#website\"},\"datePublished\":\"2020-09-01T20:07:29+00:00\",\"dateModified\":\"2026-03-16T12:40:19+00:00\",\"description\":\"P\u00e5 den h\u00e4r sidan f\u00e5r du information om v\u00e5rt fritidshem. L\u00e4s om v\u00e5ra \u00f6ppettider och vilka l\u00e4rande aktiviteter som eleverna f\u00e5r ta del av.\",\"breadcrumb\":{\"@id\":\"https:\/\/noblaskolan.se\/hagaberg\/om\/fritids\/#breadcrumb\"},\"inLanguage\":\"sv-SE\",\"potentialAction\":[{\"@type\":\"ReadAction\",\"target\":[\"https:\/\/noblaskolan.se\/hagaberg\/om\/fritids\/\"]}]},{\"@type\":\"BreadcrumbList\",\"@id\":\"https:\/\/noblaskolan.se\/hagaberg\/om\/fritids\/#breadcrumb\",\"itemListElement\":[{\"@type\":\"ListItem\",\"position\":1,\"name\":\"Start\",\"item\":\"https:\/\/noblaskolan.se\/hagaberg\/\"},{\"@type\":\"ListItem\",\"position\":2,\"name\":\"Om skolan\",\"item\":\"https:\/\/noblaskolan.se\/hagaberg\/om\/\"},{\"@type\":\"ListItem\",\"position\":3,\"name\":\"Fritids\"}]},{\"@type\":\"WebSite\",\"@id\":\"https:\/\/noblaskolan.se\/hagaberg\/#website\",\"url\":\"https:\/\/noblaskolan.se\/hagaberg\/\",\"name\":\"Hagaberg\",\"description\":\"Noblaskolan Hagaberg\",\"potentialAction\":[{\"@type\":\"SearchAction\",\"target\":{\"@type\":\"EntryPoint\",\"urlTemplate\":\"https:\/\/noblaskolan.se\/hagaberg\/?s={search_term_string}\"},\"query-input\":\"required name=search_term_string\"}],\"inLanguage\":\"sv-SE\"}]}<\/script>\n<!-- \/ Yoast SEO plugin. -->","yoast_head_json":{"title":"V\u00e5rt fritids, anm\u00e4lan och \u00f6ppettider | Noblaskolan Hagaberg","description":"P\u00e5 den h\u00e4r sidan f\u00e5r du information om v\u00e5rt fritidshem. L\u00e4s om v\u00e5ra \u00f6ppettider och vilka l\u00e4rande aktiviteter som eleverna f\u00e5r ta del av.","robots":{"index":"index","follow":"follow","max-snippet":"max-snippet:-1","max-image-preview":"max-image-preview:large","max-video-preview":"max-video-preview:-1"},"canonical":"https:\/\/noblaskolan.se\/hagaberg\/om\/fritids\/","og_locale":"sv_SE","og_type":"article","og_title":"V\u00e5rt fritids, anm\u00e4lan och \u00f6ppettider | Noblaskolan Hagaberg","og_description":"P\u00e5 den h\u00e4r sidan f\u00e5r du information om v\u00e5rt fritidshem. L\u00e4s om v\u00e5ra \u00f6ppettider och vilka l\u00e4rande aktiviteter som eleverna f\u00e5r ta del av.","og_url":"https:\/\/noblaskolan.se\/hagaberg\/om\/fritids\/","og_site_name":"Hagaberg","article_modified_time":"2026-03-16T12:40:19+00:00","twitter_card":"summary_large_image","twitter_title":"V\u00e5rt fritids, anm\u00e4lan och \u00f6ppettider | Noblaskolan Hagaberg","twitter_description":"P\u00e5 den h\u00e4r sidan f\u00e5r du information om v\u00e5rt fritidshem. L\u00e4s om v\u00e5ra \u00f6ppettider och vilka l\u00e4rande aktiviteter som eleverna f\u00e5r ta del av.","twitter_misc":{"Ber\u00e4knad l\u00e4stid":"1 minut"},"schema":{"@context":"https:\/\/schema.org","@graph":[{"@type":"WebPage","@id":"https:\/\/noblaskolan.se\/hagaberg\/om\/fritids\/","url":"https:\/\/noblaskolan.se\/hagaberg\/om\/fritids\/","name":"V\u00e5rt fritids, anm\u00e4lan och \u00f6ppettider | Noblaskolan Hagaberg","isPartOf":{"@id":"https:\/\/noblaskolan.se\/hagaberg\/#website"},"datePublished":"2020-09-01T20:07:29+00:00","dateModified":"2026-03-16T12:40:19+00:00","description":"P\u00e5 den h\u00e4r sidan f\u00e5r du information om v\u00e5rt fritidshem. L\u00e4s om v\u00e5ra \u00f6ppettider och vilka l\u00e4rande aktiviteter som eleverna f\u00e5r ta del av.","breadcrumb":{"@id":"https:\/\/noblaskolan.se\/hagaberg\/om\/fritids\/#breadcrumb"},"inLanguage":"sv-SE","potentialAction":[{"@type":"ReadAction","target":["https:\/\/noblaskolan.se\/hagaberg\/om\/fritids\/"]}]},{"@type":"BreadcrumbList","@id":"https:\/\/noblaskolan.se\/hagaberg\/om\/fritids\/#breadcrumb","itemListElement":[{"@type":"ListItem","position":1,"name":"Start","item":"https:\/\/noblaskolan.se\/hagaberg\/"},{"@type":"ListItem","position":2,"name":"Om skolan","item":"https:\/\/noblaskolan.se\/hagaberg\/om\/"},{"@type":"ListItem","position":3,"name":"Fritids"}]},{"@type":"WebSite","@id":"https:\/\/noblaskolan.se\/hagaberg\/#website","url":"https:\/\/noblaskolan.se\/hagaberg\/","name":"Hagaberg","description":"Noblaskolan Hagaberg","potentialAction":[{"@type":"SearchAction","target":{"@type":"EntryPoint","urlTemplate":"https:\/\/noblaskolan.se\/hagaberg\/?s={search_term_string}"},"query-input":"required name=search_term_string"}],"inLanguage":"sv-SE"}]}},"_links":{"self":[{"href":"https:\/\/noblaskolan.se\/hagaberg\/wp-json\/wp\/v2\/pages\/28"}],"collection":[{"href":"https:\/\/noblaskolan.se\/hagaberg\/wp-json\/wp\/v2\/pages"}],"about":[{"href":"https:\/\/noblaskolan.se\/hagaberg\/wp-json\/wp\/v2\/types\/page"}],"author":[{"embeddable":true,"href":"https:\/\/noblaskolan.se\/hagaberg\/wp-json\/wp\/v2\/users\/1"}],"replies":[{"embeddable":true,"href":"https:\/\/noblaskolan.se\/hagaberg\/wp-json\/wp\/v2\/comments?post=28"}],"version-history":[{"count":10,"href":"https:\/\/noblaskolan.se\/hagaberg\/wp-json\/wp\/v2\/pages\/28\/revisions"}],"predecessor-version":[{"id":2418,"href":"https:\/\/noblaskolan.se\/hagaberg\/wp-json\/wp\/v2\/pages\/28\/revisions\/2418"}],"up":[{"embeddable":true,"href":"https:\/\/noblaskolan.se\/hagaberg\/wp-json\/wp\/v2\/pages\/20"}],"wp:attachment":[{"href":"https:\/\/noblaskolan.se\/hagaberg\/wp-json\/wp\/v2\/media?parent=28"}],"curies":[{"name":"wp","href":"https:\/\/api.w.org\/{rel}","templated":true}]}}