{"id":2067,"date":"2023-03-31T16:27:56","date_gmt":"2023-03-31T14:27:56","guid":{"rendered":"https:\/\/noblaskolan.se\/hagaberg\/?page_id=2067"},"modified":"2024-06-05T09:42:06","modified_gmt":"2024-06-05T07:42:06","slug":"noblautmaningen","status":"publish","type":"page","link":"https:\/\/noblaskolan.se\/hagaberg\/noblautmaningen\/","title":{"rendered":"Noblautmaningen"},"content":{"rendered":"\n\t<div class=\"module_wrapper ams_remote_pages_module \">\n\t\t\t\t\t\t\t<div class=\"container core-heading\">\n\t\t\t\t\t\t<div class=\"row\">\n\t\t\t\t\t\t\t<div class=\"col-12\">\n\t\t\t\t\t\t\t\t\n<h1 class=\"wp-block-heading has-text-align-left\">Noblautmaningen \u2013 f\u00f6r akademiskt sj\u00e4lvf\u00f6rtroende<\/h1>\n\t\t\t\t\t\t\t<\/div>\n\t\t\t\t\t\t<\/div>\n\t\t\t\t\t<\/div>\n\t\t\t\t\t\t\t\t\t\t<div class=\"container acf-preamble\">\n\t\t\t\t\t\t<div class=\"row\">\n\t\t\t\t\t\t\t<div class=\"col-12\">\n\t\t\t\t\t\t\t\t\n<p   class=\"site__ingress container text-left  site__text-color--dark  site__free_text--ingress p-0\">\n\tF\u00f6r att l\u00e4randet ska vara b\u00e5de utmanande och verklighetsf\u00f6rankrat har vi tagit fram Noblautmaningen, som ska hj\u00e4lpa till att st\u00e4rka elevernas akademiska sj\u00e4lvf\u00f6rtroende. Noblautmaningen inneb\u00e4r att vi regelbundet l\u00e5ter v\u00e5ra barn och elever fokusera p\u00e5 probleml\u00f6sning och retorik i undervisningen. Vi arbetar med Noblautmaningen i alla \u00e5rskurser f\u00f6r att h\u00e5lla en r\u00f6d tr\u00e5d genom utbildningen.<\/p>\n\n\n\t\t\t\t\t\t\t<\/div>\n\t\t\t\t\t\t<\/div>\n\t\t\t\t\t<\/div>\n\t\t\t\t\t\n\t<div\n\t\tclass=\"module_wrapper video_module__bg container-fluid video_module \t\tglobal_body-color pt-5 pb-5\n\t\t\t\t\"\n\t\t\t>\n\t\t<div class=\"container\">\n\t\t\t\n\t\t\t\n\t\t\t\t\t\t\t<div class=\"row\">\n\t\t\t\t\t<div class=\"col-md-12\">\n\t\t\t\t\t\t<div class=\"video_module__wrapper 1  \">\n\t\t\t\t\t\t\t<div class=\"embed-responsive embed-responsive-16by9\">\n\t\t\t\t\t\t\t\t<iframe title=\"YouTube video player\" style=\"border-width:0px;\" class=\"embed-responsive-item\"  src=\"https:\/\/www.youtube.com\/embed\/KF60vIzhI8Q\" allow=\"accelerometer; autoplay; encrypted-media; gyroscope; picture-in-picture \" allowfullscreen><\/iframe>\t\t\t\t\t\t\t<\/div>\n\t\t\t\t\t\t<\/div>\n\t\t\t\t\t<\/div>\n\t\t\t\t<\/div>\n\t\t\t\t\t\t\t\t<\/div>\n\t<\/div>\n\n\n\n\t\n\t\n\t\n\n\t\n\t\n\t\t\n<section  class=\"c-block l-stacked  \" data-color-scheme=\"transparent\">\n\t<div class=\"ams-fifty ams-fifty--container ams-fifty--right ams-fifty--bottom l-container u-pt-fluid-2xl-4xl u-pb-fluid-2xl-4xl\">\n\t\t<div class=\"ams-fifty__content l-stack l-stack-xl is-left is-left@lg\">\n\t\t\t<div class=\"ams-fifty__text l-stack l-stack-lg\">\n\t\t\t\t\t\n\t<h2\n\tclass=\"c-heading u-font-title-1 \"\n\tstyle=\"\">\n\t\t\n\t\t\t\t\tRetorik\n\t\t\t\t\n\t<\/h2>\n\n\t\t\t\t\t\t\t\t\t<div class=\"text l-stack u-font-body\">\n\t\t\t\t\t\t<p>F\u00f6r m\u00e5nga barn och elever kan det k\u00e4nnas sv\u00e5rt att tala inf\u00f6r en grupp. D\u00e4rf\u00f6r ser vi till att eleverna tr\u00e4nas i retorik f\u00f6r att st\u00e4rka sitt sj\u00e4lvf\u00f6rtroende och sin f\u00f6rm\u00e5ga att b\u00e5de tala och lyssna.<\/p>\n<p>I de l\u00e4gre \u00e5rskurserna kan barnen och eleverna till exempel f\u00e5 ber\u00e4tta om n\u00e5got de gjort, presentera dagens lunch eller visa upp och ber\u00e4tta om n\u00e5got de tycker om.<\/p>\n<p>I de h\u00f6gre \u00e5ldrarna kan det ist\u00e4llet handla om att h\u00e5lla ett tal eller debattera olika \u00e4mnen.<\/p>\n\n\t\t\t\t\t<\/div>\n\t\t\t\t\t\t\t<\/div>\n\n\t\t\t\t\t<\/div>\n\n\t\t <div class=\"ams-fifty__media u-ratio-widescreen\">\n\t\t \t\t\t\t\t<img decoding=\"async\" width=\"600\" height=\"400\" src=\"https:\/\/noblaskolan.se\/wp-content\/uploads\/2022\/11\/mariastadenhelsingborg2022-20271-scaled-600x400.jpg\" class=\"attachment-md size-md\" alt=\"\u00c4ldre elever st\u00e5r framme vid tavlan och l\u00f6ser matteproblem framf\u00f6r klassen.\" sizes=\"(min-width: 64em) 600px, calc(100vw - 160px)\" srcset=\"https:\/\/noblaskolan.se\/wp-content\/uploads\/2022\/11\/mariastadenhelsingborg2022-20271-scaled-600x400.jpg 600w, https:\/\/noblaskolan.se\/wp-content\/uploads\/2022\/11\/mariastadenhelsingborg2022-20271-scaled-300x200.jpg 300w, https:\/\/noblaskolan.se\/wp-content\/uploads\/2022\/11\/mariastadenhelsingborg2022-20271-scaled-400x267.jpg 400w, https:\/\/noblaskolan.se\/wp-content\/uploads\/2022\/11\/mariastadenhelsingborg2022-20271-scaled-800x533.jpg 800w, https:\/\/noblaskolan.se\/wp-content\/uploads\/2022\/11\/mariastadenhelsingborg2022-20271-scaled-1024x683.jpg 1024w, https:\/\/noblaskolan.se\/wp-content\/uploads\/2022\/11\/mariastadenhelsingborg2022-20271-scaled-1200x800.jpg 1200w\" \/>\n\t\t\t\n\t\t\t\n\t\t\t\t\t<\/div>\n\t<\/div>\n\n\t\t\n\n<\/section>\n\n\t\n\t\n\t\n\n\t\n\t\n\t\t\n<section  class=\"c-block l-stacked  \" data-color-scheme=\"transparent\">\n\t<div class=\"ams-fifty ams-fifty--container ams-fifty--left ams-fifty--bottom l-container u-pt-fluid-2xl-4xl u-pb-fluid-2xl-4xl\">\n\t\t<div class=\"ams-fifty__content l-stack l-stack-xl is-left is-left@lg\">\n\t\t\t<div class=\"ams-fifty__text l-stack l-stack-lg\">\n\t\t\t\t\t\n\t<h2\n\tclass=\"c-heading u-font-title-1 \"\n\tstyle=\"\">\n\t\t\n\t\t\t\t\tProbleml\u00f6sning\n\t\t\t\t\n\t<\/h2>\n\n\t\t\t\t\t\t\t\t\t<div class=\"text l-stack u-font-body\">\n\t\t\t\t\t\t<p>Probleml\u00f6sning \u00e4r en viktig f\u00f6rm\u00e5ga som vi vill fr\u00e4mja hos v\u00e5ra barn och elever.<\/p>\n<p>I de l\u00e4gre \u00e5ldrarna i skolan presenteras ett problem som eleverna ska l\u00e4sa och f\u00f6rst\u00e5, v\u00e4lja r\u00e4knes\u00e4tt och r\u00e4kna ut vad svaret blir.<\/p>\n<p>I de h\u00f6gre \u00e5rskurserna handlar det \u00e4ven om att eleverna ska planera och v\u00e4lja strategi f\u00f6r att l\u00f6sa problemet samt utv\u00e4rdera sin l\u00f6sning och strategi.<\/p>\n\n\t\t\t\t\t<\/div>\n\t\t\t\t\t\t\t<\/div>\n\n\t\t\t\t\t<\/div>\n\n\t\t <div class=\"ams-fifty__media u-ratio-widescreen\">\n\t\t \t\t\t\t\t<img decoding=\"async\" width=\"600\" height=\"400\" src=\"https:\/\/noblaskolan.se\/wp-content\/uploads\/2022\/11\/mariastadenhelsingborg2022-20272-scaled-600x400.jpg\" class=\"attachment-md size-md\" alt=\"Elever st\u00e5r framme vid tavlan i ett klassrum och l\u00f6ser ett matteproblem.\" sizes=\"(min-width: 64em) 600px, calc(100vw - 160px)\" srcset=\"https:\/\/noblaskolan.se\/wp-content\/uploads\/2022\/11\/mariastadenhelsingborg2022-20272-scaled-600x400.jpg 600w, https:\/\/noblaskolan.se\/wp-content\/uploads\/2022\/11\/mariastadenhelsingborg2022-20272-scaled-300x200.jpg 300w, https:\/\/noblaskolan.se\/wp-content\/uploads\/2022\/11\/mariastadenhelsingborg2022-20272-scaled-400x267.jpg 400w, https:\/\/noblaskolan.se\/wp-content\/uploads\/2022\/11\/mariastadenhelsingborg2022-20272-scaled-800x533.jpg 800w, https:\/\/noblaskolan.se\/wp-content\/uploads\/2022\/11\/mariastadenhelsingborg2022-20272-scaled-1024x683.jpg 1024w, https:\/\/noblaskolan.se\/wp-content\/uploads\/2022\/11\/mariastadenhelsingborg2022-20272-scaled-1200x800.jpg 1200w\" \/>\n\t\t\t\n\t\t\t\n\t\t\t\t\t<\/div>\n\t<\/div>\n\n\t\t\n\n<\/section>\n\n\n<section  class=\"ams-timeline c-block l-stacked\" data-color-scheme=\"morkgron\">\n\t<div class=\"l-container l-stack l-stack-fluid-2xl u-pt-fluid-2xl-4xl u-pb-fluid-2xl-4xl is-center is-center@md\">\n\t\t\n\t\t\t\t\t\n<ol class=\"c-steps\" data-variant=\"horizontal\" data-size=\"lg\">\n\t\t\t<li class=\"c-steps__item \"\n\t\t\t\n\t\t\t>\n\t\t\t\t\t\t\t<div class=\"c-steps__circle u-radius-round\">\n\t\t\t\t\t\t\t\t\t\t\t<img decoding=\"async\" width=\"150\" height=\"150\" src=\"https:\/\/noblaskolan.se\/wp-content\/uploads\/2022\/10\/noblaskolanikonredovisaljusgronrgb-150x150.png\" class=\"\" alt=\"Tecknad mun.\" srcset=\"https:\/\/noblaskolan.se\/wp-content\/uploads\/2022\/10\/noblaskolanikonredovisaljusgronrgb-150x150.png 150w, https:\/\/noblaskolan.se\/wp-content\/uploads\/2022\/10\/noblaskolanikonredovisaljusgronrgb-300x300.png 300w, https:\/\/noblaskolan.se\/wp-content\/uploads\/2022\/10\/noblaskolanikonredovisaljusgronrgb-400x400.png 400w, https:\/\/noblaskolan.se\/wp-content\/uploads\/2022\/10\/noblaskolanikonredovisaljusgronrgb-600x600.png 600w, https:\/\/noblaskolan.se\/wp-content\/uploads\/2022\/10\/noblaskolanikonredovisaljusgronrgb-800x800.png 800w, https:\/\/noblaskolan.se\/wp-content\/uploads\/2022\/10\/noblaskolanikonredovisaljusgronrgb-1024x1024.png 1024w, https:\/\/noblaskolan.se\/wp-content\/uploads\/2022\/10\/noblaskolanikonredovisaljusgronrgb-1200x1200.png 1200w, https:\/\/noblaskolan.se\/wp-content\/uploads\/2022\/10\/noblaskolanikonredovisaljusgronrgb.png 1755w\" sizes=\"(max-width: 150px) 100vw, 150px\" \/>\n\t\t\t\t\t\t\t\t\t<\/div>\n\t\t\t\n\t\t\t\t\t\t\t<div class=\"c-steps__content l-stack-xs\">\n\t\t\t\t\t\n\t\t\t\t\t\t\t\t\t\t\t<div class=\"c-steps__text l-stack-sm u-font-body\">\n\t\t\t\t\t\t\t<p>Genom att \u00f6va p\u00e5 retorik blir barnen och eleverna mer sj\u00e4lvs\u00e4kra och f\u00e5r en \u00f6kad f\u00f6rm\u00e5ga att b\u00e5de tala och lyssna. Vi tr\u00e4nar p\u00e5 att lyssna aktivt, samtala och presentera.<\/p>\n\n\t\t\t\t\t\t<\/div>\n\t\t\t\t\t\t\t\t\t<\/div>\n\t\t\t\t\t<\/li>\n\t\t\t<li class=\"c-steps__item \"\n\t\t\t\n\t\t\t>\n\t\t\t\t\t\t\t<div class=\"c-steps__circle u-radius-round\">\n\t\t\t\t\t\t\t\t\t\t\t<img decoding=\"async\" width=\"150\" height=\"150\" src=\"https:\/\/noblaskolan.se\/wp-content\/uploads\/2022\/06\/noblaskolanikonernoblautmaningena4matematikproblemlosning-kopiera-150x150.png\" class=\"\" alt=\"Tecknad person.\" srcset=\"https:\/\/noblaskolan.se\/wp-content\/uploads\/2022\/06\/noblaskolanikonernoblautmaningena4matematikproblemlosning-kopiera-150x150.png 150w, https:\/\/noblaskolan.se\/wp-content\/uploads\/2022\/06\/noblaskolanikonernoblautmaningena4matematikproblemlosning-kopiera-300x300.png 300w, https:\/\/noblaskolan.se\/wp-content\/uploads\/2022\/06\/noblaskolanikonernoblautmaningena4matematikproblemlosning-kopiera-400x400.png 400w, https:\/\/noblaskolan.se\/wp-content\/uploads\/2022\/06\/noblaskolanikonernoblautmaningena4matematikproblemlosning-kopiera-600x600.png 600w, https:\/\/noblaskolan.se\/wp-content\/uploads\/2022\/06\/noblaskolanikonernoblautmaningena4matematikproblemlosning-kopiera-800x800.png 800w, https:\/\/noblaskolan.se\/wp-content\/uploads\/2022\/06\/noblaskolanikonernoblautmaningena4matematikproblemlosning-kopiera-1024x1024.png 1024w, https:\/\/noblaskolan.se\/wp-content\/uploads\/2022\/06\/noblaskolanikonernoblautmaningena4matematikproblemlosning-kopiera-1200x1200.png 1200w\" sizes=\"(max-width: 150px) 100vw, 150px\" \/>\n\t\t\t\t\t\t\t\t\t<\/div>\n\t\t\t\n\t\t\t\t\t\t\t<div class=\"c-steps__content l-stack-xs\">\n\t\t\t\t\t\n\t\t\t\t\t\t\t\t\t\t\t<div class=\"c-steps__text l-stack-sm u-font-body\">\n\t\t\t\t\t\t\t<p>N\u00e4r vi tr\u00e4nar p\u00e5 probleml\u00f6sning \u00f6var vi p\u00e5 att f\u00f6rst\u00e5 problemet, planera hur det ska l\u00f6sas, l\u00f6sa problemet med vald strategi, presentera l\u00f6sningen och utv\u00e4rdera den.<\/p>\n\n\t\t\t\t\t\t<\/div>\n\t\t\t\t\t\t\t\t\t<\/div>\n\t\t\t\t\t<\/li>\n\t\t\t<li class=\"c-steps__item \"\n\t\t\t\n\t\t\t>\n\t\t\t\t\t\t\t<div class=\"c-steps__circle u-radius-round\">\n\t\t\t\t\t\t\t\t\t\t\t<img decoding=\"async\" width=\"150\" height=\"150\" src=\"https:\/\/noblaskolan.se\/wp-content\/uploads\/2022\/10\/noblaskolanikonstjarnaljusgronrgb-150x150.png\" class=\"\" alt=\"Tecknad stj\u00e4rna.\" srcset=\"https:\/\/noblaskolan.se\/wp-content\/uploads\/2022\/10\/noblaskolanikonstjarnaljusgronrgb-150x150.png 150w, https:\/\/noblaskolan.se\/wp-content\/uploads\/2022\/10\/noblaskolanikonstjarnaljusgronrgb-300x300.png 300w, https:\/\/noblaskolan.se\/wp-content\/uploads\/2022\/10\/noblaskolanikonstjarnaljusgronrgb-400x400.png 400w, https:\/\/noblaskolan.se\/wp-content\/uploads\/2022\/10\/noblaskolanikonstjarnaljusgronrgb-600x600.png 600w, https:\/\/noblaskolan.se\/wp-content\/uploads\/2022\/10\/noblaskolanikonstjarnaljusgronrgb-800x800.png 800w, https:\/\/noblaskolan.se\/wp-content\/uploads\/2022\/10\/noblaskolanikonstjarnaljusgronrgb-1024x1024.png 1024w, https:\/\/noblaskolan.se\/wp-content\/uploads\/2022\/10\/noblaskolanikonstjarnaljusgronrgb-1200x1200.png 1200w, https:\/\/noblaskolan.se\/wp-content\/uploads\/2022\/10\/noblaskolanikonstjarnaljusgronrgb.png 1755w\" sizes=\"(max-width: 150px) 100vw, 150px\" \/>\n\t\t\t\t\t\t\t\t\t<\/div>\n\t\t\t\n\t\t\t\t\t\t\t<div class=\"c-steps__content l-stack-xs\">\n\t\t\t\t\t\n\t\t\t\t\t\t\t\t\t\t\t<div class=\"c-steps__text l-stack-sm u-font-body\">\n\t\t\t\t\t\t\t<p>Retorik och probleml\u00f6sning \u00e4r tv\u00e5 viktiga f\u00f6rm\u00e5gor som vi vill hj\u00e4lpa v\u00e5ra elever att \u00f6va p\u00e5. Det \u00e4r tv\u00e5 f\u00e4rdigheter som kommer hj\u00e4lpa barnen i skolan och genom hela i livet.<\/p>\n\n\t\t\t\t\t\t<\/div>\n\t\t\t\t\t\t\t\t\t<\/div>\n\t\t\t\t\t<\/li>\n\t<\/ol>\n\t\n\t\t\t<\/div>\n\n\t\t\n\n<\/section>\n\t<\/div>\n\n\t\n\n\n\n<section  class=\"ams-cta ams-cta--stacked c-block l-stacked ams-border\" data-color-scheme=\"ljusgron\">\n\t<div class=\"l-container l-stack l-stack-fluid-2xl u-pt-fluid-2xl-4xl u-pb-fluid-2xl-4xl is-center is-center@md\">\n\t\t\t\t\t<div class=\"ams-cta__intro l-stack l-stack-lg\">\n\t\t\t\t\t\n\t<h2\n\tclass=\"c-heading u-font-title-1 \"\n\tstyle=\"\">\n\t\t\n\t\t\t\t\tVill du veta mer?\n\t\t\t\t\n\t<\/h2>\n\n\t\t\t\t\t\t\t\t\t<div class=\"c-text l-stack u-cs-xl u-font-body\">\n\t\t\t\t\t\t<p>Ta g\u00e4rna kontakt med oss om du vill veta mer om hur vi arbetar p\u00e5 Noblaskolan Hagaberg.<\/p>\n\n\t\t\t\t\t<\/div>\n\t\t\t\t\t\t\t<\/div>\n\t\t\n\t\t\n\t\t\t<div class=\"ams-cta__action u-inline-items\">\n\t\t\t\t\t\t\t\n\n\n<a href=\"https:\/\/noblaskolan.se\/hagaberg\/kontakt\/\"\n\t\n\tclass=\"c-btn \"\n\tdata-style=\"round\"\n\tdata-size=\"md\"\n\tdata-width=\"full-mobile\"\n\tdata-variant=\"default\"\n\ttarget=\"_self\">\n\t\t\t<span class=\"label\"> Kontakta oss<\/span>\n\t\t\t<\/a>\n\t\t\t<\/div>\n\t<\/div>\n\n\t\t\n\n<\/section>\n","protected":false},"excerpt":{"rendered":"","protected":false},"author":66,"featured_media":0,"parent":0,"menu_order":0,"comment_status":"closed","ping_status":"closed","template":"","meta":{"footnotes":""},"yoast_head":"<!-- This site is optimized with the Yoast SEO plugin v22.0 - https:\/\/yoast.com\/wordpress\/plugins\/seo\/ -->\n<title>Noblautmaningen | Noblaskolan Hagaberg<\/title>\n<meta name=\"description\" content=\"P\u00e5 Noblaskolan Hagaberg arbetar vi med retorik och probleml\u00f6sning f\u00f6r att l\u00e4randet ska vara b\u00e5de utmanande och verklighetsf\u00f6rankrat.\" \/>\n<meta name=\"robots\" content=\"index, follow, max-snippet:-1, max-image-preview:large, max-video-preview:-1\" \/>\n<link rel=\"canonical\" href=\"https:\/\/noblaskolan.se\/hagaberg\/noblautmaningen\/\" \/>\n<meta property=\"og:locale\" content=\"sv_SE\" \/>\n<meta property=\"og:type\" content=\"article\" \/>\n<meta property=\"og:title\" content=\"Noblautmaningen | Noblaskolan Hagaberg\" \/>\n<meta property=\"og:description\" content=\"P\u00e5 Noblaskolan Hagaberg arbetar vi med retorik och probleml\u00f6sning f\u00f6r att l\u00e4randet ska vara b\u00e5de utmanande och verklighetsf\u00f6rankrat.\" \/>\n<meta property=\"og:url\" content=\"https:\/\/noblaskolan.se\/hagaberg\/noblautmaningen\/\" \/>\n<meta property=\"og:site_name\" content=\"Hagaberg\" \/>\n<meta property=\"article:modified_time\" content=\"2024-06-05T07:42:06+00:00\" \/>\n<meta name=\"twitter:card\" content=\"summary_large_image\" \/>\n<meta name=\"twitter:title\" content=\"Noblautmaningen | Noblaskolan Hagaberg\" \/>\n<meta name=\"twitter:description\" content=\"P\u00e5 Noblaskolan Hagaberg arbetar vi med retorik och probleml\u00f6sning f\u00f6r att l\u00e4randet ska vara b\u00e5de utmanande och verklighetsf\u00f6rankrat.\" \/>\n<meta name=\"twitter:label1\" content=\"Ber\u00e4knad l\u00e4stid\" \/>\n\t<meta name=\"twitter:data1\" content=\"1 minut\" \/>\n<script type=\"application\/ld+json\" class=\"yoast-schema-graph\">{\"@context\":\"https:\/\/schema.org\",\"@graph\":[{\"@type\":\"WebPage\",\"@id\":\"https:\/\/noblaskolan.se\/hagaberg\/noblautmaningen\/\",\"url\":\"https:\/\/noblaskolan.se\/hagaberg\/noblautmaningen\/\",\"name\":\"Noblautmaningen | Noblaskolan Hagaberg\",\"isPartOf\":{\"@id\":\"https:\/\/noblaskolan.se\/hagaberg\/#website\"},\"datePublished\":\"2023-03-31T14:27:56+00:00\",\"dateModified\":\"2024-06-05T07:42:06+00:00\",\"description\":\"P\u00e5 Noblaskolan Hagaberg arbetar vi med retorik och probleml\u00f6sning f\u00f6r att l\u00e4randet ska vara b\u00e5de utmanande och verklighetsf\u00f6rankrat.\",\"breadcrumb\":{\"@id\":\"https:\/\/noblaskolan.se\/hagaberg\/noblautmaningen\/#breadcrumb\"},\"inLanguage\":\"sv-SE\",\"potentialAction\":[{\"@type\":\"ReadAction\",\"target\":[\"https:\/\/noblaskolan.se\/hagaberg\/noblautmaningen\/\"]}]},{\"@type\":\"BreadcrumbList\",\"@id\":\"https:\/\/noblaskolan.se\/hagaberg\/noblautmaningen\/#breadcrumb\",\"itemListElement\":[{\"@type\":\"ListItem\",\"position\":1,\"name\":\"Start\",\"item\":\"https:\/\/noblaskolan.se\/hagaberg\/\"},{\"@type\":\"ListItem\",\"position\":2,\"name\":\"Noblautmaningen\"}]},{\"@type\":\"WebSite\",\"@id\":\"https:\/\/noblaskolan.se\/hagaberg\/#website\",\"url\":\"https:\/\/noblaskolan.se\/hagaberg\/\",\"name\":\"Hagaberg\",\"description\":\"Noblaskolan Hagaberg\",\"potentialAction\":[{\"@type\":\"SearchAction\",\"target\":{\"@type\":\"EntryPoint\",\"urlTemplate\":\"https:\/\/noblaskolan.se\/hagaberg\/?s={search_term_string}\"},\"query-input\":\"required name=search_term_string\"}],\"inLanguage\":\"sv-SE\"}]}<\/script>\n<!-- \/ Yoast SEO plugin. -->","yoast_head_json":{"title":"Noblautmaningen | Noblaskolan Hagaberg","description":"P\u00e5 Noblaskolan Hagaberg arbetar vi med retorik och probleml\u00f6sning f\u00f6r att l\u00e4randet ska vara b\u00e5de utmanande och verklighetsf\u00f6rankrat.","robots":{"index":"index","follow":"follow","max-snippet":"max-snippet:-1","max-image-preview":"max-image-preview:large","max-video-preview":"max-video-preview:-1"},"canonical":"https:\/\/noblaskolan.se\/hagaberg\/noblautmaningen\/","og_locale":"sv_SE","og_type":"article","og_title":"Noblautmaningen | Noblaskolan Hagaberg","og_description":"P\u00e5 Noblaskolan Hagaberg arbetar vi med retorik och probleml\u00f6sning f\u00f6r att l\u00e4randet ska vara b\u00e5de utmanande och verklighetsf\u00f6rankrat.","og_url":"https:\/\/noblaskolan.se\/hagaberg\/noblautmaningen\/","og_site_name":"Hagaberg","article_modified_time":"2024-06-05T07:42:06+00:00","twitter_card":"summary_large_image","twitter_title":"Noblautmaningen | Noblaskolan Hagaberg","twitter_description":"P\u00e5 Noblaskolan Hagaberg arbetar vi med retorik och probleml\u00f6sning f\u00f6r att l\u00e4randet ska vara b\u00e5de utmanande och verklighetsf\u00f6rankrat.","twitter_misc":{"Ber\u00e4knad l\u00e4stid":"1 minut"},"schema":{"@context":"https:\/\/schema.org","@graph":[{"@type":"WebPage","@id":"https:\/\/noblaskolan.se\/hagaberg\/noblautmaningen\/","url":"https:\/\/noblaskolan.se\/hagaberg\/noblautmaningen\/","name":"Noblautmaningen | Noblaskolan Hagaberg","isPartOf":{"@id":"https:\/\/noblaskolan.se\/hagaberg\/#website"},"datePublished":"2023-03-31T14:27:56+00:00","dateModified":"2024-06-05T07:42:06+00:00","description":"P\u00e5 Noblaskolan Hagaberg arbetar vi med retorik och probleml\u00f6sning f\u00f6r att l\u00e4randet ska vara b\u00e5de utmanande och verklighetsf\u00f6rankrat.","breadcrumb":{"@id":"https:\/\/noblaskolan.se\/hagaberg\/noblautmaningen\/#breadcrumb"},"inLanguage":"sv-SE","potentialAction":[{"@type":"ReadAction","target":["https:\/\/noblaskolan.se\/hagaberg\/noblautmaningen\/"]}]},{"@type":"BreadcrumbList","@id":"https:\/\/noblaskolan.se\/hagaberg\/noblautmaningen\/#breadcrumb","itemListElement":[{"@type":"ListItem","position":1,"name":"Start","item":"https:\/\/noblaskolan.se\/hagaberg\/"},{"@type":"ListItem","position":2,"name":"Noblautmaningen"}]},{"@type":"WebSite","@id":"https:\/\/noblaskolan.se\/hagaberg\/#website","url":"https:\/\/noblaskolan.se\/hagaberg\/","name":"Hagaberg","description":"Noblaskolan Hagaberg","potentialAction":[{"@type":"SearchAction","target":{"@type":"EntryPoint","urlTemplate":"https:\/\/noblaskolan.se\/hagaberg\/?s={search_term_string}"},"query-input":"required name=search_term_string"}],"inLanguage":"sv-SE"}]}},"_links":{"self":[{"href":"https:\/\/noblaskolan.se\/hagaberg\/wp-json\/wp\/v2\/pages\/2067"}],"collection":[{"href":"https:\/\/noblaskolan.se\/hagaberg\/wp-json\/wp\/v2\/pages"}],"about":[{"href":"https:\/\/noblaskolan.se\/hagaberg\/wp-json\/wp\/v2\/types\/page"}],"author":[{"embeddable":true,"href":"https:\/\/noblaskolan.se\/hagaberg\/wp-json\/wp\/v2\/users\/66"}],"replies":[{"embeddable":true,"href":"https:\/\/noblaskolan.se\/hagaberg\/wp-json\/wp\/v2\/comments?post=2067"}],"version-history":[{"count":4,"href":"https:\/\/noblaskolan.se\/hagaberg\/wp-json\/wp\/v2\/pages\/2067\/revisions"}],"predecessor-version":[{"id":2249,"href":"https:\/\/noblaskolan.se\/hagaberg\/wp-json\/wp\/v2\/pages\/2067\/revisions\/2249"}],"wp:attachment":[{"href":"https:\/\/noblaskolan.se\/hagaberg\/wp-json\/wp\/v2\/media?parent=2067"}],"curies":[{"name":"wp","href":"https:\/\/api.w.org\/{rel}","templated":true}]}}