{"id":68,"date":"2020-09-07T16:30:20","date_gmt":"2020-09-07T14:30:20","guid":{"rendered":"https:\/\/noblaskolan.se\/brevik\/?page_id=68"},"modified":"2026-03-16T13:06:42","modified_gmt":"2026-03-16T12:06:42","slug":"en-del-av-academedia","status":"publish","type":"page","link":"https:\/\/noblaskolan.se\/brevik\/om\/en-del-av-academedia\/","title":{"rendered":"En del av AcadeMedia"},"content":{"rendered":"\n<div class=\"wp-block-columns is-layout-flex wp-container-core-columns-layout-1 wp-block-columns-is-layout-flex\">\n<div class=\"wp-block-column is-layout-flow wp-block-column-is-layout-flow\" style=\"flex-basis:66.66%\">\n\t<div class=\"module_wrapper ams_remote_pages_module \">\n\t\t\t\t\t\t\t<div class=\"container core-heading\">\n\t\t\t\t\t\t<div class=\"row\">\n\t\t\t\t\t\t\t<div class=\"col-12\">\n\t\t\t\t\t\t\t\t\n<h1 class=\"wp-block-heading\">En del av AcadeMedia<\/h1>\n\t\t\t\t\t\t\t<\/div>\n\t\t\t\t\t\t<\/div>\n\t\t\t\t\t<\/div>\n\t\t\t\t\t\t\t\t\t\t<div class=\"container acf-preamble\">\n\t\t\t\t\t\t<div class=\"row\">\n\t\t\t\t\t\t\t<div class=\"col-12\">\n\t\t\t\t\t\t\t\t\n<p   class=\"site__ingress container text-left  site__text-color--dark  site__free_text--ingress p-0\">\n\tNoblaskolan \u00e4r en del av AcadeMedia, norra Europas st\u00f6rsta utbildningsf\u00f6retag.<\/p>\n\n\n\t\t\t\t\t\t\t<\/div>\n\t\t\t\t\t\t<\/div>\n\t\t\t\t\t<\/div>\n\t\t\t\t\t\t\t\t\t\t<div class=\"container core-heading\">\n\t\t\t\t\t\t<div class=\"row\">\n\t\t\t\t\t\t\t<div class=\"col-12\">\n\t\t\t\t\t\t\t\t\n<h2 class=\"wp-block-heading\">Om AcadeMedia<\/h2>\n\t\t\t\t\t\t\t<\/div>\n\t\t\t\t\t\t<\/div>\n\t\t\t\t\t<\/div>\n\t\t\t\t\t\t\t\t\t\t<div class=\"container core-paragraph\">\n\t\t\t\t\t\t<div class=\"row\">\n\t\t\t\t\t\t\t<div class=\"col-12\">\n\t\t\t\t\t\t\t\t\n<p>AcadeMedia bedriver verksamheter i hela utbildningskedjan: f\u00f6rskola, grundskola, gymnasium och vuxenutbildning. Under ett \u00e5r g\u00e5r 80 000 f\u00f6rskolebarn och elever samt 100 000 vuxenstuderade i n\u00e5gon av AcadeMedias verksamheter. AcadeMedia har fler \u00e4n 17 500 medarbetare och \u00f6ver 650 f\u00f6rskolor, skolor och vuxenutbildningsenheter i Sverige och norra Europa.<\/p>\n\t\t\t\t\t\t\t<\/div>\n\t\t\t\t\t\t<\/div>\n\t\t\t\t\t<\/div>\n\t\t\t\t\t\t\t\t\t\t<div class=\"container core-heading\">\n\t\t\t\t\t\t<div class=\"row\">\n\t\t\t\t\t\t\t<div class=\"col-12\">\n\t\t\t\t\t\t\t\t\n<h2 class=\"wp-block-heading\">S\u00e5 fungerar det fria skolvalet<\/h2>\n\t\t\t\t\t\t\t<\/div>\n\t\t\t\t\t\t<\/div>\n\t\t\t\t\t<\/div>\n\t\t\t\t\t\t\t\t\t\t<div class=\"container core-paragraph\">\n\t\t\t\t\t\t<div class=\"row\">\n\t\t\t\t\t\t\t<div class=\"col-12\">\n\t\t\t\t\t\t\t\t\n<p>Det fria skolvalet fungerar mer som ett \u00f6nskem\u00e5l \u00e4n ett val. Som v\u00e5rdnadshavare har du r\u00e4tt att s\u00f6ka till skolor som du anser skulle passa er ut\u00f6ver den n\u00e4rmaste kommunala skolan. D\u00e4rmed \u00e4r det m\u00f6jligt att s\u00f6ka till b\u00e5de frist\u00e5ende och kommunala skolor.<\/p>\n\t\t\t\t\t\t\t<\/div>\n\t\t\t\t\t\t<\/div>\n\t\t\t\t\t<\/div>\n\t\t\t\t\t\t\t\t\t\t<div class=\"container core-paragraph\">\n\t\t\t\t\t\t<div class=\"row\">\n\t\t\t\t\t\t\t<div class=\"col-12\">\n\t\t\t\t\t\t\t\t\n<p>Vid val av skola f\u00e5r du m\u00f6jlighet att t\u00e4nka p\u00e5 vilken typ av skola, profil och pedagogik som skulle passa just er. Ett s\u00e4tt att l\u00e4ra k\u00e4nna skolan du \u00e4r intresserade av kan vara att l\u00e4sa mer h\u00e4r p\u00e5 hemsidan, h\u00e4r kan du hitta relevant information eller se tider f\u00f6r v\u00e5ra \u00f6ppet hus.<\/p>\n\t\t\t\t\t\t\t<\/div>\n\t\t\t\t\t\t<\/div>\n\t\t\t\t\t<\/div>\n\t\t\t\t\t\t\t\t\t\t<div class=\"container core-heading\">\n\t\t\t\t\t\t<div class=\"row\">\n\t\t\t\t\t\t\t<div class=\"col-12\">\n\t\t\t\t\t\t\t\t\n<h2 class=\"wp-block-heading\">Elevf\u00f6rs\u00e4kring<\/h2>\n\t\t\t\t\t\t\t<\/div>\n\t\t\t\t\t\t<\/div>\n\t\t\t\t\t<\/div>\n\t\t\t\t\t\t\t\t\t\t<div class=\"container core-paragraph\">\n\t\t\t\t\t\t<div class=\"row\">\n\t\t\t\t\t\t\t<div class=\"col-12\">\n\t\t\t\t\t\t\t\t\n<p>Elever p\u00e5 Noblaskolan \u00e4r v\u00e4l f\u00f6rs\u00e4krade om olyckan skulle vara framme. AcadeMedias elevolycksfallsf\u00f6rs\u00e4kring g\u00e4ller fr\u00e5n terminens start, dygnet runt och \u00e5ret om, fram till den 1 september det \u00e5r eleven g\u00e5r ut grundskolan. P\u00e5 <a href=\"https:\/\/medarbetare.academedia.se\/grundskola\/forsakringar\/\" target=\"_blank\" rel=\"noreferrer noopener\">AcadeMedias hemsida<\/a> kan du l\u00e4sa mer om hur f\u00f6rs\u00e4kringen fungerar.&nbsp;<\/p>\n\t\t\t\t\t\t\t<\/div>\n\t\t\t\t\t\t<\/div>\n\t\t\t\t\t<\/div>\n\t\t\t\t\t\t<\/div>\n\n\t<\/div>\n\n\n\n<div class=\"wp-block-column is-layout-flow wp-block-column-is-layout-flow\" style=\"flex-basis:33.33%\">\n\t<div class=\"module_wrapper ams_remote_pages_module \">\n\t\t<style>\n@media only screen and (min-width: 600px) {\n\t}\n@media only screen and (max-width: 600px) {\n\t}\n<\/style>\n<div   class=\"ams-fragor  site__primary-bg   ams-fragor-ojzaxgjftvcamzetkips\" >\n\t<p class=\"site__subheading-1  site__secondary-color--100  u-mb-2xs\">\n\t\tAcadeMedia i siffror\t<\/p>\n   \t\t <div   class=\" site__text-color--light  ams-fragor__namn\">\n\t\t\t\t\t\t<span class=\" ams-fragor__strong\">\n\t\t\t\t\t\t\t<\/span>\n\t\t<\/div>\n\t\t<div   class=\" site__text-color--light  ams-fragor__utbildning\">\n\t\t\t\t\t\t<span class=\" ams-fragor__strong\">\n\t\t\t\t\t\t\t<\/span>\n\t\t<\/div>\n\t\t\t\t\t<ul>\n\t\t\t\t\t\t\t<li   class=\" site__text-color--light  \" >\n\t\t\t\t\tBarn och elever:\t\t\t\t\t\t\t\t\t\t\t<span class=\"ams-fragor__strong\">\n\t\t\t\t\t\t\t80 000\t\t\t\t\t\t<\/span>\n\t\t\t\t\t\t\t\t\t<\/li>\n\t\t\t\t\t\t\t<li   class=\" site__text-color--light  \" >\n\t\t\t\t\tVuxenstuderande:\t\t\t\t\t\t\t\t\t\t\t<span class=\"ams-fragor__strong\">\n\t\t\t\t\t\t\t100 000\t\t\t\t\t\t<\/span>\n\t\t\t\t\t\t\t\t\t<\/li>\n\t\t\t\t\t\t\t<li   class=\" site__text-color--light  \" >\n\t\t\t\t\tMedarbetare:\t\t\t\t\t\t\t\t\t\t\t<span class=\"ams-fragor__strong\">\n\t\t\t\t\t\t\t17 500\t\t\t\t\t\t<\/span>\n\t\t\t\t\t\t\t\t\t<\/li>\n\t\t\t\t\t\t\t<li   class=\" site__text-color--light  \" >\n\t\t\t\t\tSkolor och f\u00f6rskolor:\t\t\t\t\t\t\t\t\t\t\t<span class=\"ams-fragor__strong\">\n\t\t\t\t\t\t\t\u00f6ver 650\t\t\t\t\t\t<\/span>\n\t\t\t\t\t\t\t\t\t<\/li>\n\t\t\t\t\t<\/ul>\n\t\t\t<\/div>\n<script>\n\tamsFragor = function() {\n\t\tvar w = window.innerWidth;\n\t\tvar siteMain = document.getElementsByClassName(\"site-main\")[0]\n\t\tif(typeof siteMain !== 'undefined'){\n\t\t\tvar testimonial = siteMain.getElementsByClassName(\"testimonial_header_module\")[0]\n\t\t\tif(typeof testimonial !== 'undefined'){\n\t\t\t\tvar amsFragor = document.getElementsByClassName(\"ams-fragor\")\n\t\t\t\tfor(var i = 0; i < amsFragor.length; i++){\n\t\t\t\t\tif(w > 769 ){\n\t\t\t\t\t\tamsFragor[i].setAttribute('style', \"margin-top: 50px\");\n\t\t\t\t\t}else{\n\t\t\t\t\t\tamsFragor[i].setAttribute('style', \"margin-top: 0px\");\n\t\t\t\t\t}\n\t\t\t\t}\n\t\t\t}\n\t\t}\n\t};\n\tamsFragor();\n\twindow.addEventListener(\"resize\", amsFragor);\n<\/script>\n\t<\/div>\n\n\t<\/div>\n<\/div>\n\n\n\n\n<section  class=\"ams-info-card c-block l-stacked\" data-color-scheme=\"bakgrund-hover-standard\">\n\t<div class=\"l-container l-stack l-stack-fluid-2xl u-pt-fluid-None u-pb-fluid-2xl-4xl is-center is-center@md\">\n\t\t\t\t\t<div class=\"ams-info-card__intro l-stack l-stack-lg\">\n\t\t\t\t\t\n\t<h2\n\tclass=\"c-heading u-font-title-1 \"\n\tstyle=\"\">\n\t\t\n\t\t\t\t\tVill du veta mer om Noblaskolan Brevik?\n\t\t\t\t\n\t<\/h2>\n\n\t\t\t\t\t\t\t<\/div>\n\t\t\n\t\t\t\t\t\n<ul class=\"ams-info-card__list l-grid u-gap-2xl\">\n\t\t\t<li class=\"l-col-6@md l-col-4@lg\">\n\t\t\t<article\n\t\t\t\tclass=\"\n\t\t\t\tc-card\n\t\t\t\t\n\t\t\t\thas-media-zoom\n\t\t\t\t\n\t\t\t\t\"\n\t\t\t\tdata-variant=\"space\"\n\t\t\t\tdata-style=\"square\"\n\t\t\t\t data-click-area\n\t\t\t\t\n\t\t\t\t\n\t\t\t\t>\n\t\t\t\t<div class=\"c-card__content l-stack l-stack-sm is-center is-center@md\">\n\t\t\t\t\t\t\t\t\t\t\t<h3 class=\"c-card__title u-font-title-3\">\n\t\t\t\t\t\t\t\t\t\t\t\t\t\t\t<a class=\"c-card__link\" href=\"https:\/\/noblaskolan.se\/brevik\/om\/\" target=\"_self\">\n\t\t\t\t\t\t\t\t\tVill du veta mer om oss?\n\t\t\t\t\t\t\t\t<\/a>\n\t\t\t\t\t\t\t\t\t\t\t\t\t<\/h3>\n\t\t\t\t\t\n\t\t\t\t\t\t\t\t\t\t\t<div class=\"c-card__text l-stack-xs u-font-body\">\n\t\t\t\t\t\t\t<p>L\u00e4s mer om skolan, hur vi jobbar och vad som \u00e4r viktigt f\u00f6r oss f\u00f6r att l\u00e4ra k\u00e4nna oss b\u00e4ttre.<\/p>\n\n\t\t\t\t\t\t<\/div>\n\t\t\t\t\t\n\t\t\t\t\t\t\t\t\t\t\t<div class=\"c-card__icon c-card__icon--nl\">\n\t\t\t\t\t\t\t\t\t\t\t\t\t\t<svg class=\"ams-icon ams-icon--arrow-right\" width=\"32\" height=\"32\" viewbox=\"0 0 32 32\" fill=\"currentColor\" aria-hidden=\"true\" xmlns=\"http:\/\/www.w3.org\/2000\/svg\">\n\t\t\t\t\t\t\t\t\t\t\t\t\t\t\t\t<path d=\"M15.4617 0.252159L14.9567 0.75931C14.6219 1.09545 14.6219 1.64048 14.9567 1.97669L27.7062 14.7806H0.857144C0.383786 14.7806 0 15.166 0 15.6414V16.3587C0 16.8341 0.383786 17.2195 0.857144 17.2195H27.7062L14.9567 30.0234C14.6219 30.3595 14.6219 30.9045 14.9567 31.2407L15.4617 31.7479C15.7964 32.084 16.3392 32.084 16.6739 31.7479L31.749 16.6087C32.0837 16.2725 32.0837 15.7275 31.749 15.3913L16.6739 0.252159C16.3392 -0.084053 15.7964 -0.084053 15.4617 0.252159Z\"\/>\n\t\t\t\t\t\t\t\n\t\t\t\t\t\t\t<\/svg>\n\t\t\t\t\t\t<\/div>\n\t\t\t\t\t\t\t\t\t<\/div>\n\n\t\t\t\t\t\t\t\t\t<div class=\"c-card__media \" style=\" \">\n\t\t\t\t\t\t<img decoding=\"async\" width=\"400\" height=\"267\" src=\"https:\/\/noblaskolan.se\/wp-content\/uploads\/2022\/07\/noblaskolan-om-skolan-202304-scaled-e1706252531876-400x267.jpg\" class=\"\" alt=\"Mellanstadieelever p\u00e5 Noblaskolan sitter i klassrummet under en lektion.\" sizes=\"(min-width: 64em) 300px, (min-width: 48em) calc(.50 * (100vw - 304px)), calc(100vw - 208px)\" srcset=\"https:\/\/noblaskolan.se\/wp-content\/uploads\/2022\/07\/noblaskolan-om-skolan-202304-scaled-e1706252531876-400x267.jpg 400w, https:\/\/noblaskolan.se\/wp-content\/uploads\/2022\/07\/noblaskolan-om-skolan-202304-scaled-e1706252531876-300x200.jpg 300w, https:\/\/noblaskolan.se\/wp-content\/uploads\/2022\/07\/noblaskolan-om-skolan-202304-scaled-e1706252531876-600x400.jpg 600w, https:\/\/noblaskolan.se\/wp-content\/uploads\/2022\/07\/noblaskolan-om-skolan-202304-scaled-e1706252531876-800x533.jpg 800w, https:\/\/noblaskolan.se\/wp-content\/uploads\/2022\/07\/noblaskolan-om-skolan-202304-scaled-e1706252531876-1024x683.jpg 1024w, https:\/\/noblaskolan.se\/wp-content\/uploads\/2022\/07\/noblaskolan-om-skolan-202304-scaled-e1706252531876-1200x800.jpg 1200w, https:\/\/noblaskolan.se\/wp-content\/uploads\/2022\/07\/noblaskolan-om-skolan-202304-scaled-e1706252531876.jpg 1770w\" \/>\n\t\t\t\t\t<\/div>\n\t\t\t\t\t\t\t<\/article>\n\t\t<\/li>\n\t\t\t<li class=\"l-col-6@md l-col-4@lg\">\n\t\t\t<article\n\t\t\t\tclass=\"\n\t\t\t\tc-card\n\t\t\t\t\n\t\t\t\thas-media-zoom\n\t\t\t\t\n\t\t\t\t\"\n\t\t\t\tdata-variant=\"space\"\n\t\t\t\tdata-style=\"square\"\n\t\t\t\t data-click-area\n\t\t\t\t\n\t\t\t\t\n\t\t\t\t>\n\t\t\t\t<div class=\"c-card__content l-stack l-stack-sm is-center is-center@md\">\n\t\t\t\t\t\t\t\t\t\t\t<h3 class=\"c-card__title u-font-title-3\">\n\t\t\t\t\t\t\t\t\t\t\t\t\t\t\t<a class=\"c-card__link\" href=\"https:\/\/noblaskolan.se\/brevik\/besok\/\" target=\"_self\">\n\t\t\t\t\t\t\t\t\tVill du bes\u00f6ka oss?\n\t\t\t\t\t\t\t\t<\/a>\n\t\t\t\t\t\t\t\t\t\t\t\t\t<\/h3>\n\t\t\t\t\t\n\t\t\t\t\t\t\t\t\t\t\t<div class=\"c-card__text l-stack-xs u-font-body\">\n\t\t\t\t\t\t\t<p>Om du vill f\u00e5 en b\u00e4ttre bild av skolan och v\u00e5rt arbetss\u00e4tt \u00e4r du varmt v\u00e4lkommen att bes\u00f6ka oss.<\/p>\n\n\t\t\t\t\t\t<\/div>\n\t\t\t\t\t\n\t\t\t\t\t\t\t\t\t\t\t<div class=\"c-card__icon c-card__icon--nl\">\n\t\t\t\t\t\t\t\t\t\t\t\t\t\t<svg class=\"ams-icon ams-icon--arrow-right\" width=\"32\" height=\"32\" viewbox=\"0 0 32 32\" fill=\"currentColor\" aria-hidden=\"true\" xmlns=\"http:\/\/www.w3.org\/2000\/svg\">\n\t\t\t\t\t\t\t\t\t\t\t\t\t\t\t\t<path d=\"M15.4617 0.252159L14.9567 0.75931C14.6219 1.09545 14.6219 1.64048 14.9567 1.97669L27.7062 14.7806H0.857144C0.383786 14.7806 0 15.166 0 15.6414V16.3587C0 16.8341 0.383786 17.2195 0.857144 17.2195H27.7062L14.9567 30.0234C14.6219 30.3595 14.6219 30.9045 14.9567 31.2407L15.4617 31.7479C15.7964 32.084 16.3392 32.084 16.6739 31.7479L31.749 16.6087C32.0837 16.2725 32.0837 15.7275 31.749 15.3913L16.6739 0.252159C16.3392 -0.084053 15.7964 -0.084053 15.4617 0.252159Z\"\/>\n\t\t\t\t\t\t\t\n\t\t\t\t\t\t\t<\/svg>\n\t\t\t\t\t\t<\/div>\n\t\t\t\t\t\t\t\t\t<\/div>\n\n\t\t\t\t\t\t\t\t\t<div class=\"c-card__media \" style=\" \">\n\t\t\t\t\t\t<img decoding=\"async\" width=\"400\" height=\"267\" src=\"https:\/\/noblaskolan.se\/wp-content\/uploads\/2022\/07\/noblaskolan-besok-202304-scaled-e1706252440872-400x267.jpg\" class=\"\" alt=\"En l\u00e5gstadieelev p\u00e5 Noblaskolan tittar glatt p\u00e5 sin l\u00e4rare.\" sizes=\"(min-width: 64em) 300px, (min-width: 48em) calc(.50 * (100vw - 304px)), calc(100vw - 208px)\" srcset=\"https:\/\/noblaskolan.se\/wp-content\/uploads\/2022\/07\/noblaskolan-besok-202304-scaled-e1706252440872-400x267.jpg 400w, https:\/\/noblaskolan.se\/wp-content\/uploads\/2022\/07\/noblaskolan-besok-202304-scaled-e1706252440872-300x200.jpg 300w, https:\/\/noblaskolan.se\/wp-content\/uploads\/2022\/07\/noblaskolan-besok-202304-scaled-e1706252440872-600x400.jpg 600w, https:\/\/noblaskolan.se\/wp-content\/uploads\/2022\/07\/noblaskolan-besok-202304-scaled-e1706252440872-800x534.jpg 800w, https:\/\/noblaskolan.se\/wp-content\/uploads\/2022\/07\/noblaskolan-besok-202304-scaled-e1706252440872-1024x683.jpg 1024w, https:\/\/noblaskolan.se\/wp-content\/uploads\/2022\/07\/noblaskolan-besok-202304-scaled-e1706252440872-1200x800.jpg 1200w, https:\/\/noblaskolan.se\/wp-content\/uploads\/2022\/07\/noblaskolan-besok-202304-scaled-e1706252440872.jpg 2000w\" \/>\n\t\t\t\t\t<\/div>\n\t\t\t\t\t\t\t<\/article>\n\t\t<\/li>\n\t\t\t<li class=\"l-col-6@md l-col-4@lg\">\n\t\t\t<article\n\t\t\t\tclass=\"\n\t\t\t\tc-card\n\t\t\t\t\n\t\t\t\thas-media-zoom\n\t\t\t\t\n\t\t\t\t\"\n\t\t\t\tdata-variant=\"space\"\n\t\t\t\tdata-style=\"square\"\n\t\t\t\t data-click-area\n\t\t\t\t\n\t\t\t\t\n\t\t\t\t>\n\t\t\t\t<div class=\"c-card__content l-stack l-stack-sm is-center is-center@md\">\n\t\t\t\t\t\t\t\t\t\t\t<h3 class=\"c-card__title u-font-title-3\">\n\t\t\t\t\t\t\t\t\t\t\t\t\t\t\t<a class=\"c-card__link\" href=\"https:\/\/noblaskolan.se\/brevik\/antagning\/\" target=\"_self\">\n\t\t\t\t\t\t\t\t\tHur g\u00e5r antagningen till?\n\t\t\t\t\t\t\t\t<\/a>\n\t\t\t\t\t\t\t\t\t\t\t\t\t<\/h3>\n\t\t\t\t\t\n\t\t\t\t\t\t\t\t\t\t\t<div class=\"c-card__text l-stack-xs u-font-body\">\n\t\t\t\t\t\t\t<p>L\u00e4s mer om hur antagningsprocessen g\u00e5r till och f\u00e5 svar p\u00e5 de vanligaste fr\u00e5gorna.<\/p>\n\n\t\t\t\t\t\t<\/div>\n\t\t\t\t\t\n\t\t\t\t\t\t\t\t\t\t\t<div class=\"c-card__icon c-card__icon--nl\">\n\t\t\t\t\t\t\t\t\t\t\t\t\t\t<svg class=\"ams-icon ams-icon--arrow-right\" width=\"32\" height=\"32\" viewbox=\"0 0 32 32\" fill=\"currentColor\" aria-hidden=\"true\" xmlns=\"http:\/\/www.w3.org\/2000\/svg\">\n\t\t\t\t\t\t\t\t\t\t\t\t\t\t\t\t<path d=\"M15.4617 0.252159L14.9567 0.75931C14.6219 1.09545 14.6219 1.64048 14.9567 1.97669L27.7062 14.7806H0.857144C0.383786 14.7806 0 15.166 0 15.6414V16.3587C0 16.8341 0.383786 17.2195 0.857144 17.2195H27.7062L14.9567 30.0234C14.6219 30.3595 14.6219 30.9045 14.9567 31.2407L15.4617 31.7479C15.7964 32.084 16.3392 32.084 16.6739 31.7479L31.749 16.6087C32.0837 16.2725 32.0837 15.7275 31.749 15.3913L16.6739 0.252159C16.3392 -0.084053 15.7964 -0.084053 15.4617 0.252159Z\"\/>\n\t\t\t\t\t\t\t\n\t\t\t\t\t\t\t<\/svg>\n\t\t\t\t\t\t<\/div>\n\t\t\t\t\t\t\t\t\t<\/div>\n\n\t\t\t\t\t\t\t\t\t<div class=\"c-card__media \" style=\" \">\n\t\t\t\t\t\t<img decoding=\"async\" width=\"400\" height=\"267\" src=\"https:\/\/noblaskolan.se\/wp-content\/uploads\/2022\/07\/noblaskolan-antagningsprocess-202304-scaled-e1706252457273-400x267.jpg\" class=\"\" alt=\"Elev p\u00e5 Noblaskolan sitter vid en skolb\u00e4nk p\u00e5 lektion och ler in i kameran.\" sizes=\"(min-width: 64em) 300px, (min-width: 48em) calc(.50 * (100vw - 304px)), calc(100vw - 208px)\" srcset=\"https:\/\/noblaskolan.se\/wp-content\/uploads\/2022\/07\/noblaskolan-antagningsprocess-202304-scaled-e1706252457273-400x267.jpg 400w, https:\/\/noblaskolan.se\/wp-content\/uploads\/2022\/07\/noblaskolan-antagningsprocess-202304-scaled-e1706252457273-300x200.jpg 300w, https:\/\/noblaskolan.se\/wp-content\/uploads\/2022\/07\/noblaskolan-antagningsprocess-202304-scaled-e1706252457273-600x400.jpg 600w, https:\/\/noblaskolan.se\/wp-content\/uploads\/2022\/07\/noblaskolan-antagningsprocess-202304-scaled-e1706252457273-800x534.jpg 800w, https:\/\/noblaskolan.se\/wp-content\/uploads\/2022\/07\/noblaskolan-antagningsprocess-202304-scaled-e1706252457273-1024x683.jpg 1024w, https:\/\/noblaskolan.se\/wp-content\/uploads\/2022\/07\/noblaskolan-antagningsprocess-202304-scaled-e1706252457273-1200x800.jpg 1200w, https:\/\/noblaskolan.se\/wp-content\/uploads\/2022\/07\/noblaskolan-antagningsprocess-202304-scaled-e1706252457273.jpg 2000w\" \/>\n\t\t\t\t\t<\/div>\n\t\t\t\t\t\t\t<\/article>\n\t\t<\/li>\n\t<\/ul>\n\t\n\t\t\t<\/div>\n\n\t\t\n\n<\/section>\n\n\n<div   id=\"page-relative-menu\" class=\"site__font-monospace   container_width--full_width_conIcon   d-lg-none  \">\n\n\t\t\t\n<\/div>\n","protected":false},"excerpt":{"rendered":"","protected":false},"author":3,"featured_media":0,"parent":20,"menu_order":0,"comment_status":"closed","ping_status":"closed","template":"","meta":{"footnotes":""},"yoast_head":"<!-- This site is optimized with the Yoast SEO plugin v22.0 - https:\/\/yoast.com\/wordpress\/plugins\/seo\/ -->\n<title>En del av AcadeMedia | Noblaskolan Brevik<\/title>\n<meta name=\"description\" content=\"H\u00e4r kan du hitta information om vad det inneb\u00e4r att vi \u00e4r en del av AcadeMedia.\" \/>\n<meta name=\"robots\" content=\"index, follow, max-snippet:-1, max-image-preview:large, max-video-preview:-1\" \/>\n<link rel=\"canonical\" href=\"https:\/\/noblaskolan.se\/om\/academedia\/\" \/>\n<meta property=\"og:locale\" content=\"sv_SE\" \/>\n<meta property=\"og:type\" content=\"article\" \/>\n<meta property=\"og:title\" content=\"En del av AcadeMedia | Noblaskolan Brevik\" \/>\n<meta property=\"og:description\" content=\"H\u00e4r kan du hitta information om vad det inneb\u00e4r att vi \u00e4r en del av AcadeMedia.\" \/>\n<meta property=\"og:url\" content=\"https:\/\/noblaskolan.se\/om\/academedia\/\" \/>\n<meta property=\"og:site_name\" content=\"Brevik\" \/>\n<meta property=\"article:modified_time\" content=\"2026-03-16T12:06:42+00:00\" \/>\n<meta name=\"twitter:card\" content=\"summary_large_image\" \/>\n<meta name=\"twitter:title\" content=\"En del av AcadeMedia | Noblaskolan Brevik\" \/>\n<meta name=\"twitter:description\" content=\"H\u00e4r kan du hitta information om vad det inneb\u00e4r att vi \u00e4r en del av AcadeMedia.\" \/>\n<meta name=\"twitter:label1\" content=\"Ber\u00e4knad l\u00e4stid\" \/>\n\t<meta name=\"twitter:data1\" content=\"1 minut\" \/>\n<script type=\"application\/ld+json\" class=\"yoast-schema-graph\">{\"@context\":\"https:\/\/schema.org\",\"@graph\":[{\"@type\":\"WebPage\",\"@id\":\"https:\/\/noblaskolan.se\/brevik\/om\/en-del-av-academedia\/\",\"url\":\"https:\/\/noblaskolan.se\/om\/academedia\/\",\"name\":\"En del av AcadeMedia | Noblaskolan Brevik\",\"isPartOf\":{\"@id\":\"https:\/\/noblaskolan.se\/brevik\/#website\"},\"datePublished\":\"2020-09-07T14:30:20+00:00\",\"dateModified\":\"2026-03-16T12:06:42+00:00\",\"description\":\"H\u00e4r kan du hitta information om vad det inneb\u00e4r att vi \u00e4r en del av AcadeMedia.\",\"breadcrumb\":{\"@id\":\"https:\/\/noblaskolan.se\/om\/academedia\/#breadcrumb\"},\"inLanguage\":\"sv-SE\",\"potentialAction\":[{\"@type\":\"ReadAction\",\"target\":[\"https:\/\/noblaskolan.se\/om\/academedia\/\"]}]},{\"@type\":\"BreadcrumbList\",\"@id\":\"https:\/\/noblaskolan.se\/om\/academedia\/#breadcrumb\",\"itemListElement\":[{\"@type\":\"ListItem\",\"position\":1,\"name\":\"Start\",\"item\":\"https:\/\/noblaskolan.se\/brevik\/\"},{\"@type\":\"ListItem\",\"position\":2,\"name\":\"Om oss\",\"item\":\"https:\/\/noblaskolan.se\/brevik\/om\/\"},{\"@type\":\"ListItem\",\"position\":3,\"name\":\"En del av AcadeMedia\"}]},{\"@type\":\"WebSite\",\"@id\":\"https:\/\/noblaskolan.se\/brevik\/#website\",\"url\":\"https:\/\/noblaskolan.se\/brevik\/\",\"name\":\"Brevik\",\"description\":\"Noblaskolan Boden\",\"potentialAction\":[{\"@type\":\"SearchAction\",\"target\":{\"@type\":\"EntryPoint\",\"urlTemplate\":\"https:\/\/noblaskolan.se\/brevik\/?s={search_term_string}\"},\"query-input\":\"required name=search_term_string\"}],\"inLanguage\":\"sv-SE\"}]}<\/script>\n<!-- \/ Yoast SEO plugin. -->","yoast_head_json":{"title":"En del av AcadeMedia | Noblaskolan Brevik","description":"H\u00e4r kan du hitta information om vad det inneb\u00e4r att vi \u00e4r en del av AcadeMedia.","robots":{"index":"index","follow":"follow","max-snippet":"max-snippet:-1","max-image-preview":"max-image-preview:large","max-video-preview":"max-video-preview:-1"},"canonical":"https:\/\/noblaskolan.se\/om\/academedia\/","og_locale":"sv_SE","og_type":"article","og_title":"En del av AcadeMedia | Noblaskolan Brevik","og_description":"H\u00e4r kan du hitta information om vad det inneb\u00e4r att vi \u00e4r en del av AcadeMedia.","og_url":"https:\/\/noblaskolan.se\/om\/academedia\/","og_site_name":"Brevik","article_modified_time":"2026-03-16T12:06:42+00:00","twitter_card":"summary_large_image","twitter_title":"En del av AcadeMedia | Noblaskolan Brevik","twitter_description":"H\u00e4r kan du hitta information om vad det inneb\u00e4r att vi \u00e4r en del av AcadeMedia.","twitter_misc":{"Ber\u00e4knad l\u00e4stid":"1 minut"},"schema":{"@context":"https:\/\/schema.org","@graph":[{"@type":"WebPage","@id":"https:\/\/noblaskolan.se\/brevik\/om\/en-del-av-academedia\/","url":"https:\/\/noblaskolan.se\/om\/academedia\/","name":"En del av AcadeMedia | Noblaskolan Brevik","isPartOf":{"@id":"https:\/\/noblaskolan.se\/brevik\/#website"},"datePublished":"2020-09-07T14:30:20+00:00","dateModified":"2026-03-16T12:06:42+00:00","description":"H\u00e4r kan du hitta information om vad det inneb\u00e4r att vi \u00e4r en del av AcadeMedia.","breadcrumb":{"@id":"https:\/\/noblaskolan.se\/om\/academedia\/#breadcrumb"},"inLanguage":"sv-SE","potentialAction":[{"@type":"ReadAction","target":["https:\/\/noblaskolan.se\/om\/academedia\/"]}]},{"@type":"BreadcrumbList","@id":"https:\/\/noblaskolan.se\/om\/academedia\/#breadcrumb","itemListElement":[{"@type":"ListItem","position":1,"name":"Start","item":"https:\/\/noblaskolan.se\/brevik\/"},{"@type":"ListItem","position":2,"name":"Om oss","item":"https:\/\/noblaskolan.se\/brevik\/om\/"},{"@type":"ListItem","position":3,"name":"En del av AcadeMedia"}]},{"@type":"WebSite","@id":"https:\/\/noblaskolan.se\/brevik\/#website","url":"https:\/\/noblaskolan.se\/brevik\/","name":"Brevik","description":"Noblaskolan Boden","potentialAction":[{"@type":"SearchAction","target":{"@type":"EntryPoint","urlTemplate":"https:\/\/noblaskolan.se\/brevik\/?s={search_term_string}"},"query-input":"required name=search_term_string"}],"inLanguage":"sv-SE"}]}},"_links":{"self":[{"href":"https:\/\/noblaskolan.se\/brevik\/wp-json\/wp\/v2\/pages\/68"}],"collection":[{"href":"https:\/\/noblaskolan.se\/brevik\/wp-json\/wp\/v2\/pages"}],"about":[{"href":"https:\/\/noblaskolan.se\/brevik\/wp-json\/wp\/v2\/types\/page"}],"author":[{"embeddable":true,"href":"https:\/\/noblaskolan.se\/brevik\/wp-json\/wp\/v2\/users\/3"}],"replies":[{"embeddable":true,"href":"https:\/\/noblaskolan.se\/brevik\/wp-json\/wp\/v2\/comments?post=68"}],"version-history":[{"count":10,"href":"https:\/\/noblaskolan.se\/brevik\/wp-json\/wp\/v2\/pages\/68\/revisions"}],"predecessor-version":[{"id":3357,"href":"https:\/\/noblaskolan.se\/brevik\/wp-json\/wp\/v2\/pages\/68\/revisions\/3357"}],"up":[{"embeddable":true,"href":"https:\/\/noblaskolan.se\/brevik\/wp-json\/wp\/v2\/pages\/20"}],"wp:attachment":[{"href":"https:\/\/noblaskolan.se\/brevik\/wp-json\/wp\/v2\/media?parent=68"}],"curies":[{"name":"wp","href":"https:\/\/api.w.org\/{rel}","templated":true}]}}