{"id":34,"date":"2020-09-01T22:08:40","date_gmt":"2020-09-01T20:08:40","guid":{"rendered":"https:\/\/noblaskolan.se\/brevik\/?page_id=34"},"modified":"2026-03-16T13:04:18","modified_gmt":"2026-03-16T12:04:18","slug":"skolmat","status":"publish","type":"page","link":"https:\/\/noblaskolan.se\/brevik\/om\/skolmat\/","title":{"rendered":"V\u00e5r mat"},"content":{"rendered":"\n<div class=\"wp-block-columns is-layout-flex wp-container-core-columns-layout-1 wp-block-columns-is-layout-flex\">\n<div class=\"wp-block-column is-layout-flow wp-block-column-is-layout-flow\" style=\"flex-basis:100%\">\n<h1 class=\"wp-block-heading\">Maten p\u00e5 Noblaskolan Brevik<\/h1>\n\n\n\n<p   class=\"site__ingress container text-left  site__text-color--dark  site__free_text--ingress p-0\">\n\tI v\u00e5r skolmatsal serveras god mat av h\u00f6g kvalitet med noga utvalda r\u00e5varor. F\u00f6r oss \u00e4r det viktigt att servera n\u00e4ringsrik mat d\u00e5 det \u00e4r en f\u00f6ruts\u00e4ttning f\u00f6r att v\u00e5ra elever ska m\u00e5 bra och n\u00e5 sin fulla potential. <\/p>\n\n\n\n\n\n<h2 class=\"wp-block-heading\">Vi st\u00e4ller krav p\u00e5 skolmaten<\/h2>\n\n\n\n<p>P\u00e5 Noblaskolan vet vi att bra matvanor \u00e4r en f\u00f6ruts\u00e4ttning f\u00f6r att varje elev ska m\u00e5 bra, utvecklas och orka g\u00e5 i skolan. Elever som \u00e4ter en tillr\u00e4cklig lunch orkar koncentrera sig under lektionerna och har d\u00e4rf\u00f6r b\u00e4ttre f\u00f6ruts\u00e4ttningar att prestera bra i skolan.  <\/p>\n\n\n\n<h2 class=\"wp-block-heading\">En bra skolmat ska vara god, h\u00e4lsosam och lustfylld<\/h2>\n\n\n\n<p>V\u00e5rt m\u00e5l \u00e4r att eleverna ska f\u00e5 uppleva olika matr\u00e4tter och smakupplevelser. D\u00e4rf\u00f6r uppmuntrar vi barnen till att v\u00e5ga smaka nya r\u00e4tter och att alltid \u00e4ta n\u00e5gon av de sallader som erbjuds.\n<\/p>\n\n\n\n<h3 class=\"wp-block-heading\">Anm\u00e4la specialkost<\/h3>\n\n\n\n<p>I Schoolsoft kan ni anm\u00e4la specialkost. <\/p>\n\n\n\n<div style=\"height:45px\" aria-hidden=\"true\" class=\"wp-block-spacer\"><\/div>\n\n\n\n<p><img decoding=\"async\" class=\"wp-image-716\" style=\"width: 150px;\" src=\"https:\/\/vittra.se\/wp-content\/uploads\/sites\/23\/2021\/09\/eu-logo-skolmjolk.jpeg\" alt=\"\"><\/p>\n<\/div>\n<\/div>\n\n\n\t<div\n\t\t class=\"container images-module\" >\n\t\t<div class=\"row\">\n\t\t\t<div\n\t\t\t\t\tclass=\"col-12 p-0 position-relative images_module__slideshow images_module__slideshow-container \">\n\t\t\t\t<div class=\"images_module__slide\" data-slide=\"\"\n\t\t\t\t\t data-duration=\"\"><\/div>\n\t\t\t\t\t\t\t\t\t<div\n\t\t\t\t\t\t class=\"images_module__slides \">\n\n\n\t\t\t\t\t\t<div class=\"images__wrapper\" style=\"aspect-ratio: 1200 \/ 531;\">\n\t\t\t\t\t\t\t<img decoding=\"async\" width=\"2560\" height=\"1707\" src=\"https:\/\/noblaskolan.se\/wp-content\/uploads\/sites\/34\/2024\/01\/noblaskolan-skolmat-brevik-202304-scaled.jpg\" class=\"images__image_ratio  \" alt=\"Noblaskolans kock st\u00e5r i k\u00f6ket och sk\u00e4r br\u00f6d, ler in i kameran.\" style=\"aspect-ratio: 1200 \/ 531;object-position: center top;\" srcset=\"https:\/\/noblaskolan.se\/wp-content\/uploads\/sites\/34\/2024\/01\/noblaskolan-skolmat-brevik-202304-scaled.jpg 2560w, https:\/\/noblaskolan.se\/wp-content\/uploads\/sites\/34\/2024\/01\/noblaskolan-skolmat-brevik-202304-scaled-300x200.jpg 300w, https:\/\/noblaskolan.se\/wp-content\/uploads\/sites\/34\/2024\/01\/noblaskolan-skolmat-brevik-202304-scaled-400x267.jpg 400w, https:\/\/noblaskolan.se\/wp-content\/uploads\/sites\/34\/2024\/01\/noblaskolan-skolmat-brevik-202304-scaled-600x400.jpg 600w, https:\/\/noblaskolan.se\/wp-content\/uploads\/sites\/34\/2024\/01\/noblaskolan-skolmat-brevik-202304-scaled-800x533.jpg 800w, https:\/\/noblaskolan.se\/wp-content\/uploads\/sites\/34\/2024\/01\/noblaskolan-skolmat-brevik-202304-scaled-1024x683.jpg 1024w, https:\/\/noblaskolan.se\/wp-content\/uploads\/sites\/34\/2024\/01\/noblaskolan-skolmat-brevik-202304-scaled-1200x800.jpg 1200w\" sizes=\"(max-width: 2560px) 100vw, 2560px\" \/>\t\t\t\t\t\t<\/div>\n\n\t\t\t\t\t\t\n\n\t\t\t\t\t\t\t\t\t\t\t<\/div>\n\t\t\t\t\n\t\t\t\t<div class=\"images_module__container_dot\">\n\t\t\t\t\t<div style=\"text-align:center\">\n\t\t\t\t\t\t\t\t\t\t\t\t\t<span   data-i=\"0\"\n\t\t\t\t\t\t\t\t  class=\"\n\t\t\t\t\t\t\timages_module__dot\n\t\t\t\t\t\t\t\t\t\t\t\t\t\t\"\n\t\t\t\t\t\t\t><\/span>\n\t\t\t\t\t\t\t\t\t\t\t<\/div>\n\t\t\t\t<\/div>\n\n\t\t\t<\/div>\n\t\t<\/div>\n\t<\/div>\n\t\n\n\n<script>\n\tvar images_display_descriptive_text = \"\";\n<\/script>\n\n\n<div   id=\"page-relative-menu\" class=\"site__font-monospace   container_width--full_width_conIcon   d-lg-none  \">\n\n\t\t\t\n<\/div>\n","protected":false},"excerpt":{"rendered":"<p>Maten p\u00e5 Noblaskolan Brevik Vi st\u00e4ller krav p\u00e5 skolmaten P\u00e5 Noblaskolan vet vi att bra matvanor \u00e4r en f\u00f6ruts\u00e4ttning f\u00f6r att varje elev ska m\u00e5 bra, utvecklas och orka g\u00e5 i skolan. Elever som \u00e4ter en tillr\u00e4cklig lunch orkar koncentrera sig under lektionerna och har d\u00e4rf\u00f6r b\u00e4ttre f\u00f6ruts\u00e4ttningar att prestera bra i skolan. En bra&#8230;<\/p>\n","protected":false},"author":1,"featured_media":0,"parent":20,"menu_order":0,"comment_status":"closed","ping_status":"closed","template":"","meta":{"footnotes":""},"yoast_head":"<!-- This site is optimized with the Yoast SEO plugin v22.0 - https:\/\/yoast.com\/wordpress\/plugins\/seo\/ -->\n<title>V\u00e5r skolmat | Brevik<\/title>\n<meta name=\"description\" content=\"L\u00e4s om skolmaten p\u00e5 Noblaskolan Brevik. Vi satsar p\u00e5 n\u00e4ringsrik mat f\u00f6r god h\u00e4lsa med m\u00f6jlighet till specialkost. Se veckans matsedel i Schoolsoft.\" \/>\n<meta name=\"robots\" content=\"index, follow, max-snippet:-1, max-image-preview:large, max-video-preview:-1\" \/>\n<link rel=\"canonical\" href=\"https:\/\/noblaskolan.se\/brevik\/om\/skolmat\/\" \/>\n<meta property=\"og:locale\" content=\"sv_SE\" \/>\n<meta property=\"og:type\" content=\"article\" \/>\n<meta property=\"og:title\" content=\"V\u00e5r skolmat | Brevik\" \/>\n<meta property=\"og:description\" content=\"L\u00e4s om skolmaten p\u00e5 Noblaskolan Brevik. Vi satsar p\u00e5 n\u00e4ringsrik mat f\u00f6r god h\u00e4lsa med m\u00f6jlighet till specialkost. Se veckans matsedel i Schoolsoft.\" \/>\n<meta property=\"og:url\" content=\"https:\/\/noblaskolan.se\/brevik\/om\/skolmat\/\" \/>\n<meta property=\"og:site_name\" content=\"Brevik\" \/>\n<meta property=\"article:modified_time\" content=\"2026-03-16T12:04:18+00:00\" \/>\n<meta property=\"og:image\" content=\"https:\/\/noblaskolan.se\/wp-content\/uploads\/sites\/34\/2024\/01\/noblaskolan-skolmat-brevik-202304-scaled-1200x630.jpg\" \/>\n<meta name=\"twitter:card\" content=\"summary_large_image\" \/>\n<meta name=\"twitter:title\" content=\"V\u00e5r skolmat | Brevik\" \/>\n<meta name=\"twitter:description\" content=\"L\u00e4s om skolmaten p\u00e5 Noblaskolan Brevik. Vi satsar p\u00e5 n\u00e4ringsrik mat f\u00f6r god h\u00e4lsa med m\u00f6jlighet till specialkost. Se veckans matsedel i Schoolsoft.\" \/>\n<meta name=\"twitter:image\" content=\"https:\/\/noblaskolan.se\/wp-content\/uploads\/sites\/34\/2024\/01\/noblaskolan-skolmat-brevik-202304-scaled-1200x630.jpg\" \/>\n<meta name=\"twitter:label1\" content=\"Ber\u00e4knad l\u00e4stid\" \/>\n\t<meta name=\"twitter:data1\" content=\"1 minut\" \/>\n<script type=\"application\/ld+json\" class=\"yoast-schema-graph\">{\"@context\":\"https:\/\/schema.org\",\"@graph\":[{\"@type\":\"WebPage\",\"@id\":\"https:\/\/noblaskolan.se\/brevik\/om\/skolmat\/\",\"url\":\"https:\/\/noblaskolan.se\/brevik\/om\/skolmat\/\",\"name\":\"V\u00e5r skolmat | Brevik\",\"isPartOf\":{\"@id\":\"https:\/\/noblaskolan.se\/brevik\/#website\"},\"datePublished\":\"2020-09-01T20:08:40+00:00\",\"dateModified\":\"2026-03-16T12:04:18+00:00\",\"description\":\"L\u00e4s om skolmaten p\u00e5 Noblaskolan Brevik. Vi satsar p\u00e5 n\u00e4ringsrik mat f\u00f6r god h\u00e4lsa med m\u00f6jlighet till specialkost. Se veckans matsedel i Schoolsoft.\",\"breadcrumb\":{\"@id\":\"https:\/\/noblaskolan.se\/brevik\/om\/skolmat\/#breadcrumb\"},\"inLanguage\":\"sv-SE\",\"potentialAction\":[{\"@type\":\"ReadAction\",\"target\":[\"https:\/\/noblaskolan.se\/brevik\/om\/skolmat\/\"]}]},{\"@type\":\"BreadcrumbList\",\"@id\":\"https:\/\/noblaskolan.se\/brevik\/om\/skolmat\/#breadcrumb\",\"itemListElement\":[{\"@type\":\"ListItem\",\"position\":1,\"name\":\"Start\",\"item\":\"https:\/\/noblaskolan.se\/brevik\/\"},{\"@type\":\"ListItem\",\"position\":2,\"name\":\"Om oss\",\"item\":\"https:\/\/noblaskolan.se\/brevik\/om\/\"},{\"@type\":\"ListItem\",\"position\":3,\"name\":\"V\u00e5r mat\"}]},{\"@type\":\"WebSite\",\"@id\":\"https:\/\/noblaskolan.se\/brevik\/#website\",\"url\":\"https:\/\/noblaskolan.se\/brevik\/\",\"name\":\"Brevik\",\"description\":\"Noblaskolan Boden\",\"potentialAction\":[{\"@type\":\"SearchAction\",\"target\":{\"@type\":\"EntryPoint\",\"urlTemplate\":\"https:\/\/noblaskolan.se\/brevik\/?s={search_term_string}\"},\"query-input\":\"required name=search_term_string\"}],\"inLanguage\":\"sv-SE\"}]}<\/script>\n<!-- \/ Yoast SEO plugin. -->","yoast_head_json":{"title":"V\u00e5r skolmat | Brevik","description":"L\u00e4s om skolmaten p\u00e5 Noblaskolan Brevik. Vi satsar p\u00e5 n\u00e4ringsrik mat f\u00f6r god h\u00e4lsa med m\u00f6jlighet till specialkost. Se veckans matsedel i Schoolsoft.","robots":{"index":"index","follow":"follow","max-snippet":"max-snippet:-1","max-image-preview":"max-image-preview:large","max-video-preview":"max-video-preview:-1"},"canonical":"https:\/\/noblaskolan.se\/brevik\/om\/skolmat\/","og_locale":"sv_SE","og_type":"article","og_title":"V\u00e5r skolmat | Brevik","og_description":"L\u00e4s om skolmaten p\u00e5 Noblaskolan Brevik. Vi satsar p\u00e5 n\u00e4ringsrik mat f\u00f6r god h\u00e4lsa med m\u00f6jlighet till specialkost. Se veckans matsedel i Schoolsoft.","og_url":"https:\/\/noblaskolan.se\/brevik\/om\/skolmat\/","og_site_name":"Brevik","article_modified_time":"2026-03-16T12:04:18+00:00","og_image":[{"url":"https:\/\/noblaskolan.se\/wp-content\/uploads\/sites\/34\/2024\/01\/noblaskolan-skolmat-brevik-202304-scaled-1200x630.jpg"}],"twitter_card":"summary_large_image","twitter_title":"V\u00e5r skolmat | Brevik","twitter_description":"L\u00e4s om skolmaten p\u00e5 Noblaskolan Brevik. Vi satsar p\u00e5 n\u00e4ringsrik mat f\u00f6r god h\u00e4lsa med m\u00f6jlighet till specialkost. Se veckans matsedel i Schoolsoft.","twitter_image":"https:\/\/noblaskolan.se\/wp-content\/uploads\/sites\/34\/2024\/01\/noblaskolan-skolmat-brevik-202304-scaled-1200x630.jpg","twitter_misc":{"Ber\u00e4knad l\u00e4stid":"1 minut"},"schema":{"@context":"https:\/\/schema.org","@graph":[{"@type":"WebPage","@id":"https:\/\/noblaskolan.se\/brevik\/om\/skolmat\/","url":"https:\/\/noblaskolan.se\/brevik\/om\/skolmat\/","name":"V\u00e5r skolmat | Brevik","isPartOf":{"@id":"https:\/\/noblaskolan.se\/brevik\/#website"},"datePublished":"2020-09-01T20:08:40+00:00","dateModified":"2026-03-16T12:04:18+00:00","description":"L\u00e4s om skolmaten p\u00e5 Noblaskolan Brevik. Vi satsar p\u00e5 n\u00e4ringsrik mat f\u00f6r god h\u00e4lsa med m\u00f6jlighet till specialkost. Se veckans matsedel i Schoolsoft.","breadcrumb":{"@id":"https:\/\/noblaskolan.se\/brevik\/om\/skolmat\/#breadcrumb"},"inLanguage":"sv-SE","potentialAction":[{"@type":"ReadAction","target":["https:\/\/noblaskolan.se\/brevik\/om\/skolmat\/"]}]},{"@type":"BreadcrumbList","@id":"https:\/\/noblaskolan.se\/brevik\/om\/skolmat\/#breadcrumb","itemListElement":[{"@type":"ListItem","position":1,"name":"Start","item":"https:\/\/noblaskolan.se\/brevik\/"},{"@type":"ListItem","position":2,"name":"Om oss","item":"https:\/\/noblaskolan.se\/brevik\/om\/"},{"@type":"ListItem","position":3,"name":"V\u00e5r mat"}]},{"@type":"WebSite","@id":"https:\/\/noblaskolan.se\/brevik\/#website","url":"https:\/\/noblaskolan.se\/brevik\/","name":"Brevik","description":"Noblaskolan Boden","potentialAction":[{"@type":"SearchAction","target":{"@type":"EntryPoint","urlTemplate":"https:\/\/noblaskolan.se\/brevik\/?s={search_term_string}"},"query-input":"required name=search_term_string"}],"inLanguage":"sv-SE"}]}},"_links":{"self":[{"href":"https:\/\/noblaskolan.se\/brevik\/wp-json\/wp\/v2\/pages\/34"}],"collection":[{"href":"https:\/\/noblaskolan.se\/brevik\/wp-json\/wp\/v2\/pages"}],"about":[{"href":"https:\/\/noblaskolan.se\/brevik\/wp-json\/wp\/v2\/types\/page"}],"author":[{"embeddable":true,"href":"https:\/\/noblaskolan.se\/brevik\/wp-json\/wp\/v2\/users\/1"}],"replies":[{"embeddable":true,"href":"https:\/\/noblaskolan.se\/brevik\/wp-json\/wp\/v2\/comments?post=34"}],"version-history":[{"count":10,"href":"https:\/\/noblaskolan.se\/brevik\/wp-json\/wp\/v2\/pages\/34\/revisions"}],"predecessor-version":[{"id":3352,"href":"https:\/\/noblaskolan.se\/brevik\/wp-json\/wp\/v2\/pages\/34\/revisions\/3352"}],"up":[{"embeddable":true,"href":"https:\/\/noblaskolan.se\/brevik\/wp-json\/wp\/v2\/pages\/20"}],"wp:attachment":[{"href":"https:\/\/noblaskolan.se\/brevik\/wp-json\/wp\/v2\/media?parent=34"}],"curies":[{"name":"wp","href":"https:\/\/api.w.org\/{rel}","templated":true}]}}