{"id":2896,"date":"2022-09-13T15:35:35","date_gmt":"2022-09-13T13:35:35","guid":{"rendered":"https:\/\/noblaskolan.se\/brevik\/?page_id=2896"},"modified":"2026-01-29T14:20:09","modified_gmt":"2026-01-29T13:20:09","slug":"forskola","status":"publish","type":"page","link":"https:\/\/noblaskolan.se\/brevik\/om\/forskola\/","title":{"rendered":"F\u00f6rskola"},"content":{"rendered":"\n\t\n\t\n\t\n\n\t\n\t\n\t\t\n<section  class=\"c-block l-stacked  \" data-color-scheme=\"\">\n\t<div class=\"ams-fifty ams-fifty--container ams-fifty--right ams-fifty--bottom l-container u-pt-fluid-2xl-4xl u-pb-fluid-2xl-4xl\">\n\t\t<div class=\"ams-fifty__content l-stack l-stack-xl is-left is-left@lg\">\n\t\t\t<div class=\"ams-fifty__text l-stack l-stack-lg\">\n\t\t\t\t\t\n\t<h2\n\tclass=\"c-heading u-font-title-1 \"\n\tstyle=\"\">\n\t\t\n\t\t\t\t\tNoblaskolan Breviks f\u00f6rskola i Tyres\u00f6\n\t\t\t\t\n\t<\/h2>\n\n\t\t\t\t\t\t\t\t\t<div class=\"text l-stack u-font-body\">\n\t\t\t\t\t\t<p>P\u00e5 v\u00e5r f\u00f6rskola i Tyres\u00f6 g\u00f6r vi v\u00e5rt yttersta f\u00f6r att skapa h\u00e4rliga upplevelser och l\u00e4rsituationer b\u00e5de inne och ute. H\u00e4r utg\u00f6r f\u00f6rskolans l\u00e4roplan, v\u00e5rt tematiska arbete och barnens intressen grunden f\u00f6r all verksamhet.<\/p>\n<p>Vi har tv\u00e5 samverkande avdelningar, Lilla f\u00f6rskolan och Stora f\u00f6rskolan. I v\u00e5rt grundkoncept ing\u00e5r att skolan ska vara stimulerande, utvecklande och trygg och Noblaskolan Brevik \u00e4r en sn\u00e4ll skola f\u00f6r bildning och kunskap.<\/p>\n\n\t\t\t\t\t<\/div>\n\t\t\t\t\t\t\t<\/div>\n\n\t\t\t\t\t<\/div>\n\n\t\t <div class=\"ams-fifty__media u-ratio-landscape\">\n\t\t \t\t\t\t\t<img decoding=\"async\" width=\"600\" height=\"400\" src=\"https:\/\/noblaskolan.se\/wp-content\/uploads\/sites\/34\/2023\/08\/mariastadenhelsingborg2022-20273-scaled-600x400.jpg\" class=\"attachment-md size-md\" alt=\"Tre elever som \u00e4r ute och cyklar p\u00e5 skolg\u00e5rden.\" sizes=\"(min-width: 64em) 600px, calc(100vw - 160px)\" srcset=\"https:\/\/noblaskolan.se\/wp-content\/uploads\/sites\/34\/2023\/08\/mariastadenhelsingborg2022-20273-scaled-600x400.jpg 600w, https:\/\/noblaskolan.se\/wp-content\/uploads\/sites\/34\/2023\/08\/mariastadenhelsingborg2022-20273-scaled-300x200.jpg 300w, https:\/\/noblaskolan.se\/wp-content\/uploads\/sites\/34\/2023\/08\/mariastadenhelsingborg2022-20273-scaled-400x267.jpg 400w, https:\/\/noblaskolan.se\/wp-content\/uploads\/sites\/34\/2023\/08\/mariastadenhelsingborg2022-20273-scaled-800x533.jpg 800w, https:\/\/noblaskolan.se\/wp-content\/uploads\/sites\/34\/2023\/08\/mariastadenhelsingborg2022-20273-scaled-1024x683.jpg 1024w, https:\/\/noblaskolan.se\/wp-content\/uploads\/sites\/34\/2023\/08\/mariastadenhelsingborg2022-20273-scaled-1200x800.jpg 1200w\" \/>\n\t\t\t\n\t\t\t\n\t\t\t\t\t<\/div>\n\t<\/div>\n\n\t\t\n\n<\/section>\n\n\n\n\t\n\t\n\t\n\n\t\n\t\n\t\t\n<section  class=\"c-block l-stacked  \" data-color-scheme=\"ljusgron\">\n\t<div class=\"ams-fifty ams-fifty--container ams-fifty--right ams-fifty--bottom l-container u-pt-fluid-2xl-4xl u-pb-fluid-2xl-4xl\">\n\t\t<div class=\"ams-fifty__content l-stack l-stack-xl is-left is-left@lg\">\n\t\t\t<div class=\"ams-fifty__text l-stack l-stack-lg\">\n\t\t\t\t\t\n\t<h1\n\tclass=\"c-heading u-font-title-1 \"\n\tstyle=\"\">\n\t\t\n\t\t\t\t\t\t\t\t\tEn vanlig dag \n\t\t\t\t<span class=\"c-heading__sub is-below u-font-title-3\">\n\t\t\t\t\tp\u00e5 Noblaskolan Breviks f\u00f6rskola\n\t\t\t\t<\/span>\n\t\t\t\t\t\t\t\n\t<\/h1>\n\n\t\t\t\t\t\t\t\t\t<div class=\"text l-stack u-font-body\">\n\t\t\t\t\t\t<h3><strong>Lugn morgon med lek och l\u00e4rande<\/strong><span style=\"font-weight: 400;\"><br \/>\n<\/span><\/h3>\n<p><span style=\"font-weight: 400;\">V\u00e5ra dagar b\u00f6rjar med en lugn l\u00e4mning och fri lek, d\u00e4r barnen sj\u00e4lva v\u00e4ljer aktivitet. Vi serverar en n\u00e4ringsrik frukost mellan 6.30-7.15. F\u00f6rmiddagen \u00e4gnas \u00e5t b\u00e5de fri lek och planerade aktiviteter, ofta med fokus p\u00e5 lekfullt l\u00e4rande utifr\u00e5n v\u00e5r l\u00e4roplan. Det kan vara allt fr\u00e5n skapande till s\u00e5ngstunder eller utflykter. All v\u00e5r undervisning genomsyras av ett gemensamt tema f\u00f6r hela skolan, vilket skapar gl\u00e4dje, sammanhang och en r\u00f6d tr\u00e5d.<\/span><\/p>\n<h3><strong>Spr\u00e5k och kommunikation i fokus<\/strong><span style=\"font-weight: 400;\"><br \/>\n<\/span><\/h3>\n<p><span style=\"font-weight: 400;\">Vi arbetar aktivt med retorik, d\u00e4r barnen tr\u00e4nar p\u00e5 att uttrycka sig och argumentera. V\u00e5r undervisning kring retorik och spr\u00e5kutveckling \u00e4r i huvudsak med hj\u00e4lp av F\u00f6re Bornholm som \u00e4r ett systematiskt material med spr\u00e5klekar, ramsor och s\u00e5nger f\u00f6r f\u00f6rskolan, som tidigt stimulerar barns spr\u00e5kliga medvetenhet. Stort fokus ligger ocks\u00e5 p\u00e5 probleml\u00f6sning genom lek. Vid cirka 10:45 \u00e4r det dags f\u00f6r lunch och sedan en stunds vila eller lugn aktivitet.\u00a0<\/span><\/p>\n<h3><strong>Eftermiddagar med lek och kreativitet<\/strong><span style=\"font-weight: 400;\"><br \/>\n<\/span><\/h3>\n<p><span style=\"font-weight: 400;\">P\u00e5 eftermiddagen leker vi antingen utomhus, eller forts\u00e4tter med temaarbeten inomhus. Dagen avrundas med ett mellanm\u00e5l och mer fri lek fram till h\u00e4mtning. Barnens h\u00f6jdpunkter p\u00e5 en vanlig vardag i f\u00f6rskolan \u00e4r framf\u00f6rallt de gemensamma aktiviteterna, s\u00e5som projekt, stors\u00e5ngsamlingar, fredagsdans m.m. Det \u00e4r i dessa stunder som l\u00e4randet blir roligt, meningsfullt och utvecklande. <\/span><\/p>\n\n\t\t\t\t\t<\/div>\n\t\t\t\t\t\t\t<\/div>\n\n\t\t\t\t\t<\/div>\n\n\t\t <div class=\"ams-fifty__media u-ratio-square\">\n\t\t \t\t\t\t\t<img decoding=\"async\" width=\"600\" height=\"800\" src=\"https:\/\/noblaskolan.se\/wp-content\/uploads\/sites\/34\/2026\/01\/fsk-600x800.jpg\" class=\"attachment-md size-md\" alt=\"L\u00e4sh\u00f6rna med soffa och b\u00f6cker p\u00e5 Brevik f\u00f6rskola\" sizes=\"(min-width: 64em) 600px, calc(100vw - 160px)\" srcset=\"https:\/\/noblaskolan.se\/wp-content\/uploads\/sites\/34\/2026\/01\/fsk-600x800.jpg 600w, https:\/\/noblaskolan.se\/wp-content\/uploads\/sites\/34\/2026\/01\/fsk-300x400.jpg 300w, https:\/\/noblaskolan.se\/wp-content\/uploads\/sites\/34\/2026\/01\/fsk-400x533.jpg 400w, https:\/\/noblaskolan.se\/wp-content\/uploads\/sites\/34\/2026\/01\/fsk-800x1067.jpg 800w, https:\/\/noblaskolan.se\/wp-content\/uploads\/sites\/34\/2026\/01\/fsk-1024x1365.jpg 1024w, https:\/\/noblaskolan.se\/wp-content\/uploads\/sites\/34\/2026\/01\/fsk-1200x1600.jpg 1200w, https:\/\/noblaskolan.se\/wp-content\/uploads\/sites\/34\/2026\/01\/fsk.jpg 1440w\" \/>\n\t\t\t\n\t\t\t\n\t\t\t\t\t<\/div>\n\t<\/div>\n\n\t\t\n\n<\/section>\n\n\n\n<div style=\"height:100px\" aria-hidden=\"true\" class=\"wp-block-spacer\"><\/div>\n\n\n\n\t\n\t\n\t\n\n\t\n\t\n\t\t\n<section  class=\"c-block l-stacked  \" data-color-scheme=\"transparent\">\n\t<div class=\"ams-fifty ams-fifty--container ams-fifty--left ams-fifty--bottom l-container u-pt-fluid-None u-pb-fluid-2xl-4xl\">\n\t\t<div class=\"ams-fifty__content l-stack l-stack-xl is-left is-left@lg\">\n\t\t\t<div class=\"ams-fifty__text l-stack l-stack-lg\">\n\t\t\t\t\t\n\t<h2\n\tclass=\"c-heading u-font-title-2 \"\n\tstyle=\"\">\n\t\t\n\t\t\t\t\tAllt vi g\u00f6r inne g\u00f6r vi ocks\u00e5 ute\n\t\t\t\t\n\t<\/h2>\n\n\t\t\t\t\t\t\t\t\t<div class=\"text l-stack u-font-body\">\n\t\t\t\t\t\t<p>Vi har f\u00f6rdelen av att v\u00e5r f\u00f6rskola ligger naturn\u00e4ra och har en bra utemilj\u00f6, d\u00e4rf\u00f6r ser vi till att inkludera naturen till stor del i v\u00e5r verksamhet. \u00c4ven utomhus jobbar vi med ett lustfyllt l\u00e4rande utifr\u00e5n de olika omr\u00e5dena i l\u00e4roplanen. V\u00e5r innemilj\u00f6 \u00e4r v\u00e4l genomt\u00e4nkt f\u00f6r att skapa gl\u00e4djefulla utmaningar och l\u00e4rsituationer. Vi observerar, diskuterar och analyserar f\u00f6r att utforma milj\u00f6er som ska inspirera till utforskning, lek och l\u00e4rande.<\/p>\n<h3>Trygghet och engagerad personal<\/h3>\n<p>F\u00f6r oss \u00e4r det en sj\u00e4lvklarhet att alla barn skall vara trygga p\u00e5 f\u00f6rskolan. Trygghet bygger vi genom relationer, n\u00e4rvarande pedagoger och ett n\u00e4ra samarbete med hemmet. Vi g\u00f6r v\u00e5rt yttersta f\u00f6r att skapa upplevelser och l\u00e4rsituationer b\u00e5de inne och ute d\u00e4r f\u00f6rskolans l\u00e4roplan, v\u00e5rt tematiska arbete och barnens intressen utg\u00f6r grunden f\u00f6r all verksamhet. V\u00e5ra kompetenta och professionella pedagoger arbetar f\u00f6r att barns intressen och behov skall tillgodoses. V\u00e5rt arbetss\u00e4tt erbjuder barnen att sj\u00e4lva vara delaktiga och g\u00f6ra aktiva val, vilket skapar utveckling och l\u00e4rande.<\/p>\n\n\t\t\t\t\t<\/div>\n\t\t\t\t\t\t\t<\/div>\n\n\t\t\t\t\t<\/div>\n\n\t\t <div class=\"ams-fifty__media u-ratio-square\">\n\t\t \t\t\t\t\t<img decoding=\"async\" width=\"600\" height=\"400\" src=\"https:\/\/noblaskolan.se\/wp-content\/uploads\/sites\/34\/2023\/08\/mariastadenhelsingborg2022-2027-scaled-600x400.jpg\" class=\"attachment-md size-md\" alt=\"En pedagog som sitter och l\u00e4ser f\u00f6r fyra elever.\" sizes=\"(min-width: 64em) 600px, calc(100vw - 160px)\" srcset=\"https:\/\/noblaskolan.se\/wp-content\/uploads\/sites\/34\/2023\/08\/mariastadenhelsingborg2022-2027-scaled-600x400.jpg 600w, https:\/\/noblaskolan.se\/wp-content\/uploads\/sites\/34\/2023\/08\/mariastadenhelsingborg2022-2027-scaled-300x200.jpg 300w, https:\/\/noblaskolan.se\/wp-content\/uploads\/sites\/34\/2023\/08\/mariastadenhelsingborg2022-2027-scaled-400x267.jpg 400w, https:\/\/noblaskolan.se\/wp-content\/uploads\/sites\/34\/2023\/08\/mariastadenhelsingborg2022-2027-scaled-800x533.jpg 800w, https:\/\/noblaskolan.se\/wp-content\/uploads\/sites\/34\/2023\/08\/mariastadenhelsingborg2022-2027-scaled-1024x683.jpg 1024w, https:\/\/noblaskolan.se\/wp-content\/uploads\/sites\/34\/2023\/08\/mariastadenhelsingborg2022-2027-scaled-1200x800.jpg 1200w\" \/>\n\t\t\t\n\t\t\t\n\t\t\t\t\t<\/div>\n\t<\/div>\n\n\t\t\n\n<\/section>\n\n\n\n\t\n\t\n\t\n\n\t\n\t\n\t\t\n<section  class=\"c-block l-stacked  \" data-color-scheme=\"transparent\">\n\t<div class=\"ams-fifty ams-fifty--container ams-fifty--right ams-fifty--bottom l-container u-pt-fluid-2xl-4xl u-pb-fluid-2xl-4xl\">\n\t\t<div class=\"ams-fifty__content l-stack l-stack-xl is-left is-left@lg\">\n\t\t\t<div class=\"ams-fifty__text l-stack l-stack-lg\">\n\t\t\t\t\t\n\t<h2\n\tclass=\"c-heading u-font-title-2 \"\n\tstyle=\"\">\n\t\t\n\t\t\t\t\tInskolning p\u00e5 f\u00f6rskolan\n\t\t\t\t\n\t<\/h2>\n\n\t\t\t\t\t\t\t\t\t<div class=\"text l-stack u-font-body\">\n\t\t\t\t\t\t<p>Vi till\u00e4mpar i normalfallet 5-dagarsinskolning vid start i en ny f\u00f6rskoleavdelning (1\u20132-\u00e5ringar) och 3-dagarsinskolning n\u00e4r man erbjuds plats p\u00e5 en befintlig f\u00f6rskoleavdelning. Barn som b\u00f6rjar i f\u00f6rskoleklass och i skolan\/fritids beh\u00f6ver i normalfallet n\u00e5gon enstaka inskolningsdag. Vi rekommenderar lite kortare dagar f\u00f6rsta veckan efter inskolningen.<\/p>\n<p>P\u00e5 inskolningen f\u00e5r barnet l\u00e4ra k\u00e4nna sina pedagoger, nya kamrater och f\u00e5r i sin egen takt k\u00e4nna in f\u00f6rskolemilj\u00f6n. Inskolningen kan vara en k\u00e4nslosam \u00f6verg\u00e5ngstid f\u00f6r m\u00e5nga barn, men \u00e4ven f\u00f6r f\u00f6r\u00e4ldrar och v\u00e5rdnadshavare. Vi vill d\u00e4rf\u00f6r att den ska g\u00e5 smidigt och se till att ditt barn k\u00e4nner sig trygg hos oss, d\u00e4r du kan lita p\u00e5 att vi tar hand om ditt barn. Du som v\u00e5rdnadshavare kan alltid ringa oss p\u00e5 f\u00f6rskolan och h\u00f6ra hur det g\u00e5r efter\u00e5t.<\/p>\n<h3>Schema vid inskolning<\/h3>\n<p>Vi har ett grundschema f\u00f6r inskolningen men anpassar den naturligtvis s\u00e5 att den ska fungera f\u00f6r varje enskilt barn. Vi \u00e4r noga med korta och tydliga l\u00e4mningar och h\u00e4mtningar. Efter inskolningsperioden kan f\u00f6r\u00e4ldern g\u00e5 till arbetet, men vara kontaktbar och finnas tillg\u00e4nglig.<\/p>\n<h4>Bra saker att t\u00e4nka p\u00e5 inf\u00f6r inskolning<\/h4>\n<p>\u2022 Ta med n\u00e5got som g\u00f6r att ditt barn k\u00e4nner sig trygg. Till exempel ett gosedjur, napp eller en filt.<br \/>\n\u2022\u00a0Ta med kl\u00e4der f\u00f6r b\u00e5de inomhus- och utomhuslek i alla v\u00e4der samt extrakl\u00e4der.<br \/>\n\u2022 M\u00e4rk barnets tillh\u00f6righeter med namn.<br \/>\n\u2022 Meddela eventuella allergier eller specialkost.<br \/>\n\u2022 Se till att vi har korrekt och uppdaterad kontaktinformation till er som f\u00f6r\u00e4lder.<\/p>\n\n\t\t\t\t\t<\/div>\n\t\t\t\t\t\t\t<\/div>\n\n\t\t\t\t\t<\/div>\n\n\t\t <div class=\"ams-fifty__media u-ratio-square\">\n\t\t \t\t\t\t\t<img decoding=\"async\" width=\"600\" height=\"400\" src=\"https:\/\/noblaskolan.se\/wp-content\/uploads\/sites\/34\/2023\/08\/mariastadenhelsingborg2022-20272-2-scaled-600x400.jpg\" class=\"attachment-md size-md\" alt=\"Tv\u00e5 elever som ligger p\u00e5 mage i ett r\u00f6r p\u00e5 skolg\u00e5rden och ler in i kameran.\" sizes=\"(min-width: 64em) 600px, calc(100vw - 160px)\" srcset=\"https:\/\/noblaskolan.se\/wp-content\/uploads\/sites\/34\/2023\/08\/mariastadenhelsingborg2022-20272-2-scaled-600x400.jpg 600w, https:\/\/noblaskolan.se\/wp-content\/uploads\/sites\/34\/2023\/08\/mariastadenhelsingborg2022-20272-2-scaled-300x200.jpg 300w, https:\/\/noblaskolan.se\/wp-content\/uploads\/sites\/34\/2023\/08\/mariastadenhelsingborg2022-20272-2-scaled-400x267.jpg 400w, https:\/\/noblaskolan.se\/wp-content\/uploads\/sites\/34\/2023\/08\/mariastadenhelsingborg2022-20272-2-scaled-800x533.jpg 800w, https:\/\/noblaskolan.se\/wp-content\/uploads\/sites\/34\/2023\/08\/mariastadenhelsingborg2022-20272-2-scaled-1024x683.jpg 1024w, https:\/\/noblaskolan.se\/wp-content\/uploads\/sites\/34\/2023\/08\/mariastadenhelsingborg2022-20272-2-scaled-1200x800.jpg 1200w\" \/>\n\t\t\t\n\t\t\t\n\t\t\t\t\t<\/div>\n\t<\/div>\n\n\t\t\n\n<\/section>\n\n\n\n\n<section  class=\"ams-cta ams-cta--stacked c-block l-stacked ams-border\" data-color-scheme=\"ljusgron\">\n\t<div class=\"l-container-narrow l-stack l-stack-fluid-2xl u-pt-fluid-2xl-4xl u-pb-fluid-2xl-4xl is-center is-center@md\">\n\t\t\t\t\t<div class=\"ams-cta__intro l-stack l-stack-lg\">\n\t\t\t\t\t\n\t<h2\n\tclass=\"c-heading u-font-title-1 \"\n\tstyle=\"\">\n\t\t\n\t\t\t\t\tVill du s\u00f6ka till v\u00e5r f\u00f6rskola?\n\t\t\t\t\n\t<\/h2>\n\n\t\t\t\t\t\t\t\t\t<div class=\"c-text l-stack u-cs-xl u-font-body\">\n\t\t\t\t\t\t<p>L\u00e4s mer om k\u00f6anm\u00e4lan och st\u00e4ll ditt barn i k\u00f6 till f\u00f6rskolan p\u00e5 Noblaskolan Brevik.<\/p>\n\n\t\t\t\t\t<\/div>\n\t\t\t\t\t\t\t<\/div>\n\t\t\n\t\t\n\t\t\t<div class=\"ams-cta__action u-inline-items\">\n\t\t\t\t\t\t\t\n\n\n<a href=\"https:\/\/noblaskolan.se\/brevik\/koanmalan\/\"\n\t\n\tclass=\"c-btn \"\n\tdata-style=\"round\"\n\tdata-size=\"md\"\n\tdata-width=\"full-mobile\"\n\tdata-variant=\"default\"\n\ttarget=\"_self\">\n\t\t\t<span class=\"label\"> St\u00e4ll ditt barn i k\u00f6<\/span>\n\t\t\t<\/a>\n\t\t\t<\/div>\n\t<\/div>\n\n\t\t\n\n<\/section>\n","protected":false},"excerpt":{"rendered":"","protected":false},"author":5,"featured_media":0,"parent":20,"menu_order":0,"comment_status":"closed","ping_status":"closed","template":"","meta":{"footnotes":""},"yoast_head":"<!-- This site is optimized with the Yoast SEO plugin v22.0 - https:\/\/yoast.com\/wordpress\/plugins\/seo\/ -->\n<title>F\u00f6rskola i Tyres\u00f6 | Noblaskolan Brevik<\/title>\n<meta name=\"description\" content=\"P\u00e5 v\u00e5r f\u00f6rskola g\u00f6r vi v\u00e5rt yttersta f\u00f6r att skapa h\u00e4rliga upplevelser och l\u00e4rsituationer b\u00e5de inne och ute.\" \/>\n<meta name=\"robots\" content=\"index, follow, max-snippet:-1, max-image-preview:large, max-video-preview:-1\" \/>\n<link rel=\"canonical\" href=\"https:\/\/noblaskolan.se\/brevik\/om\/forskola\/\" \/>\n<meta property=\"og:locale\" content=\"sv_SE\" \/>\n<meta property=\"og:type\" content=\"article\" \/>\n<meta property=\"og:title\" content=\"F\u00f6rskola i Tyres\u00f6 | Noblaskolan Brevik\" \/>\n<meta property=\"og:description\" content=\"P\u00e5 v\u00e5r f\u00f6rskola g\u00f6r vi v\u00e5rt yttersta f\u00f6r att skapa h\u00e4rliga upplevelser och l\u00e4rsituationer b\u00e5de inne och ute.\" \/>\n<meta property=\"og:url\" content=\"https:\/\/noblaskolan.se\/brevik\/om\/forskola\/\" \/>\n<meta property=\"og:site_name\" content=\"Brevik\" \/>\n<meta property=\"article:modified_time\" content=\"2026-01-29T13:20:09+00:00\" \/>\n<meta name=\"twitter:card\" content=\"summary_large_image\" \/>\n<meta name=\"twitter:title\" content=\"F\u00f6rskola i Tyres\u00f6 | Noblaskolan Brevik\" \/>\n<meta name=\"twitter:description\" content=\"P\u00e5 v\u00e5r f\u00f6rskola g\u00f6r vi v\u00e5rt yttersta f\u00f6r att skapa h\u00e4rliga upplevelser och l\u00e4rsituationer b\u00e5de inne och ute.\" \/>\n<meta name=\"twitter:label1\" content=\"Ber\u00e4knad l\u00e4stid\" \/>\n\t<meta name=\"twitter:data1\" content=\"5 minuter\" \/>\n<script type=\"application\/ld+json\" class=\"yoast-schema-graph\">{\"@context\":\"https:\/\/schema.org\",\"@graph\":[{\"@type\":\"WebPage\",\"@id\":\"https:\/\/noblaskolan.se\/brevik\/om\/forskola\/\",\"url\":\"https:\/\/noblaskolan.se\/brevik\/om\/forskola\/\",\"name\":\"F\u00f6rskola i Tyres\u00f6 | Noblaskolan Brevik\",\"isPartOf\":{\"@id\":\"https:\/\/noblaskolan.se\/brevik\/#website\"},\"datePublished\":\"2022-09-13T13:35:35+00:00\",\"dateModified\":\"2026-01-29T13:20:09+00:00\",\"description\":\"P\u00e5 v\u00e5r f\u00f6rskola g\u00f6r vi v\u00e5rt yttersta f\u00f6r att skapa h\u00e4rliga upplevelser och l\u00e4rsituationer b\u00e5de inne och ute.\",\"breadcrumb\":{\"@id\":\"https:\/\/noblaskolan.se\/brevik\/om\/forskola\/#breadcrumb\"},\"inLanguage\":\"sv-SE\",\"potentialAction\":[{\"@type\":\"ReadAction\",\"target\":[\"https:\/\/noblaskolan.se\/brevik\/om\/forskola\/\"]}]},{\"@type\":\"BreadcrumbList\",\"@id\":\"https:\/\/noblaskolan.se\/brevik\/om\/forskola\/#breadcrumb\",\"itemListElement\":[{\"@type\":\"ListItem\",\"position\":1,\"name\":\"Start\",\"item\":\"https:\/\/noblaskolan.se\/brevik\/\"},{\"@type\":\"ListItem\",\"position\":2,\"name\":\"Om oss\",\"item\":\"https:\/\/noblaskolan.se\/brevik\/om\/\"},{\"@type\":\"ListItem\",\"position\":3,\"name\":\"F\u00f6rskola\"}]},{\"@type\":\"WebSite\",\"@id\":\"https:\/\/noblaskolan.se\/brevik\/#website\",\"url\":\"https:\/\/noblaskolan.se\/brevik\/\",\"name\":\"Brevik\",\"description\":\"Noblaskolan Boden\",\"potentialAction\":[{\"@type\":\"SearchAction\",\"target\":{\"@type\":\"EntryPoint\",\"urlTemplate\":\"https:\/\/noblaskolan.se\/brevik\/?s={search_term_string}\"},\"query-input\":\"required name=search_term_string\"}],\"inLanguage\":\"sv-SE\"}]}<\/script>\n<!-- \/ Yoast SEO plugin. -->","yoast_head_json":{"title":"F\u00f6rskola i Tyres\u00f6 | Noblaskolan Brevik","description":"P\u00e5 v\u00e5r f\u00f6rskola g\u00f6r vi v\u00e5rt yttersta f\u00f6r att skapa h\u00e4rliga upplevelser och l\u00e4rsituationer b\u00e5de inne och ute.","robots":{"index":"index","follow":"follow","max-snippet":"max-snippet:-1","max-image-preview":"max-image-preview:large","max-video-preview":"max-video-preview:-1"},"canonical":"https:\/\/noblaskolan.se\/brevik\/om\/forskola\/","og_locale":"sv_SE","og_type":"article","og_title":"F\u00f6rskola i Tyres\u00f6 | Noblaskolan Brevik","og_description":"P\u00e5 v\u00e5r f\u00f6rskola g\u00f6r vi v\u00e5rt yttersta f\u00f6r att skapa h\u00e4rliga upplevelser och l\u00e4rsituationer b\u00e5de inne och ute.","og_url":"https:\/\/noblaskolan.se\/brevik\/om\/forskola\/","og_site_name":"Brevik","article_modified_time":"2026-01-29T13:20:09+00:00","twitter_card":"summary_large_image","twitter_title":"F\u00f6rskola i Tyres\u00f6 | Noblaskolan Brevik","twitter_description":"P\u00e5 v\u00e5r f\u00f6rskola g\u00f6r vi v\u00e5rt yttersta f\u00f6r att skapa h\u00e4rliga upplevelser och l\u00e4rsituationer b\u00e5de inne och ute.","twitter_misc":{"Ber\u00e4knad l\u00e4stid":"5 minuter"},"schema":{"@context":"https:\/\/schema.org","@graph":[{"@type":"WebPage","@id":"https:\/\/noblaskolan.se\/brevik\/om\/forskola\/","url":"https:\/\/noblaskolan.se\/brevik\/om\/forskola\/","name":"F\u00f6rskola i Tyres\u00f6 | Noblaskolan Brevik","isPartOf":{"@id":"https:\/\/noblaskolan.se\/brevik\/#website"},"datePublished":"2022-09-13T13:35:35+00:00","dateModified":"2026-01-29T13:20:09+00:00","description":"P\u00e5 v\u00e5r f\u00f6rskola g\u00f6r vi v\u00e5rt yttersta f\u00f6r att skapa h\u00e4rliga upplevelser och l\u00e4rsituationer b\u00e5de inne och ute.","breadcrumb":{"@id":"https:\/\/noblaskolan.se\/brevik\/om\/forskola\/#breadcrumb"},"inLanguage":"sv-SE","potentialAction":[{"@type":"ReadAction","target":["https:\/\/noblaskolan.se\/brevik\/om\/forskola\/"]}]},{"@type":"BreadcrumbList","@id":"https:\/\/noblaskolan.se\/brevik\/om\/forskola\/#breadcrumb","itemListElement":[{"@type":"ListItem","position":1,"name":"Start","item":"https:\/\/noblaskolan.se\/brevik\/"},{"@type":"ListItem","position":2,"name":"Om oss","item":"https:\/\/noblaskolan.se\/brevik\/om\/"},{"@type":"ListItem","position":3,"name":"F\u00f6rskola"}]},{"@type":"WebSite","@id":"https:\/\/noblaskolan.se\/brevik\/#website","url":"https:\/\/noblaskolan.se\/brevik\/","name":"Brevik","description":"Noblaskolan Boden","potentialAction":[{"@type":"SearchAction","target":{"@type":"EntryPoint","urlTemplate":"https:\/\/noblaskolan.se\/brevik\/?s={search_term_string}"},"query-input":"required name=search_term_string"}],"inLanguage":"sv-SE"}]}},"_links":{"self":[{"href":"https:\/\/noblaskolan.se\/brevik\/wp-json\/wp\/v2\/pages\/2896"}],"collection":[{"href":"https:\/\/noblaskolan.se\/brevik\/wp-json\/wp\/v2\/pages"}],"about":[{"href":"https:\/\/noblaskolan.se\/brevik\/wp-json\/wp\/v2\/types\/page"}],"author":[{"embeddable":true,"href":"https:\/\/noblaskolan.se\/brevik\/wp-json\/wp\/v2\/users\/5"}],"replies":[{"embeddable":true,"href":"https:\/\/noblaskolan.se\/brevik\/wp-json\/wp\/v2\/comments?post=2896"}],"version-history":[{"count":10,"href":"https:\/\/noblaskolan.se\/brevik\/wp-json\/wp\/v2\/pages\/2896\/revisions"}],"predecessor-version":[{"id":3360,"href":"https:\/\/noblaskolan.se\/brevik\/wp-json\/wp\/v2\/pages\/2896\/revisions\/3360"}],"up":[{"embeddable":true,"href":"https:\/\/noblaskolan.se\/brevik\/wp-json\/wp\/v2\/pages\/20"}],"wp:attachment":[{"href":"https:\/\/noblaskolan.se\/brevik\/wp-json\/wp\/v2\/media?parent=2896"}],"curies":[{"name":"wp","href":"https:\/\/api.w.org\/{rel}","templated":true}]}}