{"id":28,"date":"2020-09-01T22:07:29","date_gmt":"2020-09-01T20:07:29","guid":{"rendered":"https:\/\/noblaskolan.se\/brevik\/?page_id=28"},"modified":"2026-03-16T13:02:46","modified_gmt":"2026-03-16T12:02:46","slug":"fritids","status":"publish","type":"page","link":"https:\/\/noblaskolan.se\/brevik\/om\/fritids\/","title":{"rendered":"Fritids"},"content":{"rendered":"\n<div class=\"wp-block-columns is-layout-flex wp-container-core-columns-layout-1 wp-block-columns-is-layout-flex\">\n<div class=\"wp-block-column is-layout-flow wp-block-column-is-layout-flow\" style=\"flex-basis:100%\">\n<h1 class=\"wp-block-heading\">Fritids p\u00e5 Noblaskolan Brevik<\/h1>\n\n\n\n<p   class=\"site__ingress container text-left  site__text-color--dark  site__free_text--ingress p-0\">\n\tF\u00f6rskoleklass, grundskola och fritids samverkar under hela dagen. <\/p>\n\n\n\n\n\n<p>P\u00e5 Noblaskolan Brevik arbetar vi med heldagsl\u00e4rande, vilket betyder att fritids ses som en f\u00f6rl\u00e4ngning av skolans aktiviteter. Fritids erbjuder heldagsomsorg med fritidsaktivitet b\u00e5de innan och efter skoldagen.<\/p>\n<\/div>\n\n\n\n<div class=\"wp-block-column is-layout-flow wp-block-column-is-layout-flow\"><\/div>\n<\/div>\n\n\n\n\t\n\t\n\t\n\n\t\n\t\n\t\t\n<section  class=\"c-block l-stacked  \" data-color-scheme=\"transparent\">\n\t<div class=\"ams-fifty ams-fifty--container ams-fifty--right ams-fifty--bottom l-container u-pt-fluid-Ingen u-pb-fluid-2xl-4xl\">\n\t\t<div class=\"ams-fifty__content l-stack l-stack-xl is-left is-left@lg\">\n\t\t\t<div class=\"ams-fifty__text l-stack l-stack-lg\">\n\t\t\t\t\t\n\t<h2\n\tclass=\"c-heading u-font-title-2 \"\n\tstyle=\"\">\n\t\t\n\t\t\t\t\tVad g\u00f6r vi p\u00e5 fritids?\n\t\t\t\t\n\t<\/h2>\n\n\t\t\t\t\t\t\t\t\t<div class=\"text l-stack u-font-body\">\n\t\t\t\t\t\t<p>Hos oss f\u00e5r eleverna v\u00e4lja olika aktiviteter d\u00e4r vi alltid f\u00f6rs\u00f6ker spendera s\u00e5 mycket tid som m\u00f6jligt utomhus, f\u00f6r att ge \u00f6kad m\u00f6jlighet till r\u00f6relse.<\/p>\n<p>N\u00e4r vi \u00e4r inne har vi olika aktiviteter som eleverna f\u00e5r v\u00e4lja mellan beroende p\u00e5 dag. Det kan exempelvis vara musik, organiserat pyssel, bild eller fri lek. Tillsammans med skolan jobbar vi mot att n\u00e5 m\u00e5len i l\u00e4roplanen.<\/p>\n\n\t\t\t\t\t<\/div>\n\t\t\t\t\t\t\t<\/div>\n\n\t\t\t\t\t<\/div>\n\n\t\t <div class=\"ams-fifty__media u-ratio-widescreen\">\n\t\t \t\t\t\t\t<img decoding=\"async\" width=\"600\" height=\"400\" src=\"https:\/\/noblaskolan.se\/wp-content\/uploads\/sites\/34\/2023\/08\/mariastadenhelsingborg2022-2027-1-scaled-600x400.jpg\" class=\"attachment-md size-md\" alt=\"Tv\u00e5 elever som st\u00e5r i naturen och ler in i kameran.\" sizes=\"(min-width: 64em) 600px, calc(100vw - 160px)\" srcset=\"https:\/\/noblaskolan.se\/wp-content\/uploads\/sites\/34\/2023\/08\/mariastadenhelsingborg2022-2027-1-scaled-600x400.jpg 600w, https:\/\/noblaskolan.se\/wp-content\/uploads\/sites\/34\/2023\/08\/mariastadenhelsingborg2022-2027-1-scaled-300x200.jpg 300w, https:\/\/noblaskolan.se\/wp-content\/uploads\/sites\/34\/2023\/08\/mariastadenhelsingborg2022-2027-1-scaled-400x267.jpg 400w, https:\/\/noblaskolan.se\/wp-content\/uploads\/sites\/34\/2023\/08\/mariastadenhelsingborg2022-2027-1-scaled-800x533.jpg 800w, https:\/\/noblaskolan.se\/wp-content\/uploads\/sites\/34\/2023\/08\/mariastadenhelsingborg2022-2027-1-scaled-1024x683.jpg 1024w, https:\/\/noblaskolan.se\/wp-content\/uploads\/sites\/34\/2023\/08\/mariastadenhelsingborg2022-2027-1-scaled-1200x800.jpg 1200w\" \/>\n\t\t\t\n\t\t\t\n\t\t\t\t\t<\/div>\n\t<\/div>\n\n\t\t\n\n<\/section>\n\n\n\n<section \n\t\t class=\"\n\t\t ams-contact\n\t\t \n\t\t c-block l-stacked\n\t\t \n\t\t \n\t\t js-load-more\n\t\t \"\n\t\t data-color-scheme=\"ljusgron\"\n\t\t\t\t\tdata-count=\"3\"\n\t\t\t\t\t\t\tdata-count-mobile=\"2\"\n\t\t\t\t>\n\t<div\n\t\t class=\"\n\t\t l-container\n\t\t l-stack l-stack-fluid-2xl\n\t\t u-pt-fluid-2xl-4xl\n\t\t u-pb-fluid-2xl-4xl\n\t\t is-center\n\t\t is-center@md\n\t\t \">\n\t\t\t\t\t<div class=\"ams-contact__intro l-stack l-stack-lg\">\n\t\t\t\t\t\n\t<h2\n\tclass=\"c-heading u-font-title-1 \"\n\tstyle=\"\">\n\t\t\n\t\t\t\t\tHar du fr\u00e5gor om fritids?\n\t\t\t\t\n\t<\/h2>\n\n\t\t\t\t\t\t\t\t\t<div class=\"c-text l-stack u-cs-xl u-font-body\">\n\t\t\t\t\t\t<p>Ta g\u00e4rna kontakt med oss om du har n\u00e5gra fr\u00e5gor om fritids p\u00e5 Noblaskolan Brevik.<\/p>\n\n\t\t\t\t\t<\/div>\n\t\t\t\t\t\t\t<\/div>\n\t\t\n\t\t\n\t\t    \t\n\t\t\n\t\t<ul\n\t\t\tid=\"contact-grid-6a08e0fcc7b29\"\n\t\t\tclass=\"ams-contact__list l-grid u-gap-fluid-2xl-4xl u-justify-center js-results \"\n\t\t\taria-label=\"Kontakter\"\n\t\t\tdata-filter-animation=\"off\"\n\t\t\t>\n\t\t\t\t\t\t\t\t\t\t\t\n\t\t\t\t\n\t\t\t\t<li class=\"l-col-12 \" data-filter=\"b\">\n\t\t\t\t\t<article class=\"c-card u-justify-center\" data-variant=\"inline\">\n\t\t\t\t\t\t<div class=\"c-card__content u-flex-basis-auto u-flex-grow-0 u-text-center@mobile\">\n\t\t\t\t\t\t\t\t\t\t\t\t\t\t\t<h3 class=\"c-card__title u-font-title-3\">\n\t\t\t\t\t\t\t\t\tCarina Wulfert Isby\n\t\t\t\t\t\t\t\t<\/h3>\n\t\t\t\t\t\t\t\n\t\t\t\t\t\t\t\t\t\t\t\t\t\t\t<p class=\"position u-font-body\">Intendent<\/p>\n\t\t\t\t\t\t\t\n\t\t\t\t\t\t\t\t\t\t\t\t\t\t\t<div class=\"contact-info u-font-body\">\n\t\t\t\t\t\t\t\t\t\t\t\t\t\t\t\t\t\t\t\t\t\t\t\t\t\t\t\t\t\t<p class=\"phone\"><a\n\t\t\t\t\t\t\t\t\t\t\t\t\thref=\"tel:0707727301\"\n\t\t\t\t\t\t\t\t\t\t\t\t\tclass=\"u-text-link\">070-772 73 01<\/a>\n\t\t\t\t\t\t\t\t\t\t\t<\/p>\n\t\t\t\t\t\t\t\t\t\t\t\t\t\t\t\t\t\t\t\n\t\t\t\t\t\t\t\t\t\t\t\t\t\t\t\t\t\t\t\t\t\t\t\t\t\t\t\t\t\t<p class=\"email\"><a\n\t\t\t\t\t\t\t\t\t\t\t\t\thref=\"ma&#105;l&#116;&#111;:&#099;ar&#105;n&#097;&#046;&#119;u&#108;f&#101;&#114;t&#064;no&#098;&#108;&#097;s&#107;ol&#097;n&#046;s&#101;\"\n\t\t\t\t\t\t\t\t\t\t\t\t\tclass=\"u-text-link\">c&#097;rina&#046;&#119;&#117;&#108;fer&#116;&#064;nobl&#097;s&#107;&#111;&#108;&#097;n.&#115;e<\/a>\n\t\t\t\t\t\t\t\t\t\t\t<\/p>\n\t\t\t\t\t\t\t\t\t\t\t\t\t\t\t\t\t\t\t\t\t\t\t\t\t\t\t<\/div>\n\t\t\t\t\t\t\t\n\t\t\t\t\t\t\t\t\t\t\t\t\t<\/div>\n\t\t\t\t\t\t<div class=\"c-card__media\">\n\t\t\t\t\t\t\t\t\t\t\t\t\t\t\t\t\t\t\t\t\t\t\t\t\t\t\t\t\t\t\t\t\t\t\t\t\t\t\t\t\t\t\t\t\t\t\t\t\t<img decoding=\"async\" width=\"400\" height=\"294\" src=\"https:\/\/noblaskolan.se\/wp-content\/uploads\/sites\/34\/2022\/11\/carina-wulfert-isby.jpg\" class=\"u-radius-square u-ratio-landscape  \" alt=\"Personportr\u00e4tt.\" sizes=\"(max-width: 300px) 100vw, 300px\" srcset=\"https:\/\/noblaskolan.se\/wp-content\/uploads\/sites\/34\/2022\/11\/carina-wulfert-isby.jpg 400w, https:\/\/noblaskolan.se\/wp-content\/uploads\/sites\/34\/2022\/11\/carina-wulfert-isby-300x221.jpg 300w\" \/>\n\t\t\t\t\t\t<\/div>\n\t\t\t\t\t<\/article>\n\t\t\t\t<\/li>\n\t\t\t\t\t<\/ul>\n\n\t\t\n\t\t    <div class=\"ams-contact__more u-inline-items js-load-more-btn\">\n        <button href=\"#\"\n                class=\"c-btn\"\n                data-style=\"round\"\n                data-size=\"md\"\n                data-width=\"full-mobile\"\n                data-variant=\"outline\">\n        \tVisa mer\n        <\/button>\n    <\/div>\n\n\t\t\t<\/div>\n\n\t\t\n\n<\/section>\n\n\n<div   id=\"page-relative-menu\" class=\"site__font-monospace   container_width--full_width_conIcon   d-lg-none  \">\n\n\t\t\t\n<\/div>\n","protected":false},"excerpt":{"rendered":"<p>Fritids p\u00e5 Noblaskolan Brevik P\u00e5 Noblaskolan Brevik arbetar vi med heldagsl\u00e4rande, vilket betyder att fritids ses som en f\u00f6rl\u00e4ngning av skolans aktiviteter. Fritids erbjuder heldagsomsorg med fritidsaktivitet b\u00e5de innan och efter skoldagen.<\/p>\n","protected":false},"author":1,"featured_media":0,"parent":20,"menu_order":0,"comment_status":"closed","ping_status":"closed","template":"","meta":{"footnotes":""},"yoast_head":"<!-- This site is optimized with the Yoast SEO plugin v22.0 - https:\/\/yoast.com\/wordpress\/plugins\/seo\/ -->\n<title>Fritids och \u00f6ppettider p\u00e5 Noblaskolan Brevik<\/title>\n<meta name=\"description\" content=\"H\u00e4r hittar du information om fritids p\u00e5 Noblaskolan Brevik. L\u00e4s om v\u00e5rt heldagsl\u00e4rande fritidshem och v\u00e5ra aktiviteter f\u00f6r barnen.\" \/>\n<meta name=\"robots\" content=\"index, follow, max-snippet:-1, max-image-preview:large, max-video-preview:-1\" \/>\n<link rel=\"canonical\" href=\"https:\/\/noblaskolan.se\/brevik\/om\/fritids\/\" \/>\n<meta property=\"og:locale\" content=\"sv_SE\" \/>\n<meta property=\"og:type\" content=\"article\" \/>\n<meta property=\"og:title\" content=\"Fritids och \u00f6ppettider p\u00e5 Noblaskolan Brevik\" \/>\n<meta property=\"og:description\" content=\"H\u00e4r hittar du information om fritids p\u00e5 Noblaskolan Brevik. L\u00e4s om v\u00e5rt heldagsl\u00e4rande fritidshem och v\u00e5ra aktiviteter f\u00f6r barnen.\" \/>\n<meta property=\"og:url\" content=\"https:\/\/noblaskolan.se\/brevik\/om\/fritids\/\" \/>\n<meta property=\"og:site_name\" content=\"Brevik\" \/>\n<meta property=\"article:modified_time\" content=\"2026-03-16T12:02:46+00:00\" \/>\n<meta name=\"twitter:card\" content=\"summary_large_image\" \/>\n<meta name=\"twitter:title\" content=\"Fritids och \u00f6ppettider p\u00e5 Noblaskolan Brevik\" \/>\n<meta name=\"twitter:description\" content=\"H\u00e4r hittar du information om fritids p\u00e5 Noblaskolan Brevik. L\u00e4s om v\u00e5rt heldagsl\u00e4rande fritidshem och v\u00e5ra aktiviteter f\u00f6r barnen.\" \/>\n<meta name=\"twitter:label1\" content=\"Ber\u00e4knad l\u00e4stid\" \/>\n\t<meta name=\"twitter:data1\" content=\"1 minut\" \/>\n<script type=\"application\/ld+json\" class=\"yoast-schema-graph\">{\"@context\":\"https:\/\/schema.org\",\"@graph\":[{\"@type\":\"WebPage\",\"@id\":\"https:\/\/noblaskolan.se\/brevik\/om\/fritids\/\",\"url\":\"https:\/\/noblaskolan.se\/brevik\/om\/fritids\/\",\"name\":\"Fritids och \u00f6ppettider p\u00e5 Noblaskolan Brevik\",\"isPartOf\":{\"@id\":\"https:\/\/noblaskolan.se\/brevik\/#website\"},\"datePublished\":\"2020-09-01T20:07:29+00:00\",\"dateModified\":\"2026-03-16T12:02:46+00:00\",\"description\":\"H\u00e4r hittar du information om fritids p\u00e5 Noblaskolan Brevik. L\u00e4s om v\u00e5rt heldagsl\u00e4rande fritidshem och v\u00e5ra aktiviteter f\u00f6r barnen.\",\"breadcrumb\":{\"@id\":\"https:\/\/noblaskolan.se\/brevik\/om\/fritids\/#breadcrumb\"},\"inLanguage\":\"sv-SE\",\"potentialAction\":[{\"@type\":\"ReadAction\",\"target\":[\"https:\/\/noblaskolan.se\/brevik\/om\/fritids\/\"]}]},{\"@type\":\"BreadcrumbList\",\"@id\":\"https:\/\/noblaskolan.se\/brevik\/om\/fritids\/#breadcrumb\",\"itemListElement\":[{\"@type\":\"ListItem\",\"position\":1,\"name\":\"Start\",\"item\":\"https:\/\/noblaskolan.se\/brevik\/\"},{\"@type\":\"ListItem\",\"position\":2,\"name\":\"Om oss\",\"item\":\"https:\/\/noblaskolan.se\/brevik\/om\/\"},{\"@type\":\"ListItem\",\"position\":3,\"name\":\"Fritids\"}]},{\"@type\":\"WebSite\",\"@id\":\"https:\/\/noblaskolan.se\/brevik\/#website\",\"url\":\"https:\/\/noblaskolan.se\/brevik\/\",\"name\":\"Brevik\",\"description\":\"Noblaskolan Boden\",\"potentialAction\":[{\"@type\":\"SearchAction\",\"target\":{\"@type\":\"EntryPoint\",\"urlTemplate\":\"https:\/\/noblaskolan.se\/brevik\/?s={search_term_string}\"},\"query-input\":\"required name=search_term_string\"}],\"inLanguage\":\"sv-SE\"}]}<\/script>\n<!-- \/ Yoast SEO plugin. -->","yoast_head_json":{"title":"Fritids och \u00f6ppettider p\u00e5 Noblaskolan Brevik","description":"H\u00e4r hittar du information om fritids p\u00e5 Noblaskolan Brevik. L\u00e4s om v\u00e5rt heldagsl\u00e4rande fritidshem och v\u00e5ra aktiviteter f\u00f6r barnen.","robots":{"index":"index","follow":"follow","max-snippet":"max-snippet:-1","max-image-preview":"max-image-preview:large","max-video-preview":"max-video-preview:-1"},"canonical":"https:\/\/noblaskolan.se\/brevik\/om\/fritids\/","og_locale":"sv_SE","og_type":"article","og_title":"Fritids och \u00f6ppettider p\u00e5 Noblaskolan Brevik","og_description":"H\u00e4r hittar du information om fritids p\u00e5 Noblaskolan Brevik. L\u00e4s om v\u00e5rt heldagsl\u00e4rande fritidshem och v\u00e5ra aktiviteter f\u00f6r barnen.","og_url":"https:\/\/noblaskolan.se\/brevik\/om\/fritids\/","og_site_name":"Brevik","article_modified_time":"2026-03-16T12:02:46+00:00","twitter_card":"summary_large_image","twitter_title":"Fritids och \u00f6ppettider p\u00e5 Noblaskolan Brevik","twitter_description":"H\u00e4r hittar du information om fritids p\u00e5 Noblaskolan Brevik. L\u00e4s om v\u00e5rt heldagsl\u00e4rande fritidshem och v\u00e5ra aktiviteter f\u00f6r barnen.","twitter_misc":{"Ber\u00e4knad l\u00e4stid":"1 minut"},"schema":{"@context":"https:\/\/schema.org","@graph":[{"@type":"WebPage","@id":"https:\/\/noblaskolan.se\/brevik\/om\/fritids\/","url":"https:\/\/noblaskolan.se\/brevik\/om\/fritids\/","name":"Fritids och \u00f6ppettider p\u00e5 Noblaskolan Brevik","isPartOf":{"@id":"https:\/\/noblaskolan.se\/brevik\/#website"},"datePublished":"2020-09-01T20:07:29+00:00","dateModified":"2026-03-16T12:02:46+00:00","description":"H\u00e4r hittar du information om fritids p\u00e5 Noblaskolan Brevik. L\u00e4s om v\u00e5rt heldagsl\u00e4rande fritidshem och v\u00e5ra aktiviteter f\u00f6r barnen.","breadcrumb":{"@id":"https:\/\/noblaskolan.se\/brevik\/om\/fritids\/#breadcrumb"},"inLanguage":"sv-SE","potentialAction":[{"@type":"ReadAction","target":["https:\/\/noblaskolan.se\/brevik\/om\/fritids\/"]}]},{"@type":"BreadcrumbList","@id":"https:\/\/noblaskolan.se\/brevik\/om\/fritids\/#breadcrumb","itemListElement":[{"@type":"ListItem","position":1,"name":"Start","item":"https:\/\/noblaskolan.se\/brevik\/"},{"@type":"ListItem","position":2,"name":"Om oss","item":"https:\/\/noblaskolan.se\/brevik\/om\/"},{"@type":"ListItem","position":3,"name":"Fritids"}]},{"@type":"WebSite","@id":"https:\/\/noblaskolan.se\/brevik\/#website","url":"https:\/\/noblaskolan.se\/brevik\/","name":"Brevik","description":"Noblaskolan Boden","potentialAction":[{"@type":"SearchAction","target":{"@type":"EntryPoint","urlTemplate":"https:\/\/noblaskolan.se\/brevik\/?s={search_term_string}"},"query-input":"required name=search_term_string"}],"inLanguage":"sv-SE"}]}},"_links":{"self":[{"href":"https:\/\/noblaskolan.se\/brevik\/wp-json\/wp\/v2\/pages\/28"}],"collection":[{"href":"https:\/\/noblaskolan.se\/brevik\/wp-json\/wp\/v2\/pages"}],"about":[{"href":"https:\/\/noblaskolan.se\/brevik\/wp-json\/wp\/v2\/types\/page"}],"author":[{"embeddable":true,"href":"https:\/\/noblaskolan.se\/brevik\/wp-json\/wp\/v2\/users\/1"}],"replies":[{"embeddable":true,"href":"https:\/\/noblaskolan.se\/brevik\/wp-json\/wp\/v2\/comments?post=28"}],"version-history":[{"count":9,"href":"https:\/\/noblaskolan.se\/brevik\/wp-json\/wp\/v2\/pages\/28\/revisions"}],"predecessor-version":[{"id":3350,"href":"https:\/\/noblaskolan.se\/brevik\/wp-json\/wp\/v2\/pages\/28\/revisions\/3350"}],"up":[{"embeddable":true,"href":"https:\/\/noblaskolan.se\/brevik\/wp-json\/wp\/v2\/pages\/20"}],"wp:attachment":[{"href":"https:\/\/noblaskolan.se\/brevik\/wp-json\/wp\/v2\/media?parent=28"}],"curies":[{"name":"wp","href":"https:\/\/api.w.org\/{rel}","templated":true}]}}