{"id":25,"date":"2020-09-01T22:07:07","date_gmt":"2020-09-01T20:07:07","guid":{"rendered":"https:\/\/noblaskolan.se\/brevik\/?page_id=25"},"modified":"2026-04-10T11:25:15","modified_gmt":"2026-04-10T09:25:15","slug":"grundskola","status":"publish","type":"page","link":"https:\/\/noblaskolan.se\/brevik\/om\/grundskola\/","title":{"rendered":"Grundskola"},"content":{"rendered":"\n\t\n\t\n\t\n\n\t\n\t\n\t\t\n<section  class=\"c-block l-stacked  \" data-color-scheme=\"\">\n\t<div class=\"ams-fifty ams-fifty--container ams-fifty--right ams-fifty--bottom l-container u-pt-fluid-3xl-6xl u-pb-fluid-3xl-6xl\">\n\t\t<div class=\"ams-fifty__content l-stack l-stack-xl is-left is-left@lg\">\n\t\t\t<div class=\"ams-fifty__text l-stack l-stack-lg\">\n\t\t\t\t\t\n\t<h2\n\tclass=\"c-heading u-font-title-1 \"\n\tstyle=\"\">\n\t\t\n\t\t\t\t\t\t\t\t\tNoblaskolan Breviks grundskola i Tyres\u00f6\n\t\t\t\t<span class=\"c-heading__sub is-below u-font-title-3\">\n\t\t\t\t\tVi erbjuder f\u00f6rskoleklass och \u00e5rskurser 1\u20136\n\t\t\t\t<\/span>\n\t\t\t\t\t\t\t\n\t<\/h2>\n\n\t\t\t\t\t\t\t\t\t<div class=\"text l-stack u-font-body\">\n\t\t\t\t\t\t<p>P\u00e5 v\u00e5r grundskola i Tyres\u00f6 \u00e4r det viktigt att varje elev ska k\u00e4nna sig trygg. Vi p\u00e5 skolan ska finnas till f\u00f6r varje enskild elev p\u00e5 deras niv\u00e5 och m\u00f6ta varje elevs f\u00f6rv\u00e4ntningar. V\u00e5rt m\u00e5l \u00e4r att vara en skola d\u00e4r man trivs och utvecklas.<\/p>\n<p>Vi vill erbjuda den b\u00e4sta t\u00e4nkbara utbildningen och den b\u00e4sta t\u00e4nkbara utvecklingen. Vi har sammanlagt 350 barn och elever, inklusive f\u00f6rskolan. Det \u00e4r en ynnest att f\u00e5 f\u00f6lja barnen fr\u00e5n det att de \u00e4r sm\u00e5 fram till skolans senare del.<\/p>\n\n\t\t\t\t\t<\/div>\n\t\t\t\t\t\t\t<\/div>\n\n\t\t\t\t\t<\/div>\n\n\t\t <div class=\"ams-fifty__media u-ratio-landscape\">\n\t\t \t\t\t\t\t<img decoding=\"async\" width=\"600\" height=\"400\" src=\"https:\/\/noblaskolan.se\/wp-content\/uploads\/sites\/34\/2026\/03\/noblaskolansaltsjo-boo202504lagstadiewebb8-600x400.jpg\" class=\"attachment-md size-md\" alt=\"Elev som skriver.\" sizes=\"(min-width: 64em) 600px, calc(100vw - 160px)\" srcset=\"https:\/\/noblaskolan.se\/wp-content\/uploads\/sites\/34\/2026\/03\/noblaskolansaltsjo-boo202504lagstadiewebb8-600x400.jpg 600w, https:\/\/noblaskolan.se\/wp-content\/uploads\/sites\/34\/2026\/03\/noblaskolansaltsjo-boo202504lagstadiewebb8-300x200.jpg 300w, https:\/\/noblaskolan.se\/wp-content\/uploads\/sites\/34\/2026\/03\/noblaskolansaltsjo-boo202504lagstadiewebb8-400x267.jpg 400w, https:\/\/noblaskolan.se\/wp-content\/uploads\/sites\/34\/2026\/03\/noblaskolansaltsjo-boo202504lagstadiewebb8-800x534.jpg 800w, https:\/\/noblaskolan.se\/wp-content\/uploads\/sites\/34\/2026\/03\/noblaskolansaltsjo-boo202504lagstadiewebb8.jpg 1000w\" \/>\n\t\t\t\n\t\t\t\n\t\t\t\t\t<\/div>\n\t<\/div>\n\n\t\t\n\n<\/section>\n\n\n\n\n<section  class=\"ams-cta ams-cta--stacked c-block l-stacked ams-border\" data-color-scheme=\"morkgron\">\n\t<div class=\"l-container-narrow l-stack l-stack-fluid-2xl u-pt-fluid-2xl-4xl u-pb-fluid-2xl-4xl is-center is-center@md\">\n\t\t\t\t\t<div class=\"ams-cta__intro l-stack l-stack-lg\">\n\t\t\t\t\t\n\t<h2\n\tclass=\"c-heading u-font-title-1 \"\n\tstyle=\"\">\n\t\t\n\t\t\t\t\tVill du s\u00f6ka till v\u00e5r grundskola?\n\t\t\t\t\n\t<\/h2>\n\n\t\t\t\t\t\t\t\t\t<div class=\"c-text l-stack u-cs-xl u-font-body\">\n\t\t\t\t\t\t<p>St\u00e4ll ditt barn i k\u00f6 till grundskolan p\u00e5 Noblaskolan Brevik eller l\u00e4s mer om hur antagningsprocessen g\u00e5r till.<\/p>\n\n\t\t\t\t\t<\/div>\n\t\t\t\t\t\t\t<\/div>\n\t\t\n\t\t\n\t\t\t<div class=\"ams-cta__action u-inline-items\">\n\t\t\t\t\t\t\t\n\n\n<a href=\"https:\/\/noblaskolan.se\/brevik\/koanmalan\/\"\n\t\n\tclass=\"c-btn \"\n\tdata-style=\"round\"\n\tdata-size=\"md\"\n\tdata-width=\"full-mobile\"\n\tdata-variant=\"default\"\n\ttarget=\"_self\">\n\t\t\t<span class=\"label\"> St\u00e4ll ditt barn i k\u00f6<\/span>\n\t\t\t<\/a>\n\t\t\t\t\t\t\t\n\n\n<a href=\"https:\/\/noblaskolan.se\/brevik\/antagning\/\"\n\t\n\tclass=\"c-btn \"\n\tdata-style=\"round\"\n\tdata-size=\"md\"\n\tdata-width=\"full-mobile\"\n\tdata-variant=\"outline\"\n\ttarget=\"_self\">\n\t\t\t<span class=\"label\"> L\u00e4s mer om antagningen<\/span>\n\t\t\t<\/a>\n\t\t\t<\/div>\n\t<\/div>\n\n\t\t\n\n<\/section>\n\n\n\n\t\n\t\n\t\n\n\t\n\t\n\t\t\n<section  class=\"c-block l-stacked  \" data-color-scheme=\"ljusgron\">\n\t<div class=\"ams-fifty ams-fifty--container ams-fifty--right ams-fifty--bottom l-container u-pt-fluid-md-xl u-pb-fluid-md-xl\">\n\t\t<div class=\"ams-fifty__content l-stack l-stack-xl is-left is-left@lg\">\n\t\t\t<div class=\"ams-fifty__text l-stack l-stack-lg\">\n\t\t\t\t\t\n\t<h2\n\tclass=\"c-heading u-font-title-1 \"\n\tstyle=\"\">\n\t\t\n\t\t\t\t\t\t\t\t\tEn vanlig dag \n\t\t\t\t<span class=\"c-heading__sub is-below u-font-title-3\">\n\t\t\t\t\tP\u00e5 v\u00e5rt l\u00e5gstadium\n\t\t\t\t<\/span>\n\t\t\t\t\t\t\t\n\t<\/h2>\n\n\t\t\t\t\t\t\t\t\t<div class=\"text l-stack u-font-body\">\n\t\t\t\t\t\t<p><strong>Tydliga rutiner p\u00e5 morgonen<\/strong><span style=\"font-weight: 400;\"><br \/>\n<\/span><span style=\"font-weight: 400;\">Hos en av v\u00e5ra l\u00e5gstadieklasser b\u00f6rjar dagen med genomg\u00e5ng av schemat. Eleverna kommer sedan ig\u00e5ng med korta, aktiverande startuppgifter i matematik och svenska. Denna stund f\u00f6ljs direkt av tyst l\u00e4sning, en viktig rutin f\u00f6r att bygga koncentration och l\u00e4slust fr\u00e5n start.<\/span><\/p>\n<p><strong>Undervisning varvas med r\u00f6relse <\/strong><span style=\"font-weight: 400;\"><br \/>\n<\/span><span style=\"font-weight: 400;\">Hela f\u00f6rmiddagen \u00e4gnas \u00e5t k\u00e4rn\u00e4mnena, d\u00e5 hj\u00e4rnan \u00e4r som piggast. Mellan lektionspassen l\u00e4gger vi in en v\u00e4lbeh\u00f6vlig paus f\u00f6r fruktstund och rast. Detta ger eleverna m\u00f6jlighet att fylla p\u00e5 energin och f\u00e5 den r\u00f6relse de beh\u00f6ver, vilket i sin tur fr\u00e4mjar fokus n\u00e4r de v\u00e4l \u00e4r tillbaka i klassrummet.<\/span><\/p>\n<p><strong>H\u00f6gl\u00e4sning inleder eftermiddagen<\/strong><span style=\"font-weight: 400;\"><br \/>\n<\/span><span style=\"font-weight: 400;\">Efter lunch och rast inleds eftermiddagen med h\u00f6gl\u00e4sning. Det \u00e4r ett fint s\u00e4tt att skapa lugn och stimulera fantasin.P\u00e5 eftermiddagen roterar schemat mellan SO- och NO-\u00e4mnena, musik, bild, sl\u00f6jd eller idrott och h\u00e4lsa. Tack vare det konsekventa schemat vet eleverna exakt n\u00e4r det \u00e4r dags f\u00f6r deras favoritaktiviteter varje vecka.\u00a0<\/span><\/p>\n<p><strong>Kreativitet och fysisk aktivitet uppskattas<\/strong><span style=\"font-weight: 400;\"><br \/>\n<\/span><span style=\"font-weight: 400;\">Oavsett schemat \u00e4r den l\u00e4ngre rasten, s\u00e4rskilt efter lunch, guld v\u00e4rd. Den ger frihet, r\u00f6relse och tid att leka fritt med kompisarna. Ut\u00f6ver det uppskattas ofta idrott, bild, musik och sl\u00f6jd, eftersom de bryter av fr\u00e5n de teoretiska k\u00e4rn\u00e4mnena och till\u00e5ter kreativitet, samarbete och fysisk aktivitet.<\/span><\/p>\n\n\t\t\t\t\t<\/div>\n\t\t\t\t\t\t\t<\/div>\n\n\t\t\t\t\t<\/div>\n\n\t\t <div class=\"ams-fifty__media u-ratio-square\">\n\t\t \t\t\t\t\t<img decoding=\"async\" width=\"600\" height=\"800\" src=\"https:\/\/noblaskolan.se\/wp-content\/uploads\/sites\/34\/2026\/01\/lag-600x800.jpg\" class=\"attachment-md size-md\" alt=\"En sk\u00f6nlitter\u00e4r bok med ett pennskrin liggandes p\u00e5 och ett blad med matteuppgifter p\u00e5 ett bord\" sizes=\"(min-width: 64em) 600px, calc(100vw - 160px)\" srcset=\"https:\/\/noblaskolan.se\/wp-content\/uploads\/sites\/34\/2026\/01\/lag-600x800.jpg 600w, https:\/\/noblaskolan.se\/wp-content\/uploads\/sites\/34\/2026\/01\/lag-300x400.jpg 300w, https:\/\/noblaskolan.se\/wp-content\/uploads\/sites\/34\/2026\/01\/lag-400x533.jpg 400w, https:\/\/noblaskolan.se\/wp-content\/uploads\/sites\/34\/2026\/01\/lag-800x1067.jpg 800w, https:\/\/noblaskolan.se\/wp-content\/uploads\/sites\/34\/2026\/01\/lag-1024x1365.jpg 1024w, https:\/\/noblaskolan.se\/wp-content\/uploads\/sites\/34\/2026\/01\/lag-1200x1600.jpg 1200w, https:\/\/noblaskolan.se\/wp-content\/uploads\/sites\/34\/2026\/01\/lag-scaled.jpg 1920w\" \/>\n\t\t\t\n\t\t\t\n\t\t\t\t\t<\/div>\n\t<\/div>\n\n\t\t\n\n<\/section>\n\n\n\n<div style=\"height:81px\" aria-hidden=\"true\" class=\"wp-block-spacer\"><\/div>\n\n\n\n\t\n\t\n\t\n\n\t\n\t\n\t\t\n<section  class=\"c-block l-stacked  \" data-color-scheme=\"transparent\">\n\t<div class=\"ams-fifty ams-fifty--container ams-fifty--left ams-fifty--bottom l-container u-pt-fluid-None u-pb-fluid-2xl-4xl\">\n\t\t<div class=\"ams-fifty__content l-stack l-stack-xl is-left is-left@lg\">\n\t\t\t<div class=\"ams-fifty__text l-stack l-stack-lg\">\n\t\t\t\t\t\n\t<h2\n\tclass=\"c-heading u-font-title-2 \"\n\tstyle=\"\">\n\t\t\n\t\t\t\t\tUtm\u00e4rkta f\u00f6ruts\u00e4ttningar f\u00f6r goda akademiska resultat\n\t\t\t\t\n\t<\/h2>\n\n\t\t\t\t\t\t\t\t\t<div class=\"text l-stack u-font-body\">\n\t\t\t\t\t\t<p>I v\u00e5ra elever finns allt som kr\u00e4vs f\u00f6r att lyckas och v\u00e5r uppgift \u00e4r att locka fram det. Det g\u00f6r vi genom att utmana, st\u00f6tta och st\u00e4lla krav \u2013 b\u00e5de p\u00e5 v\u00e5ra elever och l\u00e4rare. Vi tror att alla elever kan forma framtiden p\u00e5 sina egna villkor, bara de f\u00e5r r\u00e4tt f\u00f6ruts\u00e4ttningar.<\/p>\n<h3>V\u00e5r undervisning och l\u00e4roplan<\/h3>\n<p>Hos oss kan v\u00e5ra elever och du som f\u00f6r\u00e4lder r\u00e4kna med h\u00f6g undervisningskvalitet, tydlig struktur och akademisk ambition. Vi utg\u00e5r fr\u00e5n Skolverkets l\u00e4roplan Lgr22, framtagen f\u00f6r grundskolor. N\u00e4r v\u00e5ra elever l\u00e4mnar oss p\u00e5 Noblaskolan Brevik g\u00f6r de det med b\u00e4sta t\u00e4nkbara f\u00f6ruts\u00e4ttningarna f\u00f6r att n\u00e5 sin fulla potential och f\u00e5r med sig ett akademiskt sj\u00e4lvf\u00f6rtroende redan fr\u00e5n start.<\/p>\n\n\t\t\t\t\t<\/div>\n\t\t\t\t\t\t\t<\/div>\n\n\t\t\t\t\t<\/div>\n\n\t\t <div class=\"ams-fifty__media u-ratio-square\">\n\t\t \t\t\t\t\t<img decoding=\"async\" width=\"600\" height=\"400\" src=\"https:\/\/noblaskolan.se\/wp-content\/uploads\/sites\/34\/2024\/01\/noblaskolan-grundskola-brevik-202304-scaled-600x400.jpg\" class=\"attachment-md size-md\" alt=\"En mellanstadieelev p\u00e5 Noblaskolan f\u00e5r hj\u00e4lp av l\u00e4raren under en lektion.\" sizes=\"(min-width: 64em) 600px, calc(100vw - 160px)\" srcset=\"https:\/\/noblaskolan.se\/wp-content\/uploads\/sites\/34\/2024\/01\/noblaskolan-grundskola-brevik-202304-scaled-600x400.jpg 600w, https:\/\/noblaskolan.se\/wp-content\/uploads\/sites\/34\/2024\/01\/noblaskolan-grundskola-brevik-202304-scaled-300x200.jpg 300w, https:\/\/noblaskolan.se\/wp-content\/uploads\/sites\/34\/2024\/01\/noblaskolan-grundskola-brevik-202304-scaled-400x267.jpg 400w, https:\/\/noblaskolan.se\/wp-content\/uploads\/sites\/34\/2024\/01\/noblaskolan-grundskola-brevik-202304-scaled-800x533.jpg 800w, https:\/\/noblaskolan.se\/wp-content\/uploads\/sites\/34\/2024\/01\/noblaskolan-grundskola-brevik-202304-scaled-1024x683.jpg 1024w, https:\/\/noblaskolan.se\/wp-content\/uploads\/sites\/34\/2024\/01\/noblaskolan-grundskola-brevik-202304-scaled-1200x800.jpg 1200w\" \/>\n\t\t\t\n\t\t\t\n\t\t\t\t\t<\/div>\n\t<\/div>\n\n\t\t\n\n<\/section>\n\n\n\n\n<section  class=\"ams-cta ams-cta--stacked c-block l-stacked\" data-color-scheme=\"ljusgron\">\n\t<div class=\"l-container l-stack l-stack-fluid-2xl u-pt-fluid-3xl-6xl u-pb-fluid-3xl-6xl is-center is-center@md\">\n\t\t\t\t\t<div class=\"ams-cta__intro l-stack l-stack-lg\">\n\t\t\t\t\t\n\t<h2\n\tclass=\"c-heading u-font-title-1 \"\n\tstyle=\"\">\n\t\t\n\t\t\t\t\tVill du veta mer om Noblaskolan Brevik?\n\t\t\t\t\n\t<\/h2>\n\n\t\t\t\t\t\t\t<\/div>\n\t\t\n\t\t\n\t\t\t<div class=\"ams-cta__action u-inline-items\">\n\t\t\t\t\t\t\t\n\n\n<a href=\"https:\/\/noblaskolan.se\/brevik\/om\/\"\n\t\n\tclass=\"c-btn \"\n\tdata-style=\"round\"\n\tdata-size=\"md\"\n\tdata-width=\"full-mobile\"\n\tdata-variant=\"default\"\n\ttarget=\"_self\">\n\t\t\t<span class=\"label\"> L\u00e4s mer<\/span>\n\t\t\t<\/a>\n\t\t\t\t\t\t\t\n\n\n<a href=\"https:\/\/noblaskolan.se\/brevik\/besok\/\"\n\t\n\tclass=\"c-btn \"\n\tdata-style=\"round\"\n\tdata-size=\"md\"\n\tdata-width=\"full-mobile\"\n\tdata-variant=\"outline\"\n\ttarget=\"_self\">\n\t\t\t<span class=\"label\"> Bes\u00f6k oss<\/span>\n\t\t\t<\/a>\n\t\t\t<\/div>\n\t<\/div>\n\n\t\t\n\n<\/section>\n","protected":false},"excerpt":{"rendered":"","protected":false},"author":1,"featured_media":0,"parent":20,"menu_order":0,"comment_status":"closed","ping_status":"closed","template":"","meta":{"footnotes":""},"yoast_head":"<!-- This site is optimized with the Yoast SEO plugin v22.0 - https:\/\/yoast.com\/wordpress\/plugins\/seo\/ -->\n<title>Grundskola i Tyres\u00f6 med f\u00f6rskoleklass-\u00e5k 9 l Noblaskolan Brevik<\/title>\n<meta name=\"description\" content=\"L\u00e4s om hur vi arbetar i grundskolan p\u00e5 Noblaskolan Brevik. H\u00e4r finns info om v\u00e5r l\u00e4roplan och undervisning, fr\u00e5n f\u00f6rskoleklass till \u00e5rskurs 6.\" \/>\n<meta name=\"robots\" content=\"index, follow, max-snippet:-1, max-image-preview:large, max-video-preview:-1\" \/>\n<link rel=\"canonical\" href=\"https:\/\/noblaskolan.se\/brevik\/om\/grundskola\/\" \/>\n<meta property=\"og:locale\" content=\"sv_SE\" \/>\n<meta property=\"og:type\" content=\"article\" \/>\n<meta property=\"og:title\" content=\"Grundskola i Tyres\u00f6 med f\u00f6rskoleklass-\u00e5k 9 l Noblaskolan Brevik\" \/>\n<meta property=\"og:description\" content=\"L\u00e4s om hur vi arbetar i grundskolan p\u00e5 Noblaskolan Brevik. H\u00e4r finns info om v\u00e5r l\u00e4roplan och undervisning, fr\u00e5n f\u00f6rskoleklass till \u00e5rskurs 6.\" \/>\n<meta property=\"og:url\" content=\"https:\/\/noblaskolan.se\/brevik\/om\/grundskola\/\" \/>\n<meta property=\"og:site_name\" content=\"Brevik\" \/>\n<meta property=\"article:modified_time\" content=\"2026-04-10T09:25:15+00:00\" \/>\n<meta name=\"twitter:card\" content=\"summary_large_image\" \/>\n<meta name=\"twitter:title\" content=\"Grundskola i Tyres\u00f6 med f\u00f6rskoleklass-\u00e5k 9 l Noblaskolan Brevik\" \/>\n<meta name=\"twitter:description\" content=\"L\u00e4s om hur vi arbetar i grundskolan p\u00e5 Noblaskolan Brevik. H\u00e4r finns info om v\u00e5r l\u00e4roplan och undervisning, fr\u00e5n f\u00f6rskoleklass till \u00e5rskurs 6.\" \/>\n<meta name=\"twitter:label1\" content=\"Ber\u00e4knad l\u00e4stid\" \/>\n\t<meta name=\"twitter:data1\" content=\"3 minuter\" \/>\n<script type=\"application\/ld+json\" class=\"yoast-schema-graph\">{\"@context\":\"https:\/\/schema.org\",\"@graph\":[{\"@type\":\"WebPage\",\"@id\":\"https:\/\/noblaskolan.se\/brevik\/om\/grundskola\/\",\"url\":\"https:\/\/noblaskolan.se\/brevik\/om\/grundskola\/\",\"name\":\"Grundskola i Tyres\u00f6 med f\u00f6rskoleklass-\u00e5k 9 l Noblaskolan Brevik\",\"isPartOf\":{\"@id\":\"https:\/\/noblaskolan.se\/brevik\/#website\"},\"datePublished\":\"2020-09-01T20:07:07+00:00\",\"dateModified\":\"2026-04-10T09:25:15+00:00\",\"description\":\"L\u00e4s om hur vi arbetar i grundskolan p\u00e5 Noblaskolan Brevik. H\u00e4r finns info om v\u00e5r l\u00e4roplan och undervisning, fr\u00e5n f\u00f6rskoleklass till \u00e5rskurs 6.\",\"breadcrumb\":{\"@id\":\"https:\/\/noblaskolan.se\/brevik\/om\/grundskola\/#breadcrumb\"},\"inLanguage\":\"sv-SE\",\"potentialAction\":[{\"@type\":\"ReadAction\",\"target\":[\"https:\/\/noblaskolan.se\/brevik\/om\/grundskola\/\"]}]},{\"@type\":\"BreadcrumbList\",\"@id\":\"https:\/\/noblaskolan.se\/brevik\/om\/grundskola\/#breadcrumb\",\"itemListElement\":[{\"@type\":\"ListItem\",\"position\":1,\"name\":\"Start\",\"item\":\"https:\/\/noblaskolan.se\/brevik\/\"},{\"@type\":\"ListItem\",\"position\":2,\"name\":\"Om oss\",\"item\":\"https:\/\/noblaskolan.se\/brevik\/om\/\"},{\"@type\":\"ListItem\",\"position\":3,\"name\":\"Grundskola\"}]},{\"@type\":\"WebSite\",\"@id\":\"https:\/\/noblaskolan.se\/brevik\/#website\",\"url\":\"https:\/\/noblaskolan.se\/brevik\/\",\"name\":\"Brevik\",\"description\":\"Noblaskolan Boden\",\"potentialAction\":[{\"@type\":\"SearchAction\",\"target\":{\"@type\":\"EntryPoint\",\"urlTemplate\":\"https:\/\/noblaskolan.se\/brevik\/?s={search_term_string}\"},\"query-input\":\"required name=search_term_string\"}],\"inLanguage\":\"sv-SE\"}]}<\/script>\n<!-- \/ Yoast SEO plugin. -->","yoast_head_json":{"title":"Grundskola i Tyres\u00f6 med f\u00f6rskoleklass-\u00e5k 9 l Noblaskolan Brevik","description":"L\u00e4s om hur vi arbetar i grundskolan p\u00e5 Noblaskolan Brevik. H\u00e4r finns info om v\u00e5r l\u00e4roplan och undervisning, fr\u00e5n f\u00f6rskoleklass till \u00e5rskurs 6.","robots":{"index":"index","follow":"follow","max-snippet":"max-snippet:-1","max-image-preview":"max-image-preview:large","max-video-preview":"max-video-preview:-1"},"canonical":"https:\/\/noblaskolan.se\/brevik\/om\/grundskola\/","og_locale":"sv_SE","og_type":"article","og_title":"Grundskola i Tyres\u00f6 med f\u00f6rskoleklass-\u00e5k 9 l Noblaskolan Brevik","og_description":"L\u00e4s om hur vi arbetar i grundskolan p\u00e5 Noblaskolan Brevik. H\u00e4r finns info om v\u00e5r l\u00e4roplan och undervisning, fr\u00e5n f\u00f6rskoleklass till \u00e5rskurs 6.","og_url":"https:\/\/noblaskolan.se\/brevik\/om\/grundskola\/","og_site_name":"Brevik","article_modified_time":"2026-04-10T09:25:15+00:00","twitter_card":"summary_large_image","twitter_title":"Grundskola i Tyres\u00f6 med f\u00f6rskoleklass-\u00e5k 9 l Noblaskolan Brevik","twitter_description":"L\u00e4s om hur vi arbetar i grundskolan p\u00e5 Noblaskolan Brevik. H\u00e4r finns info om v\u00e5r l\u00e4roplan och undervisning, fr\u00e5n f\u00f6rskoleklass till \u00e5rskurs 6.","twitter_misc":{"Ber\u00e4knad l\u00e4stid":"3 minuter"},"schema":{"@context":"https:\/\/schema.org","@graph":[{"@type":"WebPage","@id":"https:\/\/noblaskolan.se\/brevik\/om\/grundskola\/","url":"https:\/\/noblaskolan.se\/brevik\/om\/grundskola\/","name":"Grundskola i Tyres\u00f6 med f\u00f6rskoleklass-\u00e5k 9 l Noblaskolan Brevik","isPartOf":{"@id":"https:\/\/noblaskolan.se\/brevik\/#website"},"datePublished":"2020-09-01T20:07:07+00:00","dateModified":"2026-04-10T09:25:15+00:00","description":"L\u00e4s om hur vi arbetar i grundskolan p\u00e5 Noblaskolan Brevik. H\u00e4r finns info om v\u00e5r l\u00e4roplan och undervisning, fr\u00e5n f\u00f6rskoleklass till \u00e5rskurs 6.","breadcrumb":{"@id":"https:\/\/noblaskolan.se\/brevik\/om\/grundskola\/#breadcrumb"},"inLanguage":"sv-SE","potentialAction":[{"@type":"ReadAction","target":["https:\/\/noblaskolan.se\/brevik\/om\/grundskola\/"]}]},{"@type":"BreadcrumbList","@id":"https:\/\/noblaskolan.se\/brevik\/om\/grundskola\/#breadcrumb","itemListElement":[{"@type":"ListItem","position":1,"name":"Start","item":"https:\/\/noblaskolan.se\/brevik\/"},{"@type":"ListItem","position":2,"name":"Om oss","item":"https:\/\/noblaskolan.se\/brevik\/om\/"},{"@type":"ListItem","position":3,"name":"Grundskola"}]},{"@type":"WebSite","@id":"https:\/\/noblaskolan.se\/brevik\/#website","url":"https:\/\/noblaskolan.se\/brevik\/","name":"Brevik","description":"Noblaskolan Boden","potentialAction":[{"@type":"SearchAction","target":{"@type":"EntryPoint","urlTemplate":"https:\/\/noblaskolan.se\/brevik\/?s={search_term_string}"},"query-input":"required name=search_term_string"}],"inLanguage":"sv-SE"}]}},"_links":{"self":[{"href":"https:\/\/noblaskolan.se\/brevik\/wp-json\/wp\/v2\/pages\/25"}],"collection":[{"href":"https:\/\/noblaskolan.se\/brevik\/wp-json\/wp\/v2\/pages"}],"about":[{"href":"https:\/\/noblaskolan.se\/brevik\/wp-json\/wp\/v2\/types\/page"}],"author":[{"embeddable":true,"href":"https:\/\/noblaskolan.se\/brevik\/wp-json\/wp\/v2\/users\/1"}],"replies":[{"embeddable":true,"href":"https:\/\/noblaskolan.se\/brevik\/wp-json\/wp\/v2\/comments?post=25"}],"version-history":[{"count":9,"href":"https:\/\/noblaskolan.se\/brevik\/wp-json\/wp\/v2\/pages\/25\/revisions"}],"predecessor-version":[{"id":3368,"href":"https:\/\/noblaskolan.se\/brevik\/wp-json\/wp\/v2\/pages\/25\/revisions\/3368"}],"up":[{"embeddable":true,"href":"https:\/\/noblaskolan.se\/brevik\/wp-json\/wp\/v2\/pages\/20"}],"wp:attachment":[{"href":"https:\/\/noblaskolan.se\/brevik\/wp-json\/wp\/v2\/media?parent=25"}],"curies":[{"name":"wp","href":"https:\/\/api.w.org\/{rel}","templated":true}]}}