{"id":103,"date":"2020-09-10T11:52:15","date_gmt":"2020-09-10T09:52:15","guid":{"rendered":"https:\/\/noblaskolan.se\/brevik\/?page_id=103"},"modified":"2025-09-19T15:17:39","modified_gmt":"2025-09-19T13:17:39","slug":"koanmalan","status":"publish","type":"page","link":"https:\/\/noblaskolan.se\/brevik\/koanmalan\/","title":{"rendered":"K\u00f6anm\u00e4lan"},"content":{"rendered":"\n\t\n\t\n\t\n\n\t\n\t\n\t\t\n<section  class=\"c-block l-stacked  \" data-color-scheme=\"transparent\">\n\t<div class=\"ams-fifty ams-fifty--container ams-fifty--right ams-fifty--bottom l-container u-pt-fluid-2xl-4xl u-pb-fluid-2xl-4xl\">\n\t\t<div class=\"ams-fifty__content l-stack l-stack-xl is-left is-left@lg\">\n\t\t\t<div class=\"ams-fifty__text l-stack l-stack-lg\">\n\t\t\t\t\t\n\t<h1\n\tclass=\"c-heading u-font-title-1 \"\n\tstyle=\"\">\n\t\t\n\t\t\t\t\tSt\u00e4ll ditt barn i k\u00f6 till Noblaskolan Brevik\n\t\t\t\t\n\t<\/h1>\n\n\t\t\t\t\t\t\t\t\t<div class=\"text l-stack u-font-body\">\n\t\t\t\t\t\t<p>Vad roligt att du \u00e4r intresserad av Noblaskolan Brevik. Klicka p\u00e5 knappen nedan f\u00f6r att st\u00e4lla ditt barn i k\u00f6 till skolan. Du kan \u00e4ven l\u00e4sa mer om v\u00e5ra <a href=\"https:\/\/noblaskolan.se\/brevik\/antagning\/\">antagningsrutiner<\/a> och hur processen ser ut. Har du fr\u00e5gor ut\u00f6ver det \u00e4r du v\u00e4lkommen att <a href=\"https:\/\/noblaskolan.se\/brevik\/kontakt\/\">kontakta oss<\/a>.<\/p>\n<p>Vid skyddade personuppgifter, var v\u00e4nlig kontakta skolan f\u00f6r k\u00f6plats.<\/p>\n\n\t\t\t\t\t<\/div>\n\t\t\t\t\t\t\t<\/div>\n\n\t\t\t\t<div class=\"ams-fifty__action u-inline-items\">\n\t\t\t\t\t\t\t\n\n\n<a href=\"https:\/\/servicecenter.tyreso.se\/eservice\/eservicecatalog2.aspx?collapse=true&amp;initialcategory=00000000-0000-0000-0000-000000000007&amp;showcategoryonly=true\"\n\t\n\tclass=\"c-btn \"\n\tdata-style=\"round\"\n\tdata-size=\"md\"\n\tdata-width=\"full-mobile\"\n\tdata-variant=\"default\"\n\ttarget=\"_self\">\n\t\t\t<span class=\"label\"> St\u00e4ll ditt barn i k\u00f6<\/span>\n\t\t\t<\/a>\n\t\t\t<\/div>\n\t\t<\/div>\n\n\t\t <div class=\"ams-fifty__media u-ratio-square\">\n\t\t \t\t\t\t\t<img decoding=\"async\" width=\"600\" height=\"400\" src=\"https:\/\/noblaskolan.se\/wp-content\/uploads\/sites\/34\/2024\/01\/noblaskolan-koanmalan-brevik-202304-scaled-600x400.jpg\" class=\"attachment-md size-md\" alt=\"En l\u00e5gstadieelev p\u00e5 Noblaskolan sitter i klassrummet, tittar glatt in i kameran.\" sizes=\"(min-width: 64em) 600px, calc(100vw - 160px)\" srcset=\"https:\/\/noblaskolan.se\/wp-content\/uploads\/sites\/34\/2024\/01\/noblaskolan-koanmalan-brevik-202304-scaled-600x400.jpg 600w, https:\/\/noblaskolan.se\/wp-content\/uploads\/sites\/34\/2024\/01\/noblaskolan-koanmalan-brevik-202304-scaled-300x200.jpg 300w, https:\/\/noblaskolan.se\/wp-content\/uploads\/sites\/34\/2024\/01\/noblaskolan-koanmalan-brevik-202304-scaled-400x267.jpg 400w, https:\/\/noblaskolan.se\/wp-content\/uploads\/sites\/34\/2024\/01\/noblaskolan-koanmalan-brevik-202304-scaled-800x533.jpg 800w, https:\/\/noblaskolan.se\/wp-content\/uploads\/sites\/34\/2024\/01\/noblaskolan-koanmalan-brevik-202304-scaled-1024x683.jpg 1024w, https:\/\/noblaskolan.se\/wp-content\/uploads\/sites\/34\/2024\/01\/noblaskolan-koanmalan-brevik-202304-scaled-1200x800.jpg 1200w\" \/>\n\t\t\t\n\t\t\t\n\t\t\t\t\t<\/div>\n\t<\/div>\n\n\t\t\n\n<\/section>\n\n\n\n<section \n\t\t class=\"\n\t\t ams-contact\n\t\t \n\t\t c-block l-stacked\n\t\t \n\t\t \n\t\t js-load-more\n\t\t \"\n\t\t data-color-scheme=\"ljusgron\"\n\t\t\t\t\tdata-count=\"3\"\n\t\t\t\t\t\t\tdata-count-mobile=\"2\"\n\t\t\t\t>\n\t<div\n\t\t class=\"\n\t\t l-container\n\t\t l-stack l-stack-fluid-2xl\n\t\t u-pt-fluid-2xl-4xl\n\t\t u-pb-fluid-2xl-4xl\n\t\t is-center\n\t\t is-center@md\n\t\t \">\n\t\t\t\t\t<div class=\"ams-contact__intro l-stack l-stack-lg\">\n\t\t\t\t\t\n\t<h2\n\tclass=\"c-heading u-font-title-1 \"\n\tstyle=\"\">\n\t\t\n\t\t\t\t\tHar du fr\u00e5gor om k\u00f6anm\u00e4lan?\n\t\t\t\t\n\t<\/h2>\n\n\t\t\t\t\t\t\t\t\t<div class=\"c-text l-stack u-cs-xl u-font-body\">\n\t\t\t\t\t\t<p>Ta g\u00e4rna kontakt med oss om du beh\u00f6ver hj\u00e4lp eller har fr\u00e5gor om k\u00f6anm\u00e4lan.<\/p>\n\n\t\t\t\t\t<\/div>\n\t\t\t\t\t\t\t<\/div>\n\t\t\n\t\t\n\t\t    \t\n\t\t\n\t\t<ul\n\t\t\tid=\"contact-grid-69e19e1c9f4c1\"\n\t\t\tclass=\"ams-contact__list l-grid u-gap-fluid-2xl-4xl u-justify-center js-results \"\n\t\t\taria-label=\"Kontakter\"\n\t\t\tdata-filter-animation=\"off\"\n\t\t\t>\n\t\t\t\t\t\t\t\t\t\t\t\n\t\t\t\t\n\t\t\t\t<li class=\"l-col-12 \" data-filter=\"b\">\n\t\t\t\t\t<article class=\"c-card u-justify-center\" data-variant=\"inline\">\n\t\t\t\t\t\t<div class=\"c-card__content u-flex-basis-auto u-flex-grow-0 u-text-center@mobile\">\n\t\t\t\t\t\t\t\t\t\t\t\t\t\t\t<h3 class=\"c-card__title u-font-title-3\">\n\t\t\t\t\t\t\t\t\tCarina Wulfert Isby\n\t\t\t\t\t\t\t\t<\/h3>\n\t\t\t\t\t\t\t\n\t\t\t\t\t\t\t\t\t\t\t\t\t\t\t<p class=\"position u-font-body\">Intendent<\/p>\n\t\t\t\t\t\t\t\n\t\t\t\t\t\t\t\t\t\t\t\t\t\t\t<div class=\"contact-info u-font-body\">\n\t\t\t\t\t\t\t\t\t\t\t\t\t\t\t\t\t\t\t\t\t\t\t\t\t\t\t\t\t\t<p class=\"phone\"><a\n\t\t\t\t\t\t\t\t\t\t\t\t\thref=\"tel:0707727301\"\n\t\t\t\t\t\t\t\t\t\t\t\t\tclass=\"u-text-link\">070-772 73 01<\/a>\n\t\t\t\t\t\t\t\t\t\t\t<\/p>\n\t\t\t\t\t\t\t\t\t\t\t\t\t\t\t\t\t\t\t\n\t\t\t\t\t\t\t\t\t\t\t\t\t\t\t\t\t\t\t\t\t\t\t\t\t\t\t\t\t\t<p class=\"email\"><a\n\t\t\t\t\t\t\t\t\t\t\t\t\thref=\"m&#097;ilto:c&#097;ri&#110;a.&#119;u&#108;fe&#114;t&#064;nob&#108;a&#115;k&#111;l&#097;&#110;.s&#101;\"\n\t\t\t\t\t\t\t\t\t\t\t\t\tclass=\"u-text-link\">&#099;&#097;&#114;&#105;n&#097;&#046;wu&#108;&#102;&#101;r&#116;&#064;nobla&#115;kol&#097;&#110;&#046;se<\/a>\n\t\t\t\t\t\t\t\t\t\t\t<\/p>\n\t\t\t\t\t\t\t\t\t\t\t\t\t\t\t\t\t\t\t\t\t\t\t\t\t\t\t<\/div>\n\t\t\t\t\t\t\t\n\t\t\t\t\t\t\t\t\t\t\t\t\t<\/div>\n\t\t\t\t\t\t<div class=\"c-card__media\">\n\t\t\t\t\t\t\t\t\t\t\t\t\t\t\t\t\t\t\t\t\t\t\t\t\t\t\t\t\t\t\t\t\t\t\t\t\t\t\t\t\t\t\t\t\t\t\t\t\t<img decoding=\"async\" width=\"400\" height=\"294\" src=\"https:\/\/noblaskolan.se\/wp-content\/uploads\/sites\/34\/2022\/11\/carina-wulfert-isby.jpg\" class=\"u-radius-square u-ratio-landscape  \" alt=\"Personportr\u00e4tt.\" sizes=\"(max-width: 300px) 100vw, 300px\" srcset=\"https:\/\/noblaskolan.se\/wp-content\/uploads\/sites\/34\/2022\/11\/carina-wulfert-isby.jpg 400w, https:\/\/noblaskolan.se\/wp-content\/uploads\/sites\/34\/2022\/11\/carina-wulfert-isby-300x221.jpg 300w\" \/>\n\t\t\t\t\t\t<\/div>\n\t\t\t\t\t<\/article>\n\t\t\t\t<\/li>\n\t\t\t\t\t<\/ul>\n\n\t\t\n\t\t    <div class=\"ams-contact__more u-inline-items js-load-more-btn\">\n        <button href=\"#\"\n                class=\"c-btn\"\n                data-style=\"round\"\n                data-size=\"md\"\n                data-width=\"full-mobile\"\n                data-variant=\"outline\">\n        \tVisa mer\n        <\/button>\n    <\/div>\n\n\t\t\t<\/div>\n\n\t\t\n\n<\/section>\n\n\n\n\n<section  class=\"ams-info-card c-block l-stacked\" data-color-scheme=\"bakgrund-hover-standard\">\n\t<div class=\"l-container l-stack l-stack-fluid-2xl u-pt-fluid-2xl-4xl u-pb-fluid-2xl-4xl is-center is-center@md\">\n\t\t\t\t\t<div class=\"ams-info-card__intro l-stack l-stack-lg\">\n\t\t\t\t\t\n\t<h2\n\tclass=\"c-heading u-font-title-1 \"\n\tstyle=\"\">\n\t\t\n\t\t\t\t\tVill du veta mer om Noblaskolan Brevik?\n\t\t\t\t\n\t<\/h2>\n\n\t\t\t\t\t\t\t<\/div>\n\t\t\n\t\t\t\t\t\n<ul class=\"ams-info-card__list l-grid u-gap-2xl\">\n\t\t\t<li class=\"l-col-6@md l-col-4@lg\">\n\t\t\t<article\n\t\t\t\tclass=\"\n\t\t\t\tc-card\n\t\t\t\t\n\t\t\t\thas-media-zoom\n\t\t\t\t\n\t\t\t\t\"\n\t\t\t\tdata-variant=\"space\"\n\t\t\t\tdata-style=\"square\"\n\t\t\t\t data-click-area\n\t\t\t\t\n\t\t\t\t\n\t\t\t\t>\n\t\t\t\t<div class=\"c-card__content l-stack l-stack-sm is-center is-center@md\">\n\t\t\t\t\t\t\t\t\t\t\t<h3 class=\"c-card__title u-font-title-3\">\n\t\t\t\t\t\t\t\t\t\t\t\t\t\t\t<a class=\"c-card__link\" href=\"https:\/\/noblaskolan.se\/brevik\/om\/\" target=\"_self\">\n\t\t\t\t\t\t\t\t\tVill du veta mer om oss?\n\t\t\t\t\t\t\t\t<\/a>\n\t\t\t\t\t\t\t\t\t\t\t\t\t<\/h3>\n\t\t\t\t\t\n\t\t\t\t\t\t\t\t\t\t\t<div class=\"c-card__text l-stack-xs u-font-body\">\n\t\t\t\t\t\t\t<p>L\u00e4s mer om skolan, hur vi jobbar och vad som \u00e4r viktigt f\u00f6r oss f\u00f6r att l\u00e4ra k\u00e4nna oss b\u00e4ttre.<\/p>\n\n\t\t\t\t\t\t<\/div>\n\t\t\t\t\t\n\t\t\t\t\t\t\t\t\t\t\t<div class=\"c-card__icon c-card__icon--nl\">\n\t\t\t\t\t\t\t\t\t\t\t\t\t\t<svg class=\"ams-icon ams-icon--arrow-right\" width=\"32\" height=\"32\" viewbox=\"0 0 32 32\" fill=\"currentColor\" aria-hidden=\"true\" xmlns=\"http:\/\/www.w3.org\/2000\/svg\">\n\t\t\t\t\t\t\t\t\t\t\t\t\t\t\t\t<path d=\"M15.4617 0.252159L14.9567 0.75931C14.6219 1.09545 14.6219 1.64048 14.9567 1.97669L27.7062 14.7806H0.857144C0.383786 14.7806 0 15.166 0 15.6414V16.3587C0 16.8341 0.383786 17.2195 0.857144 17.2195H27.7062L14.9567 30.0234C14.6219 30.3595 14.6219 30.9045 14.9567 31.2407L15.4617 31.7479C15.7964 32.084 16.3392 32.084 16.6739 31.7479L31.749 16.6087C32.0837 16.2725 32.0837 15.7275 31.749 15.3913L16.6739 0.252159C16.3392 -0.084053 15.7964 -0.084053 15.4617 0.252159Z\"\/>\n\t\t\t\t\t\t\t\n\t\t\t\t\t\t\t<\/svg>\n\t\t\t\t\t\t<\/div>\n\t\t\t\t\t\t\t\t\t<\/div>\n\n\t\t\t\t\t\t\t\t\t<div class=\"c-card__media \" style=\" \">\n\t\t\t\t\t\t<img decoding=\"async\" width=\"400\" height=\"267\" src=\"https:\/\/noblaskolan.se\/wp-content\/uploads\/2022\/07\/noblaskolan-om-skolan-202304-scaled-e1706252531876-400x267.jpg\" class=\"\" alt=\"Mellanstadieelever p\u00e5 Noblaskolan sitter i klassrummet under en lektion.\" sizes=\"(min-width: 64em) 300px, (min-width: 48em) calc(.50 * (100vw - 304px)), calc(100vw - 208px)\" srcset=\"https:\/\/noblaskolan.se\/wp-content\/uploads\/2022\/07\/noblaskolan-om-skolan-202304-scaled-e1706252531876-400x267.jpg 400w, https:\/\/noblaskolan.se\/wp-content\/uploads\/2022\/07\/noblaskolan-om-skolan-202304-scaled-e1706252531876-300x200.jpg 300w, https:\/\/noblaskolan.se\/wp-content\/uploads\/2022\/07\/noblaskolan-om-skolan-202304-scaled-e1706252531876-600x400.jpg 600w, https:\/\/noblaskolan.se\/wp-content\/uploads\/2022\/07\/noblaskolan-om-skolan-202304-scaled-e1706252531876-800x533.jpg 800w, https:\/\/noblaskolan.se\/wp-content\/uploads\/2022\/07\/noblaskolan-om-skolan-202304-scaled-e1706252531876-1024x683.jpg 1024w, https:\/\/noblaskolan.se\/wp-content\/uploads\/2022\/07\/noblaskolan-om-skolan-202304-scaled-e1706252531876-1200x800.jpg 1200w, https:\/\/noblaskolan.se\/wp-content\/uploads\/2022\/07\/noblaskolan-om-skolan-202304-scaled-e1706252531876.jpg 1770w\" \/>\n\t\t\t\t\t<\/div>\n\t\t\t\t\t\t\t<\/article>\n\t\t<\/li>\n\t\t\t<li class=\"l-col-6@md l-col-4@lg\">\n\t\t\t<article\n\t\t\t\tclass=\"\n\t\t\t\tc-card\n\t\t\t\t\n\t\t\t\thas-media-zoom\n\t\t\t\t\n\t\t\t\t\"\n\t\t\t\tdata-variant=\"space\"\n\t\t\t\tdata-style=\"square\"\n\t\t\t\t data-click-area\n\t\t\t\t\n\t\t\t\t\n\t\t\t\t>\n\t\t\t\t<div class=\"c-card__content l-stack l-stack-sm is-center is-center@md\">\n\t\t\t\t\t\t\t\t\t\t\t<h3 class=\"c-card__title u-font-title-3\">\n\t\t\t\t\t\t\t\t\t\t\t\t\t\t\t<a class=\"c-card__link\" href=\"https:\/\/noblaskolan.se\/brevik\/besok\/\" target=\"_self\">\n\t\t\t\t\t\t\t\t\tVill du bes\u00f6ka oss?\n\t\t\t\t\t\t\t\t<\/a>\n\t\t\t\t\t\t\t\t\t\t\t\t\t<\/h3>\n\t\t\t\t\t\n\t\t\t\t\t\t\t\t\t\t\t<div class=\"c-card__text l-stack-xs u-font-body\">\n\t\t\t\t\t\t\t<p>Om du vill f\u00e5 en b\u00e4ttre bild av skolan och v\u00e5rt arbetss\u00e4tt \u00e4r du varmt v\u00e4lkommen att bes\u00f6ka oss.<\/p>\n\n\t\t\t\t\t\t<\/div>\n\t\t\t\t\t\n\t\t\t\t\t\t\t\t\t\t\t<div class=\"c-card__icon c-card__icon--nl\">\n\t\t\t\t\t\t\t\t\t\t\t\t\t\t<svg class=\"ams-icon ams-icon--arrow-right\" width=\"32\" height=\"32\" viewbox=\"0 0 32 32\" fill=\"currentColor\" aria-hidden=\"true\" xmlns=\"http:\/\/www.w3.org\/2000\/svg\">\n\t\t\t\t\t\t\t\t\t\t\t\t\t\t\t\t<path d=\"M15.4617 0.252159L14.9567 0.75931C14.6219 1.09545 14.6219 1.64048 14.9567 1.97669L27.7062 14.7806H0.857144C0.383786 14.7806 0 15.166 0 15.6414V16.3587C0 16.8341 0.383786 17.2195 0.857144 17.2195H27.7062L14.9567 30.0234C14.6219 30.3595 14.6219 30.9045 14.9567 31.2407L15.4617 31.7479C15.7964 32.084 16.3392 32.084 16.6739 31.7479L31.749 16.6087C32.0837 16.2725 32.0837 15.7275 31.749 15.3913L16.6739 0.252159C16.3392 -0.084053 15.7964 -0.084053 15.4617 0.252159Z\"\/>\n\t\t\t\t\t\t\t\n\t\t\t\t\t\t\t<\/svg>\n\t\t\t\t\t\t<\/div>\n\t\t\t\t\t\t\t\t\t<\/div>\n\n\t\t\t\t\t\t\t\t\t<div class=\"c-card__media \" style=\" \">\n\t\t\t\t\t\t<img decoding=\"async\" width=\"400\" height=\"267\" src=\"https:\/\/noblaskolan.se\/wp-content\/uploads\/2022\/07\/noblaskolan-besok-202304-scaled-e1706252440872-400x267.jpg\" class=\"\" alt=\"En l\u00e5gstadieelev p\u00e5 Noblaskolan tittar glatt p\u00e5 sin l\u00e4rare.\" sizes=\"(min-width: 64em) 300px, (min-width: 48em) calc(.50 * (100vw - 304px)), calc(100vw - 208px)\" srcset=\"https:\/\/noblaskolan.se\/wp-content\/uploads\/2022\/07\/noblaskolan-besok-202304-scaled-e1706252440872-400x267.jpg 400w, https:\/\/noblaskolan.se\/wp-content\/uploads\/2022\/07\/noblaskolan-besok-202304-scaled-e1706252440872-300x200.jpg 300w, https:\/\/noblaskolan.se\/wp-content\/uploads\/2022\/07\/noblaskolan-besok-202304-scaled-e1706252440872-600x400.jpg 600w, https:\/\/noblaskolan.se\/wp-content\/uploads\/2022\/07\/noblaskolan-besok-202304-scaled-e1706252440872-800x534.jpg 800w, https:\/\/noblaskolan.se\/wp-content\/uploads\/2022\/07\/noblaskolan-besok-202304-scaled-e1706252440872-1024x683.jpg 1024w, https:\/\/noblaskolan.se\/wp-content\/uploads\/2022\/07\/noblaskolan-besok-202304-scaled-e1706252440872-1200x800.jpg 1200w, https:\/\/noblaskolan.se\/wp-content\/uploads\/2022\/07\/noblaskolan-besok-202304-scaled-e1706252440872.jpg 2000w\" \/>\n\t\t\t\t\t<\/div>\n\t\t\t\t\t\t\t<\/article>\n\t\t<\/li>\n\t\t\t<li class=\"l-col-6@md l-col-4@lg\">\n\t\t\t<article\n\t\t\t\tclass=\"\n\t\t\t\tc-card\n\t\t\t\t\n\t\t\t\thas-media-zoom\n\t\t\t\t\n\t\t\t\t\"\n\t\t\t\tdata-variant=\"space\"\n\t\t\t\tdata-style=\"square\"\n\t\t\t\t data-click-area\n\t\t\t\t\n\t\t\t\t\n\t\t\t\t>\n\t\t\t\t<div class=\"c-card__content l-stack l-stack-sm is-center is-center@md\">\n\t\t\t\t\t\t\t\t\t\t\t<h3 class=\"c-card__title u-font-title-3\">\n\t\t\t\t\t\t\t\t\t\t\t\t\t\t\t<a class=\"c-card__link\" href=\"https:\/\/noblaskolan.se\/brevik\/antagning\/\" target=\"_self\">\n\t\t\t\t\t\t\t\t\tHur g\u00e5r antagningen till?\n\t\t\t\t\t\t\t\t<\/a>\n\t\t\t\t\t\t\t\t\t\t\t\t\t<\/h3>\n\t\t\t\t\t\n\t\t\t\t\t\t\t\t\t\t\t<div class=\"c-card__text l-stack-xs u-font-body\">\n\t\t\t\t\t\t\t<p>L\u00e4s mer om hur antagningsprocessen g\u00e5r till och f\u00e5 svar p\u00e5 de vanligaste fr\u00e5gorna.<\/p>\n\n\t\t\t\t\t\t<\/div>\n\t\t\t\t\t\n\t\t\t\t\t\t\t\t\t\t\t<div class=\"c-card__icon c-card__icon--nl\">\n\t\t\t\t\t\t\t\t\t\t\t\t\t\t<svg class=\"ams-icon ams-icon--arrow-right\" width=\"32\" height=\"32\" viewbox=\"0 0 32 32\" fill=\"currentColor\" aria-hidden=\"true\" xmlns=\"http:\/\/www.w3.org\/2000\/svg\">\n\t\t\t\t\t\t\t\t\t\t\t\t\t\t\t\t<path d=\"M15.4617 0.252159L14.9567 0.75931C14.6219 1.09545 14.6219 1.64048 14.9567 1.97669L27.7062 14.7806H0.857144C0.383786 14.7806 0 15.166 0 15.6414V16.3587C0 16.8341 0.383786 17.2195 0.857144 17.2195H27.7062L14.9567 30.0234C14.6219 30.3595 14.6219 30.9045 14.9567 31.2407L15.4617 31.7479C15.7964 32.084 16.3392 32.084 16.6739 31.7479L31.749 16.6087C32.0837 16.2725 32.0837 15.7275 31.749 15.3913L16.6739 0.252159C16.3392 -0.084053 15.7964 -0.084053 15.4617 0.252159Z\"\/>\n\t\t\t\t\t\t\t\n\t\t\t\t\t\t\t<\/svg>\n\t\t\t\t\t\t<\/div>\n\t\t\t\t\t\t\t\t\t<\/div>\n\n\t\t\t\t\t\t\t\t\t<div class=\"c-card__media \" style=\" \">\n\t\t\t\t\t\t<img decoding=\"async\" width=\"400\" height=\"267\" src=\"https:\/\/noblaskolan.se\/wp-content\/uploads\/2022\/07\/noblaskolan-antagningsprocess-202304-scaled-e1706252457273-400x267.jpg\" class=\"\" alt=\"Elev p\u00e5 Noblaskolan sitter vid en skolb\u00e4nk p\u00e5 lektion och ler in i kameran.\" sizes=\"(min-width: 64em) 300px, (min-width: 48em) calc(.50 * (100vw - 304px)), calc(100vw - 208px)\" srcset=\"https:\/\/noblaskolan.se\/wp-content\/uploads\/2022\/07\/noblaskolan-antagningsprocess-202304-scaled-e1706252457273-400x267.jpg 400w, https:\/\/noblaskolan.se\/wp-content\/uploads\/2022\/07\/noblaskolan-antagningsprocess-202304-scaled-e1706252457273-300x200.jpg 300w, https:\/\/noblaskolan.se\/wp-content\/uploads\/2022\/07\/noblaskolan-antagningsprocess-202304-scaled-e1706252457273-600x400.jpg 600w, https:\/\/noblaskolan.se\/wp-content\/uploads\/2022\/07\/noblaskolan-antagningsprocess-202304-scaled-e1706252457273-800x534.jpg 800w, https:\/\/noblaskolan.se\/wp-content\/uploads\/2022\/07\/noblaskolan-antagningsprocess-202304-scaled-e1706252457273-1024x683.jpg 1024w, https:\/\/noblaskolan.se\/wp-content\/uploads\/2022\/07\/noblaskolan-antagningsprocess-202304-scaled-e1706252457273-1200x800.jpg 1200w, https:\/\/noblaskolan.se\/wp-content\/uploads\/2022\/07\/noblaskolan-antagningsprocess-202304-scaled-e1706252457273.jpg 2000w\" \/>\n\t\t\t\t\t<\/div>\n\t\t\t\t\t\t\t<\/article>\n\t\t<\/li>\n\t<\/ul>\n\t\n\t\t\t<\/div>\n\n\t\t\n\n<\/section>\n","protected":false},"excerpt":{"rendered":"","protected":false},"author":3,"featured_media":0,"parent":0,"menu_order":0,"comment_status":"closed","ping_status":"closed","template":"","meta":{"footnotes":""},"yoast_head":"<!-- This site is optimized with the Yoast SEO plugin v22.0 - https:\/\/yoast.com\/wordpress\/plugins\/seo\/ -->\n<title>K\u00f6anm\u00e4lan | Noblaskolan Brevik<\/title>\n<meta name=\"description\" content=\"L\u00e4s mer om hur du st\u00e4ller ditt barn i k\u00f6 till Noblaskolan Brevik. H\u00e4r f\u00e5r du se hur det fungerar steg f\u00f6r steg. Kontakta oss vid fr\u00e5gor.\" \/>\n<meta name=\"robots\" content=\"index, follow, max-snippet:-1, max-image-preview:large, max-video-preview:-1\" \/>\n<link rel=\"canonical\" href=\"https:\/\/noblaskolan.se\/brevik\/koanmalan\/\" \/>\n<meta property=\"og:locale\" content=\"sv_SE\" \/>\n<meta property=\"og:type\" content=\"article\" \/>\n<meta property=\"og:title\" content=\"K\u00f6anm\u00e4lan | Noblaskolan Brevik\" \/>\n<meta property=\"og:description\" content=\"L\u00e4s mer om hur du st\u00e4ller ditt barn i k\u00f6 till Noblaskolan Brevik. H\u00e4r f\u00e5r du se hur det fungerar steg f\u00f6r steg. Kontakta oss vid fr\u00e5gor.\" \/>\n<meta property=\"og:url\" content=\"https:\/\/noblaskolan.se\/brevik\/koanmalan\/\" \/>\n<meta property=\"og:site_name\" content=\"Brevik\" \/>\n<meta property=\"article:modified_time\" content=\"2025-09-19T13:17:39+00:00\" \/>\n<meta name=\"twitter:card\" content=\"summary_large_image\" \/>\n<meta name=\"twitter:title\" content=\"K\u00f6anm\u00e4lan | Noblaskolan Brevik\" \/>\n<meta name=\"twitter:description\" content=\"L\u00e4s mer om hur du st\u00e4ller ditt barn i k\u00f6 till Noblaskolan Brevik. H\u00e4r f\u00e5r du se hur det fungerar steg f\u00f6r steg. Kontakta oss vid fr\u00e5gor.\" \/>\n<meta name=\"twitter:label1\" content=\"Ber\u00e4knad l\u00e4stid\" \/>\n\t<meta name=\"twitter:data1\" content=\"1 minut\" \/>\n<script type=\"application\/ld+json\" class=\"yoast-schema-graph\">{\"@context\":\"https:\/\/schema.org\",\"@graph\":[{\"@type\":\"WebPage\",\"@id\":\"https:\/\/noblaskolan.se\/brevik\/koanmalan\/\",\"url\":\"https:\/\/noblaskolan.se\/brevik\/koanmalan\/\",\"name\":\"K\u00f6anm\u00e4lan | Noblaskolan Brevik\",\"isPartOf\":{\"@id\":\"https:\/\/noblaskolan.se\/brevik\/#website\"},\"datePublished\":\"2020-09-10T09:52:15+00:00\",\"dateModified\":\"2025-09-19T13:17:39+00:00\",\"description\":\"L\u00e4s mer om hur du st\u00e4ller ditt barn i k\u00f6 till Noblaskolan Brevik. H\u00e4r f\u00e5r du se hur det fungerar steg f\u00f6r steg. Kontakta oss vid fr\u00e5gor.\",\"breadcrumb\":{\"@id\":\"https:\/\/noblaskolan.se\/brevik\/koanmalan\/#breadcrumb\"},\"inLanguage\":\"sv-SE\",\"potentialAction\":[{\"@type\":\"ReadAction\",\"target\":[\"https:\/\/noblaskolan.se\/brevik\/koanmalan\/\"]}]},{\"@type\":\"BreadcrumbList\",\"@id\":\"https:\/\/noblaskolan.se\/brevik\/koanmalan\/#breadcrumb\",\"itemListElement\":[{\"@type\":\"ListItem\",\"position\":1,\"name\":\"Start\",\"item\":\"https:\/\/noblaskolan.se\/brevik\/\"},{\"@type\":\"ListItem\",\"position\":2,\"name\":\"K\u00f6anm\u00e4lan\"}]},{\"@type\":\"WebSite\",\"@id\":\"https:\/\/noblaskolan.se\/brevik\/#website\",\"url\":\"https:\/\/noblaskolan.se\/brevik\/\",\"name\":\"Brevik\",\"description\":\"Noblaskolan Boden\",\"potentialAction\":[{\"@type\":\"SearchAction\",\"target\":{\"@type\":\"EntryPoint\",\"urlTemplate\":\"https:\/\/noblaskolan.se\/brevik\/?s={search_term_string}\"},\"query-input\":\"required name=search_term_string\"}],\"inLanguage\":\"sv-SE\"}]}<\/script>\n<!-- \/ Yoast SEO plugin. -->","yoast_head_json":{"title":"K\u00f6anm\u00e4lan | Noblaskolan Brevik","description":"L\u00e4s mer om hur du st\u00e4ller ditt barn i k\u00f6 till Noblaskolan Brevik. H\u00e4r f\u00e5r du se hur det fungerar steg f\u00f6r steg. Kontakta oss vid fr\u00e5gor.","robots":{"index":"index","follow":"follow","max-snippet":"max-snippet:-1","max-image-preview":"max-image-preview:large","max-video-preview":"max-video-preview:-1"},"canonical":"https:\/\/noblaskolan.se\/brevik\/koanmalan\/","og_locale":"sv_SE","og_type":"article","og_title":"K\u00f6anm\u00e4lan | Noblaskolan Brevik","og_description":"L\u00e4s mer om hur du st\u00e4ller ditt barn i k\u00f6 till Noblaskolan Brevik. H\u00e4r f\u00e5r du se hur det fungerar steg f\u00f6r steg. Kontakta oss vid fr\u00e5gor.","og_url":"https:\/\/noblaskolan.se\/brevik\/koanmalan\/","og_site_name":"Brevik","article_modified_time":"2025-09-19T13:17:39+00:00","twitter_card":"summary_large_image","twitter_title":"K\u00f6anm\u00e4lan | Noblaskolan Brevik","twitter_description":"L\u00e4s mer om hur du st\u00e4ller ditt barn i k\u00f6 till Noblaskolan Brevik. H\u00e4r f\u00e5r du se hur det fungerar steg f\u00f6r steg. Kontakta oss vid fr\u00e5gor.","twitter_misc":{"Ber\u00e4knad l\u00e4stid":"1 minut"},"schema":{"@context":"https:\/\/schema.org","@graph":[{"@type":"WebPage","@id":"https:\/\/noblaskolan.se\/brevik\/koanmalan\/","url":"https:\/\/noblaskolan.se\/brevik\/koanmalan\/","name":"K\u00f6anm\u00e4lan | Noblaskolan Brevik","isPartOf":{"@id":"https:\/\/noblaskolan.se\/brevik\/#website"},"datePublished":"2020-09-10T09:52:15+00:00","dateModified":"2025-09-19T13:17:39+00:00","description":"L\u00e4s mer om hur du st\u00e4ller ditt barn i k\u00f6 till Noblaskolan Brevik. H\u00e4r f\u00e5r du se hur det fungerar steg f\u00f6r steg. Kontakta oss vid fr\u00e5gor.","breadcrumb":{"@id":"https:\/\/noblaskolan.se\/brevik\/koanmalan\/#breadcrumb"},"inLanguage":"sv-SE","potentialAction":[{"@type":"ReadAction","target":["https:\/\/noblaskolan.se\/brevik\/koanmalan\/"]}]},{"@type":"BreadcrumbList","@id":"https:\/\/noblaskolan.se\/brevik\/koanmalan\/#breadcrumb","itemListElement":[{"@type":"ListItem","position":1,"name":"Start","item":"https:\/\/noblaskolan.se\/brevik\/"},{"@type":"ListItem","position":2,"name":"K\u00f6anm\u00e4lan"}]},{"@type":"WebSite","@id":"https:\/\/noblaskolan.se\/brevik\/#website","url":"https:\/\/noblaskolan.se\/brevik\/","name":"Brevik","description":"Noblaskolan Boden","potentialAction":[{"@type":"SearchAction","target":{"@type":"EntryPoint","urlTemplate":"https:\/\/noblaskolan.se\/brevik\/?s={search_term_string}"},"query-input":"required name=search_term_string"}],"inLanguage":"sv-SE"}]}},"_links":{"self":[{"href":"https:\/\/noblaskolan.se\/brevik\/wp-json\/wp\/v2\/pages\/103"}],"collection":[{"href":"https:\/\/noblaskolan.se\/brevik\/wp-json\/wp\/v2\/pages"}],"about":[{"href":"https:\/\/noblaskolan.se\/brevik\/wp-json\/wp\/v2\/types\/page"}],"author":[{"embeddable":true,"href":"https:\/\/noblaskolan.se\/brevik\/wp-json\/wp\/v2\/users\/3"}],"replies":[{"embeddable":true,"href":"https:\/\/noblaskolan.se\/brevik\/wp-json\/wp\/v2\/comments?post=103"}],"version-history":[{"count":10,"href":"https:\/\/noblaskolan.se\/brevik\/wp-json\/wp\/v2\/pages\/103\/revisions"}],"predecessor-version":[{"id":3288,"href":"https:\/\/noblaskolan.se\/brevik\/wp-json\/wp\/v2\/pages\/103\/revisions\/3288"}],"wp:attachment":[{"href":"https:\/\/noblaskolan.se\/brevik\/wp-json\/wp\/v2\/media?parent=103"}],"curies":[{"name":"wp","href":"https:\/\/api.w.org\/{rel}","templated":true}]}}